{"id":1001,"date":"2023-05-11T16:40:16","date_gmt":"2023-05-11T14:40:16","guid":{"rendered":"http:\/\/corporate.quadram.site\/master\/?page_id=1001"},"modified":"2023-06-08T08:48:56","modified_gmt":"2023-06-08T06:48:56","slug":"ergolite-deutsch","status":"publish","type":"page","link":"https:\/\/corporate.quadram.site\/?page_id=1001","title":{"rendered":"ErgoLite"},"content":{"rendered":"\n<div style=\"height:25px\" aria-hidden=\"true\" class=\"wp-block-spacer\"><\/div>\n\n\n\n\n\n<div class=\"wp-block-columns is-layout-flex wp-container-core-columns-is-layout-9d6595d7 wp-block-columns-is-layout-flex\">\n<div class=\"wp-block-column is-layout-flow wp-block-column-is-layout-flow\">\n<div style=\"height:50px\" aria-hidden=\"true\" class=\"wp-block-spacer\"><\/div>\n\n\n\n<div class=\"wp-block-columns is-layout-flex wp-container-core-columns-is-layout-9d6595d7 wp-block-columns-is-layout-flex\">\n<div class=\"wp-block-column is-layout-flow wp-block-column-is-layout-flow\"><div class=\"wp-block-image\">\n<figure class=\"aligncenter size-large is-resized\"><img loading=\"lazy\" decoding=\"async\" src=\"http:\/\/corporate.quadram.site\/master\/wp-content\/uploads\/2023\/05\/Cover-EL-689x1024.png\" alt=\"Produit ErgoLite\" class=\"wp-image-84\" width=\"250\" height=\"350\"\/><\/figure>\n<\/div><\/div>\n\n\n\n<div class=\"wp-block-column is-layout-flow wp-block-column-is-layout-flow\">\n<div class=\"wp-block-group\"><div class=\"wp-block-group__inner-container is-layout-constrained wp-block-group-is-layout-constrained\">\n<div style=\"height:25px\" aria-hidden=\"true\" class=\"wp-block-spacer\"><\/div>\n\n\n\n<figure class=\"wp-block-image size-full is-resized\"><img loading=\"lazy\" decoding=\"async\" src=\"http:\/\/corporate.quadram.site\/master\/wp-content\/uploads\/2023\/05\/Logo-EL-crop.png\" alt=\"Logo Produit ErgoLite\" class=\"wp-image-101\" width=\"288\" height=\"97\" srcset=\"https:\/\/corporate.quadram.site\/wp-content\/uploads\/2023\/05\/Logo-EL-crop.png 576w, https:\/\/corporate.quadram.site\/wp-content\/uploads\/2023\/05\/Logo-EL-crop-300x101.png 300w\" sizes=\"auto, (max-width: 288px) 100vw, 288px\" \/><\/figure>\n\n\n\n<div style=\"height:25px\" aria-hidden=\"true\" class=\"wp-block-spacer\"><\/div>\n\n\n\n<p><strong>Die Lite-Version des Programms ErgoArchitekt.<\/strong><\/p>\n\n\n\n<p>Beginnen Sie jetzt Ihre Ergo-Erfahrung nur f\u00fcr 790,00 \u20ac (oMwSt)<\/p>\n<\/div><\/div>\n<\/div>\n<\/div>\n\n\n\n<div style=\"height:100px\" aria-hidden=\"true\" class=\"wp-block-spacer\"><\/div>\n<\/div>\n<\/div>\n\n\n\n<div class=\"wp-block-cover alignfull\"><span aria-hidden=\"true\" class=\"wp-block-cover__background has-nv-light-bg-background-color has-background-dim-100 has-background-dim\"><\/span><div class=\"wp-block-cover__inner-container is-layout-flow wp-block-cover-is-layout-flow\">\n<div style=\"height:100px\" aria-hidden=\"true\" class=\"wp-block-spacer\"><\/div>\n\n\n\n<div class=\"wp-block-columns is-layout-flex wp-container-core-columns-is-layout-9d6595d7 wp-block-columns-is-layout-flex\">\n<div class=\"wp-block-column is-layout-flow wp-block-column-is-layout-flow\">\n<h2 class=\"wp-block-heading has-neve-text-color-color has-text-color\">Beschreibung<\/h2>\n\n\n\n<p class=\"has-neve-text-color-color has-text-color\">Die Version LITE des Programms&nbsp;ERGO \u2018Architekt\u2019&nbsp;bietet eine gro\u00dfe Auswahl der Funktionen der Vollversion. Diese Funktionen k\u00f6nnen bereits den Anspr\u00fcchen eines kleinen Architekten- oder Planungsb\u00fcros, der Startups und einzelner Personen gen\u00fcgen. Das Upgrade zur Vollversion ist jederzeit m\u00f6glich.<\/p>\n\n\n\n<p class=\"has-neve-text-color-color has-text-color\">Mit Ergo LITE k\u00f6nnen Sie schon Leistungstexte-Kataloge benutzen, Projekte aufbauen und Ihre Kostenvoranschl\u00e4ge und Leistungsverzeichnisse mit der gleichen Leichtigkeit wie mit der Vollversion von Ergo erstellen. Nat\u00fcrlich geh\u00f6ren die Verwaltung der Angebote und der Preisspiegel wie auch die Funktionen von Import \/ Export dazu. Sie k\u00f6nnen also sofort mit Arbeiten beginnen!<\/p>\n\n\n\n<p class=\"has-neve-text-color-color has-text-color\">Ergo LITE bietet die gleiche mehrsprachige (Englisch, Franz\u00f6sisch, Deutsch, Niederl\u00e4ndisch) Benutzeroberfl\u00e4che wie die Vollversion und sie kann auch die LVs in 2 Sprachen gleichzeitig erstellen.<\/p>\n\n\n\n<h4 class=\"wp-block-heading has-neve-text-color-color has-text-color\"><strong>Speziell f\u00fcr Belgien:<\/strong><\/h4>\n\n\n\n<p class=\"has-neve-text-color-color has-text-color\">Die Kataloge von SWL-CDC 2009 und RDG-RDB 904 (auf Franz\u00f6sisch und Niederl\u00e4ndisch) sind komplett in Ergo LITE integriert.<\/p>\n\n\n\n<div class=\"wp-block-file\"><a id=\"wp-block-file--media-f9b503e3-70e6-4a87-b3e6-cf59d856f7ea\" href=\"http:\/\/corporate.quadram.site\/master\/wp-content\/uploads\/2023\/05\/Comparatif-Fonctionnalites-ErgoLite-ErgoArchitecte-de.pdf\" target=\"_blank\" rel=\"noreferrer noopener\">F\u00fcr eine detaillierte Liste der vorhandenen Funktionen sehe&nbsp;Liste der Funktionalitaten<br><\/a><\/div>\n<\/div>\n\n\n\n<div class=\"wp-block-column is-layout-flow wp-block-column-is-layout-flow\">\n<h2 class=\"wp-block-heading has-neve-text-color-color has-text-color\">Einzelheiten<\/h2>\n\n\n\n<h4 class=\"wp-block-heading has-neve-text-color-color has-text-color\"><strong><strong>Pr\u00e4sentation<\/strong><\/strong><\/h4>\n\n\n\n<p class=\"has-neve-text-color-color has-text-color\">Quadram kann eine Pr\u00e4sentation der ErgoLite-Software auf Anfrage an die Verkaufsabteilung :<\/p>\n\n\n\n<ul class=\"has-neve-text-color-color has-text-color wp-block-list\">\n<li><strong>email<\/strong> :&nbsp;<a href=\"mailto:info@quadram.lu\">info@quadram.lu<\/a>&nbsp;<\/li>\n\n\n\n<li><strong>telefon<\/strong> : +352 58 22 16 1 <\/li>\n<\/ul>\n\n\n\n<h4 class=\"wp-block-heading has-neve-text-color-color has-text-color\"><strong><strong><strong>System-Konfiguration<\/strong><\/strong><\/strong><\/h4>\n\n\n\n<p class=\"has-neve-text-color-color has-text-color\"><strong>PC<\/strong>: alle Windows-Versionen (32\/64 bit)<br><strong>Mac<\/strong>: Wenn Sie einen Windows-Emulator wie \u00abParallels Desktop\u00bb verwenden, k\u00f6nnen Sie problemlos Ergo so wie Ihre anderen Mac-Programme benutzen.<\/p>\n\n\n\n<h4 class=\"wp-block-heading has-neve-text-color-color has-text-color\"><strong><strong><strong><strong>Schulung<\/strong><\/strong><\/strong><\/strong><\/h4>\n\n\n\n<p class=\"has-neve-text-color-color has-text-color\">Quadram kann Ihnen eine Schulung auf Anfrage anbieten. F\u00fcr Preise und Termine melden Sie sich bitte bei&nbsp;<a href=\"mailto:info@quadram.lu\">info@quadram.lu<\/a>.<\/p>\n\n\n\n<h4 class=\"wp-block-heading has-neve-text-color-color has-text-color\"><strong><strong><strong><strong>Technische Unterst\u00fctzung<\/strong><\/strong><\/strong><\/strong><\/h4>\n\n\n\n<p class=\"has-neve-text-color-color has-text-color\">Sie k\u00f6nnen unseren technischen Dienst benutzen (\u00fcber Email) f\u00fcr nur 20\u20ac (oMWSt) pro Monat, Programm-Updates und neue Versionen inbegriffen. Zus\u00e4tzliche Hilfe \u00fcber Telefon oder \u00fcber Fernverbindung (via Teamviewer) ist auf Anfrage auch m\u00f6glich.<\/p>\n<\/div>\n<\/div>\n\n\n\n<div style=\"height:100px\" aria-hidden=\"true\" class=\"wp-block-spacer\"><\/div>\n<\/div><\/div>\n\n\n\n<div style=\"height:100px\" aria-hidden=\"true\" class=\"wp-block-spacer\"><\/div>\n\n\n\n<h2 class=\"wp-block-heading\">Downloads<\/h2>\n\n\n\n<div class=\"wp-block-file\"><a id=\"wp-block-file--media-c07d2e1f-ebed-4019-9408-a7b19d2df332\" href=\"http:\/\/corporate.quadram.site\/master\/wp-content\/uploads\/2023\/05\/Bon-de-commande-ErgoLite-de.pdf\" target=\"_blank\" rel=\"noreferrer noopener\"><a rel=\"noreferrer noopener\" href=\"https:\/\/www.quadram.lu\/uploads\/AL\/Bon%20de%20commande%20ErgoLite%20-de.pdf\" target=\"_blank\">Bestelschein f\u00fcr Ergo LITE (PDF)<\/a><\/a><\/div>\n\n\n\n<div style=\"height:100px\" aria-hidden=\"true\" class=\"wp-block-spacer\"><\/div>\n","protected":false},"excerpt":{"rendered":"<p>Die Lite-Version des Programms ErgoArchitekt. Beginnen Sie jetzt Ihre Ergo-Erfahrung nur f\u00fcr 790,00 \u20ac (oMwSt) Downloads<\/p>\n","protected":false},"author":1,"featured_media":0,"parent":998,"menu_order":0,"comment_status":"closed","ping_status":"closed","template":"","meta":{"neve_meta_sidebar":"","neve_meta_container":"contained","neve_meta_enable_content_width":"on","neve_meta_content_width":100,"neve_meta_title_alignment":"","neve_meta_author_avatar":"","neve_post_elements_order":"","neve_meta_disable_header":"","neve_meta_disable_footer":"","neve_meta_disable_title":"on","footnotes":""},"class_list":["post-1001","page","type-page","status-publish","hentry"],"_links":{"self":[{"href":"https:\/\/corporate.quadram.site\/index.php?rest_route=\/wp\/v2\/pages\/1001","targetHints":{"allow":["GET"]}}],"collection":[{"href":"https:\/\/corporate.quadram.site\/index.php?rest_route=\/wp\/v2\/pages"}],"about":[{"href":"https:\/\/corporate.quadram.site\/index.php?rest_route=\/wp\/v2\/types\/page"}],"author":[{"embeddable":true,"href":"https:\/\/corporate.quadram.site\/index.php?rest_route=\/wp\/v2\/users\/1"}],"replies":[{"embeddable":true,"href":"https:\/\/corporate.quadram.site\/index.php?rest_route=%2Fwp%2Fv2%2Fcomments&post=1001"}],"version-history":[{"count":14,"href":"https:\/\/corporate.quadram.site\/index.php?rest_route=\/wp\/v2\/pages\/1001\/revisions"}],"predecessor-version":[{"id":2088,"href":"https:\/\/corporate.quadram.site\/index.php?rest_route=\/wp\/v2\/pages\/1001\/revisions\/2088"}],"up":[{"embeddable":true,"href":"https:\/\/corporate.quadram.site\/index.php?rest_route=\/wp\/v2\/pages\/998"}],"wp:attachment":[{"href":"https:\/\/corporate.quadram.site\/index.php?rest_route=%2Fwp%2Fv2%2Fmedia&parent=1001"}],"curies":[{"name":"wp","href":"https:\/\/api.w.org\/{rel}","templated":true}]}}