{"id":1017,"date":"2023-05-12T10:05:17","date_gmt":"2023-05-12T08:05:17","guid":{"rendered":"http:\/\/corporate.quadram.site\/master\/?page_id=1017"},"modified":"2023-06-07T16:13:48","modified_gmt":"2023-06-07T14:13:48","slug":"ergooffice-deutsch","status":"publish","type":"page","link":"https:\/\/corporate.quadram.site\/?page_id=1017","title":{"rendered":"ErgoOffice"},"content":{"rendered":"\n<div style=\"height:50px\" aria-hidden=\"true\" class=\"wp-block-spacer\"><\/div>\n\n\n\n<div class=\"wp-block-columns is-layout-flex wp-container-core-columns-is-layout-9d6595d7 wp-block-columns-is-layout-flex\">\n<div class=\"wp-block-column is-layout-flow wp-block-column-is-layout-flow\"><div class=\"wp-block-image\">\n<figure class=\"aligncenter size-large is-resized\"><img loading=\"lazy\" decoding=\"async\" src=\"http:\/\/corporate.quadram.site\/master\/wp-content\/uploads\/2023\/05\/Cover-EO-droite-720x1024.png\" alt=\"Produit ErgoOffice\" class=\"wp-image-106\" width=\"250\" height=\"350\"\/><\/figure>\n<\/div><\/div>\n\n\n\n<div class=\"wp-block-column is-layout-flow wp-block-column-is-layout-flow\">\n<div class=\"wp-block-group is-vertical is-layout-flex wp-container-core-group-is-layout-8cf370e7 wp-block-group-is-layout-flex\">\n<div style=\"height:25px\" aria-hidden=\"true\" class=\"wp-block-spacer\"><\/div>\n\n\n\n<figure class=\"wp-block-image size-full is-resized\"><img loading=\"lazy\" decoding=\"async\" src=\"http:\/\/corporate.quadram.site\/master\/wp-content\/uploads\/2023\/05\/Logo-EO.jpg\" alt=\"Logo Produit ErgoOffice\" class=\"wp-image-107\" width=\"351\" height=\"91\" srcset=\"https:\/\/corporate.quadram.site\/wp-content\/uploads\/2023\/05\/Logo-EO.jpg 702w, https:\/\/corporate.quadram.site\/wp-content\/uploads\/2023\/05\/Logo-EO-300x77.jpg 300w\" sizes=\"auto, (max-width: 351px) 100vw, 351px\" \/><\/figure>\n\n\n\n<div style=\"height:25px\" aria-hidden=\"true\" class=\"wp-block-spacer\"><\/div>\n\n\n\n<p>Organisieren Sie Ihr&nbsp;<strong>Projektgesch\u00e4ft<\/strong>, verbessern Sie Ihr&nbsp;<strong>Projektmanagement<\/strong>, steigern Sie die Effizienz und die Rentabilit\u00e4t Ihres Teams.<\/p>\n\n\n\n<p>ErgoOffice ist eine hochwertige Software, die parametrierbar, ausbauf\u00e4hig und dynamisch ist. Ideal f\u00fcr Unternehmen aller Art, egal, ob Sie ein multinationales Unternehmen mit mehreren Tochterfirmen oder ein&nbsp;<strong>Architekturb\u00fcro<\/strong>&nbsp;sind, es passt sich perfekt an Ihre Firma an. Mit dem Baukastensystem, das sich ideal nach den Kundenbed\u00fcrfnissen ausrichtet, ist die Optimierung der Gesamtinvestition m\u00f6glich.<\/p>\n<\/div>\n<\/div>\n<\/div>\n\n\n\n<div style=\"height:100px\" aria-hidden=\"true\" class=\"wp-block-spacer\"><\/div>\n\n\n\n<div class=\"wp-block-cover alignfull\"><span aria-hidden=\"true\" class=\"wp-block-cover__background has-nv-light-bg-background-color has-background-dim-100 has-background-dim\"><\/span><div class=\"wp-block-cover__inner-container is-layout-flow wp-block-cover-is-layout-flow\">\n<div style=\"height:100px\" aria-hidden=\"true\" class=\"wp-block-spacer\"><\/div>\n\n\n\n<div class=\"wp-block-columns is-layout-flex wp-container-core-columns-is-layout-9d6595d7 wp-block-columns-is-layout-flex\">\n<div class=\"wp-block-column is-layout-flow wp-block-column-is-layout-flow\">\n<h2 class=\"wp-block-heading has-neve-text-color-color has-text-color\">Beschreibung<\/h2>\n\n\n\n<p class=\"has-neve-text-color-color has-text-color\">Zum ersten Mal haben Sie die M\u00f6glichkeit, alle f\u00fcr die ordnungsgem\u00e4\u00dfe Verwaltung Ihrer Projekte notwendigen Gesch\u00e4fte mit dem gleichen Werkzeug durchzuf\u00fchren. Die Zentralisierung der Daten bietet eine dynamische und flexible Arbeitsumgebung, die auch aus der Ferne verwendbar ist.<\/p>\n\n\n\n<div class=\"wp-block-group\"><div class=\"wp-block-group__inner-container is-layout-constrained wp-block-group-is-layout-constrained\">\n<div class=\"wp-block-columns is-layout-flex wp-container-core-columns-is-layout-9d6595d7 wp-block-columns-is-layout-flex\">\n<div class=\"wp-block-column is-layout-flow wp-block-column-is-layout-flow\">\n<figure class=\"wp-block-image size-full\"><img loading=\"lazy\" decoding=\"async\" width=\"70\" height=\"70\" src=\"http:\/\/corporate.quadram.site\/master\/wp-content\/uploads\/2023\/05\/Financier_DE.png\" alt=\"\" class=\"wp-image-1020\"\/><\/figure>\n<\/div>\n\n\n\n<div class=\"wp-block-column is-layout-flow wp-block-column-is-layout-flow\">\n<figure class=\"wp-block-image size-full\"><img loading=\"lazy\" decoding=\"async\" width=\"498\" height=\"544\" src=\"http:\/\/corporate.quadram.site\/master\/wp-content\/uploads\/2023\/05\/Documents-lib-fond-gris-241-241-241.jpg\" alt=\"\" class=\"wp-image-415\" srcset=\"https:\/\/corporate.quadram.site\/wp-content\/uploads\/2023\/05\/Documents-lib-fond-gris-241-241-241.jpg 498w, https:\/\/corporate.quadram.site\/wp-content\/uploads\/2023\/05\/Documents-lib-fond-gris-241-241-241-275x300.jpg 275w\" sizes=\"auto, (max-width: 498px) 100vw, 498px\" \/><\/figure>\n<\/div>\n\n\n\n<div class=\"wp-block-column is-layout-flow wp-block-column-is-layout-flow\">\n<figure class=\"wp-block-image size-full\"><img loading=\"lazy\" decoding=\"async\" width=\"70\" height=\"70\" src=\"http:\/\/corporate.quadram.site\/master\/wp-content\/uploads\/2023\/05\/CompteRendu_DE.png\" alt=\"\" class=\"wp-image-1018\"\/><\/figure>\n<\/div>\n\n\n\n<div class=\"wp-block-column is-layout-flow wp-block-column-is-layout-flow\">\n<figure class=\"wp-block-image size-full\"><img loading=\"lazy\" decoding=\"async\" width=\"70\" height=\"70\" src=\"http:\/\/corporate.quadram.site\/master\/wp-content\/uploads\/2023\/05\/Contacts_DE.png\" alt=\"\" class=\"wp-image-1019\"\/><\/figure>\n<\/div>\n\n\n\n<div class=\"wp-block-column is-layout-flow wp-block-column-is-layout-flow\">\n<figure class=\"wp-block-image size-full\"><img loading=\"lazy\" decoding=\"async\" width=\"70\" height=\"70\" src=\"http:\/\/corporate.quadram.site\/master\/wp-content\/uploads\/2023\/05\/Notes_DE.png\" alt=\"\" class=\"wp-image-1021\"\/><\/figure>\n<\/div>\n\n\n\n<div class=\"wp-block-column is-layout-flow wp-block-column-is-layout-flow\">\n<figure class=\"wp-block-image size-full\"><img loading=\"lazy\" decoding=\"async\" width=\"70\" height=\"70\" src=\"http:\/\/corporate.quadram.site\/master\/wp-content\/uploads\/2023\/05\/Tablette_DE.png\" alt=\"\" class=\"wp-image-1023\"\/><\/figure>\n<\/div>\n\n\n\n<div class=\"wp-block-column is-layout-flow wp-block-column-is-layout-flow\">\n<figure class=\"wp-block-image size-full\"><img loading=\"lazy\" decoding=\"async\" width=\"70\" height=\"70\" src=\"http:\/\/corporate.quadram.site\/master\/wp-content\/uploads\/2023\/05\/Temps_DE.png\" alt=\"\" class=\"wp-image-1024\"\/><\/figure>\n<\/div>\n\n\n\n<div class=\"wp-block-column is-layout-flow wp-block-column-is-layout-flow\">\n<figure class=\"wp-block-image size-full\"><img loading=\"lazy\" decoding=\"async\" width=\"70\" height=\"70\" src=\"http:\/\/corporate.quadram.site\/master\/wp-content\/uploads\/2023\/05\/Planning_DE.png\" alt=\"\" class=\"wp-image-1022\"\/><\/figure>\n<\/div>\n<\/div>\n<\/div><\/div>\n\n\n\n<p class=\"has-neve-text-color-color has-text-color\">Kombinieren Sie das System mit <strong><a href=\"http:\/\/corporate.quadram.site\/master\/index.php\/de\/ergoarchitecte-deutsch\/\" data-type=\"page\" data-id=\"998\">ErgoArchitekt<\/a><\/strong>, die meistbenutzte\u00a0<strong>Ausschreibungssoftware<\/strong>\u00a0in Luxembourg !<\/p>\n<\/div>\n\n\n\n<div class=\"wp-block-column is-layout-flow wp-block-column-is-layout-flow\">\n<div style=\"height:73px\" aria-hidden=\"true\" class=\"wp-block-spacer\"><\/div>\n\n\n\n<p class=\"has-neve-text-color-color has-text-color\">Die Software ErgoOffice stellt Ihnen eine Welt von Informationen zur Verf\u00fcgung. Dank ihrer Synchronisierung mit&nbsp;<strong>Cloud<\/strong>-Systemen wie&nbsp;<strong>Evernote, Dropbox, Google<\/strong>&nbsp;kann sie Ihnen die ben\u00f6tigten Informationen jederzeit liefern, egal, wo Sie sich gerade aufhalten.&nbsp;<a href=\"http:\/\/corporate.quadram.site\/master\/index.php\/de\/ergooffice-mobile-deutsch\/\" data-type=\"page\" data-id=\"1007\"><strong>ErgoOffice Mobile<\/strong><\/a> (Tablet &amp; Smartphone) erleichtern Ihnen den Zugriff auf die Daten und Dokumente eines Projekts, wenn Sie gerade unterwegs sind. Das&nbsp;<strong>Planungsmodul<\/strong>&nbsp;mit der&nbsp;<strong>Workflow<\/strong>-Verwaltung sorgt f\u00fcr die ideale Koordinierung aller Projektbeteiligten, und f\u00fcr die notwendigen Ressourcen w\u00e4hrend des Projektablaufs. Das&nbsp;<strong>Dokumentenmanagement<\/strong>&nbsp;bearbeitet die Dokument-Versionen, die Verteilung, die Historie, die Schnellsuche und die Synchronisierung der Cloud-Systeme mit einer unvergleichlichen Leichtigkeit. Das&nbsp;<strong>Finanzmodul<\/strong>&nbsp;berechnet im Detail die&nbsp;<strong>Projektkosten<\/strong>, erzeugt Statistiken, l\u00f6st Alarme aus und zeigt Ihnen die Rentabilit\u00e4t Ihres Unternehmens in Echtzeit!<\/p>\n\n\n\n<div class=\"wp-block-columns is-layout-flex wp-container-core-columns-is-layout-9d6595d7 wp-block-columns-is-layout-flex\">\n<div class=\"wp-block-column is-layout-flow wp-block-column-is-layout-flow\"><div class=\"wp-block-image\">\n<figure class=\"aligncenter size-full\"><img loading=\"lazy\" decoding=\"async\" width=\"801\" height=\"336\" src=\"http:\/\/corporate.quadram.site\/master\/wp-content\/uploads\/2023\/05\/dropbox-logos_works-with-dropbox.png\" alt=\"\" class=\"wp-image-435\" srcset=\"https:\/\/corporate.quadram.site\/wp-content\/uploads\/2023\/05\/dropbox-logos_works-with-dropbox.png 801w, https:\/\/corporate.quadram.site\/wp-content\/uploads\/2023\/05\/dropbox-logos_works-with-dropbox-300x126.png 300w, https:\/\/corporate.quadram.site\/wp-content\/uploads\/2023\/05\/dropbox-logos_works-with-dropbox-768x322.png 768w\" sizes=\"auto, (max-width: 801px) 100vw, 801px\" \/><\/figure>\n<\/div><\/div>\n\n\n\n<div class=\"wp-block-column is-layout-flow wp-block-column-is-layout-flow\"><div class=\"wp-block-image\">\n<figure class=\"aligncenter size-full\"><img loading=\"lazy\" decoding=\"async\" width=\"144\" height=\"74\" src=\"http:\/\/corporate.quadram.site\/master\/wp-content\/uploads\/2023\/05\/evernote_logo_center_4c-sm.png\" alt=\"\" class=\"wp-image-436\"\/><\/figure>\n<\/div><\/div>\n<\/div>\n<\/div>\n<\/div>\n\n\n\n<div class=\"wp-block-columns is-layout-flex wp-container-core-columns-is-layout-9d6595d7 wp-block-columns-is-layout-flex\">\n<div class=\"wp-block-column is-layout-flow wp-block-column-is-layout-flow\">\n<h3 class=\"wp-block-heading has-neve-text-color-color has-text-color\">Einzelheiten<\/h3>\n\n\n\n<p class=\"has-neve-text-color-color has-text-color\"><strong>Ein kompletter Satz an Modulen f\u00fcr alle Bed\u00fcrfnisse\u2026<\/strong><\/p>\n\n\n\n<p class=\"has-neve-text-color-color has-text-color\"><strong>Die finanzielle Kontrolle der Projekte :&nbsp;<\/strong>Schnelle und ergonomische Zeiterfassung, detaillerte Kostenanlysen nach Aufgaben und nach Projektphase, vergleich mit Budget und Facturierung.<\/p>\n\n\n\n<p class=\"has-neve-text-color-color has-text-color\"><strong>Der Projectordner :<\/strong>&nbsp;Einordnung aller projektrelevanten Informationen mit dynamische Projektdatenbank. Adressbuch mit Schnellsuche-Funktionen, Synchronisierung mit Microsoft Outlook.<\/p>\n\n\n\n<p class=\"has-neve-text-color-color has-text-color\"><strong>Die Agenda des Projekts :<\/strong>&nbsp;Planung und Kontrolle der verschiedenen Ereignisse des Projekts (Sitzungen, Telefon-Gespr\u00e4che, usw.).<\/p>\n\n\n\n<p class=\"has-neve-text-color-color has-text-color\"><strong>Der Timeline :<\/strong>&nbsp;Planung von Aufgaben und Aktionen \u00fcber den gesamten Projektzeitraum. Identifizierung von Milestones und Kontrolle der ben\u00f6tigte Aktionen.<\/p>\n\n\n\n<p class=\"has-neve-text-color-color has-text-color\"><strong>Die Protokolle f\u00fcr Baubesprechungen :<\/strong> Eingabe und \u00dcberwachung der Protokolle in Vebrindung mit den Teilnehmern, Ihren Aufgaben und die betreffenden Dokumenten (Pl\u00e4ne, Fotos, usw.). Aktualisierung auch \u00fcber das ErgoOffice-App f\u00fcr Tablets.<\/p>\n\n\n\n<p class=\"has-neve-text-color-color has-text-color\"><strong>Personalmanagement&nbsp;:<\/strong> Bearbeitung von Urlaubsantr\u00e4gen, automatische Berechnung des Resturlaubs und der Anspr\u00fcche auf andere Abwesenheitsarten, Kalender mit Urlaubstagen, Mitarbeiterdatens\u00e4tze und Aufzeichnung allen Abwesenheiten, Einbindung ins Zeitmanagement vonErgoOffice.<\/p>\n<\/div>\n\n\n\n<div class=\"wp-block-column is-layout-flow wp-block-column-is-layout-flow\">\n<p class=\"has-neve-text-color-color has-text-color\"><strong>Die Dokumentenverwaltung :<\/strong>&nbsp;Einordnung von Dokumenten aller Art, Empfang und Versendung von E-Mails, Dokumentenstand-Registrierung, automatische Dokumenten-Benennung, automatische Erzeugung von Vert\u00e4gen, Angeboten, Formularen, usw.<\/p>\n\n\n\n<p class=\"has-neve-text-color-color has-text-color\"><strong>Der CRM-System :<\/strong>&nbsp;Verwaltung von Informationen und Historie zu den Kontakten, Prospekten und potenziellen Projekten.<\/p>\n\n\n\n<p class=\"has-neve-text-color-color has-text-color\"><strong>App f\u00fcr Tablet, CLOUD-Dienste :<\/strong>&nbsp;ErgoOffice-App f\u00fcr Tablets automatisch synchronisierbar mit der ErgoOffice-Datenbank. CLOUD-Konfiguration m\u00f6glich, Kompatibilit\u00e4t und Synchronisierung mit wichtige Cloud-Plateformen wie Evernote, Dropbox, Google, usw.<\/p>\n\n\n\n<p class=\"has-neve-text-color-color has-text-color\"><strong>Mehrsprachig :<\/strong>&nbsp;Durch Franz\u00f6sisch, Deutsch, English und Nederlandisch per Maus-Klick wechseln.<\/p>\n\n\n\n<p class=\"has-neve-text-color-color has-text-color\"><strong>Konfigurationen<\/strong> <strong>:<\/strong> ErgoOffice kann lokal auf dem PC oder als Netzwerk-Version auf ein Computer-Netzwerk installiert werden.<br>ErgoOffice ist auch als Cloud-Version zu haben. Mit der Anwendung von ErgoOffices SQL-Datenbank auf einem Internet Server k\u00f6nnen die Benutzer von \u00fcberall in der Welt arbeiten, auch im Offline-Modus.<\/p>\n<\/div>\n<\/div>\n\n\n\n<div style=\"height:100px\" aria-hidden=\"true\" class=\"wp-block-spacer\"><\/div>\n<\/div><\/div>\n\n\n\n<div style=\"height:100px\" aria-hidden=\"true\" class=\"wp-block-spacer\"><\/div>\n\n\n\n<h2 class=\"wp-block-heading\">Beispiele<\/h2>\n\n\n\n<div class=\"wp-block-columns is-layout-flex wp-container-core-columns-is-layout-9d6595d7 wp-block-columns-is-layout-flex\">\n<div class=\"wp-block-column is-layout-flow wp-block-column-is-layout-flow\">\n<h3 class=\"wp-block-heading\">Projekt Zusammenfassung<\/h3>\n<\/div>\n\n\n\n<div class=\"wp-block-column is-layout-flow wp-block-column-is-layout-flow\">\n<h3 class=\"wp-block-heading\">Dokumente<a href=\"https:\/\/www.quadram.lu\/uploads\/AL\/ScreenShots\/ErgoOffice\/Gestion%20documents-DE.jpg\"><\/a><\/h3>\n<\/div>\n<\/div>\n\n\n\n<div class=\"wp-block-columns is-layout-flex wp-container-core-columns-is-layout-9d6595d7 wp-block-columns-is-layout-flex\">\n<div class=\"wp-block-column is-layout-flow wp-block-column-is-layout-flow\">\n<figure class=\"wp-block-image size-large is-resized\"><a href=\"http:\/\/corporate.quadram.site\/master\/wp-content\/uploads\/2023\/05\/Sommes-generales-DE.jpg\" target=\"_blank\" rel=\"noreferrer noopener\"><img loading=\"lazy\" decoding=\"async\" src=\"http:\/\/corporate.quadram.site\/master\/wp-content\/uploads\/2023\/05\/Sommes-generales-DE-1024x751.jpg\" alt=\"\" class=\"wp-image-1027\" width=\"256\" height=\"188\" srcset=\"https:\/\/corporate.quadram.site\/wp-content\/uploads\/2023\/05\/Sommes-generales-DE-1024x751.jpg 1024w, https:\/\/corporate.quadram.site\/wp-content\/uploads\/2023\/05\/Sommes-generales-DE-300x220.jpg 300w, https:\/\/corporate.quadram.site\/wp-content\/uploads\/2023\/05\/Sommes-generales-DE-768x563.jpg 768w, https:\/\/corporate.quadram.site\/wp-content\/uploads\/2023\/05\/Sommes-generales-DE.jpg 1116w\" sizes=\"auto, (max-width: 256px) 100vw, 256px\" \/><\/a><\/figure>\n<\/div>\n\n\n\n<div class=\"wp-block-column is-layout-flow wp-block-column-is-layout-flow\">\n<ul class=\"wp-block-list\">\n<li>Budget-Berechnung<\/li>\n\n\n\n<li>Zeitkosten und Nebenkosten<\/li>\n\n\n\n<li>Soll-ist Vergleich<\/li>\n\n\n\n<li>Verrechnung<\/li>\n<\/ul>\n<\/div>\n\n\n\n<div class=\"wp-block-column is-layout-flow wp-block-column-is-layout-flow\">\n<figure class=\"wp-block-image size-large is-resized\"><a href=\"http:\/\/corporate.quadram.site\/master\/wp-content\/uploads\/2023\/05\/Gestion-documents-DE.jpg\" target=\"_blank\" rel=\"noreferrer noopener\"><img loading=\"lazy\" decoding=\"async\" src=\"http:\/\/corporate.quadram.site\/master\/wp-content\/uploads\/2023\/05\/Gestion-documents-DE-1024x566.jpg\" alt=\"\" class=\"wp-image-1028\" width=\"256\" height=\"142\" srcset=\"https:\/\/corporate.quadram.site\/wp-content\/uploads\/2023\/05\/Gestion-documents-DE-1024x566.jpg 1024w, https:\/\/corporate.quadram.site\/wp-content\/uploads\/2023\/05\/Gestion-documents-DE-300x166.jpg 300w, https:\/\/corporate.quadram.site\/wp-content\/uploads\/2023\/05\/Gestion-documents-DE-768x424.jpg 768w, https:\/\/corporate.quadram.site\/wp-content\/uploads\/2023\/05\/Gestion-documents-DE-1536x848.jpg 1536w, https:\/\/corporate.quadram.site\/wp-content\/uploads\/2023\/05\/Gestion-documents-DE.jpg 1912w\" sizes=\"auto, (max-width: 256px) 100vw, 256px\" \/><\/a><\/figure>\n<\/div>\n\n\n\n<div class=\"wp-block-column is-layout-flow wp-block-column-is-layout-flow\">\n<ul class=\"wp-block-list\">\n<li>Klassifikationsstrukturen<\/li>\n\n\n\n<li>Liste der Pl\u00e4ne<\/li>\n\n\n\n<li>Zu verarbeitende Dokumente<\/li>\n\n\n\n<li>Senden \/ Empfangen<\/li>\n\n\n\n<li>Workflow<\/li>\n<\/ul>\n<\/div>\n<\/div>\n\n\n\n<div class=\"wp-block-columns is-layout-flex wp-container-core-columns-is-layout-9d6595d7 wp-block-columns-is-layout-flex\">\n<div class=\"wp-block-column is-layout-flow wp-block-column-is-layout-flow\">\n<h3 class=\"wp-block-heading\">Analyse pro Projektphase<a href=\"https:\/\/www.quadram.lu\/uploads\/AL\/ScreenShots\/ErgoOffice\/Analyse%20par%20t%C3%A2che-DE.jpg\"><\/a><\/h3>\n<\/div>\n\n\n\n<div class=\"wp-block-column is-layout-flow wp-block-column-is-layout-flow\">\n<h3 class=\"wp-block-heading\">Zeiterfassung<\/h3>\n<\/div>\n<\/div>\n\n\n\n<div class=\"wp-block-columns is-layout-flex wp-container-core-columns-is-layout-9d6595d7 wp-block-columns-is-layout-flex\">\n<div class=\"wp-block-column is-layout-flow wp-block-column-is-layout-flow\">\n<figure class=\"wp-block-image size-large is-resized\"><a href=\"http:\/\/corporate.quadram.site\/master\/wp-content\/uploads\/2023\/05\/Analyse-par-tache-DE.jpg\" target=\"_blank\" rel=\"noreferrer noopener\"><img loading=\"lazy\" decoding=\"async\" src=\"http:\/\/corporate.quadram.site\/master\/wp-content\/uploads\/2023\/05\/Analyse-par-tache-DE-1024x563.jpg\" alt=\"\" class=\"wp-image-1029\" width=\"256\" height=\"141\" srcset=\"https:\/\/corporate.quadram.site\/wp-content\/uploads\/2023\/05\/Analyse-par-tache-DE-1024x563.jpg 1024w, https:\/\/corporate.quadram.site\/wp-content\/uploads\/2023\/05\/Analyse-par-tache-DE-300x165.jpg 300w, https:\/\/corporate.quadram.site\/wp-content\/uploads\/2023\/05\/Analyse-par-tache-DE-768x422.jpg 768w, https:\/\/corporate.quadram.site\/wp-content\/uploads\/2023\/05\/Analyse-par-tache-DE-1536x845.jpg 1536w, https:\/\/corporate.quadram.site\/wp-content\/uploads\/2023\/05\/Analyse-par-tache-DE.jpg 1902w\" sizes=\"auto, (max-width: 256px) 100vw, 256px\" \/><\/a><\/figure>\n<\/div>\n\n\n\n<div class=\"wp-block-column is-layout-flow wp-block-column-is-layout-flow\">\n<ul class=\"wp-block-list\">\n<li>Kosten<\/li>\n\n\n\n<li>Soll-ist Vergleich<\/li>\n\n\n\n<li>Honorar-Aufteilung<\/li>\n\n\n\n<li>Verrechnung<\/li>\n<\/ul>\n<\/div>\n\n\n\n<div class=\"wp-block-column is-layout-flow wp-block-column-is-layout-flow\">\n<figure class=\"wp-block-image size-large is-resized\"><a href=\"http:\/\/corporate.quadram.site\/master\/wp-content\/uploads\/2023\/05\/Encodage-du-temps-DE.jpg\" target=\"_blank\" rel=\"noreferrer noopener\"><img loading=\"lazy\" decoding=\"async\" src=\"http:\/\/corporate.quadram.site\/master\/wp-content\/uploads\/2023\/05\/Encodage-du-temps-DE-1024x567.jpg\" alt=\"\" class=\"wp-image-1030\" width=\"256\" height=\"142\" srcset=\"https:\/\/corporate.quadram.site\/wp-content\/uploads\/2023\/05\/Encodage-du-temps-DE-1024x567.jpg 1024w, https:\/\/corporate.quadram.site\/wp-content\/uploads\/2023\/05\/Encodage-du-temps-DE-300x166.jpg 300w, https:\/\/corporate.quadram.site\/wp-content\/uploads\/2023\/05\/Encodage-du-temps-DE-768x425.jpg 768w, https:\/\/corporate.quadram.site\/wp-content\/uploads\/2023\/05\/Encodage-du-temps-DE-1536x850.jpg 1536w, https:\/\/corporate.quadram.site\/wp-content\/uploads\/2023\/05\/Encodage-du-temps-DE.jpg 1904w\" sizes=\"auto, (max-width: 256px) 100vw, 256px\" \/><\/a><\/figure>\n<\/div>\n\n\n\n<div class=\"wp-block-column is-layout-flow wp-block-column-is-layout-flow\">\n<ul class=\"wp-block-list\">\n<li>Mode &lsquo;Kalender&rsquo;<\/li>\n\n\n\n<li>Kombination mit der pers\u00f6nliche Planung<\/li>\n\n\n\n<li>Rapide Eingabe<\/li>\n\n\n\n<li>\u00dcbersicht<\/li>\n<\/ul>\n<\/div>\n<\/div>\n\n\n\n<div class=\"wp-block-columns is-layout-flex wp-container-core-columns-is-layout-9d6595d7 wp-block-columns-is-layout-flex\">\n<div class=\"wp-block-column is-layout-flow wp-block-column-is-layout-flow\">\n<h3 class=\"wp-block-heading\">Kontrolle-Tafel<a href=\"https:\/\/www.quadram.lu\/uploads\/AL\/ScreenShots\/ErgoOffice\/Tableau%20de%20bord-DE.jpg\"><\/a><\/h3>\n<\/div>\n\n\n\n<div class=\"wp-block-column is-layout-flow wp-block-column-is-layout-flow\">\n<h3 class=\"wp-block-heading\">Baubesprechnungsprotokolle<\/h3>\n<\/div>\n<\/div>\n\n\n\n<div class=\"wp-block-columns is-layout-flex wp-container-core-columns-is-layout-9d6595d7 wp-block-columns-is-layout-flex\">\n<div class=\"wp-block-column is-layout-flow wp-block-column-is-layout-flow\">\n<figure class=\"wp-block-image size-large is-resized\"><a href=\"http:\/\/corporate.quadram.site\/master\/wp-content\/uploads\/2023\/05\/Tableau-de-bord-DE.jpg\" target=\"_blank\" rel=\"noreferrer noopener\"><img loading=\"lazy\" decoding=\"async\" src=\"http:\/\/corporate.quadram.site\/master\/wp-content\/uploads\/2023\/05\/Tableau-de-bord-DE-1024x564.jpg\" alt=\"\" class=\"wp-image-1031\" width=\"256\" height=\"141\" srcset=\"https:\/\/corporate.quadram.site\/wp-content\/uploads\/2023\/05\/Tableau-de-bord-DE-1024x564.jpg 1024w, https:\/\/corporate.quadram.site\/wp-content\/uploads\/2023\/05\/Tableau-de-bord-DE-300x165.jpg 300w, https:\/\/corporate.quadram.site\/wp-content\/uploads\/2023\/05\/Tableau-de-bord-DE-768x423.jpg 768w, https:\/\/corporate.quadram.site\/wp-content\/uploads\/2023\/05\/Tableau-de-bord-DE-1536x846.jpg 1536w, https:\/\/corporate.quadram.site\/wp-content\/uploads\/2023\/05\/Tableau-de-bord-DE.jpg 1904w\" sizes=\"auto, (max-width: 256px) 100vw, 256px\" \/><\/a><\/figure>\n<\/div>\n\n\n\n<div class=\"wp-block-column is-layout-flow wp-block-column-is-layout-flow\">\n<ul class=\"wp-block-list\">\n<li>Widgets nach Wunsch<\/li>\n\n\n\n<li>Aktualisierung in Echtzeit<\/li>\n<\/ul>\n<\/div>\n\n\n\n<div class=\"wp-block-column is-layout-flow wp-block-column-is-layout-flow\"><div class=\"wp-block-image\">\n<figure class=\"aligncenter size-full\"><img loading=\"lazy\" decoding=\"async\" width=\"147\" height=\"194\" src=\"http:\/\/corporate.quadram.site\/master\/wp-content\/uploads\/2023\/05\/ComptesRendusPDF_2_Petit_Ombre-2.jpg\" alt=\"\" class=\"wp-image-1298\"\/><\/figure>\n<\/div><\/div>\n\n\n\n<div class=\"wp-block-column is-layout-flow wp-block-column-is-layout-flow\">\n<ul class=\"wp-block-list\">\n<li>Mehrere Modele<\/li>\n\n\n\n<li>Eingliederung von Pl\u00e4ne und Photos<\/li>\n\n\n\n<li>PDF-Erzeugung und Automatische Versand<\/li>\n<\/ul>\n\n\n\n<div class=\"wp-block-file\"><a id=\"wp-block-file--media-ffa212d5-6861-4e20-8f2f-793d74dcb324\" href=\"http:\/\/corporate.quadram.site\/master\/wp-content\/uploads\/2023\/06\/CompteRenduRapport_enPDF-1.pdf\" target=\"_blank\" rel=\"noreferrer noopener\">Klicken Sie auf diesen link um die Berichtsdatei (PDF)<\/a><\/div>\n<\/div>\n<\/div>\n\n\n\n<div class=\"wp-block-columns is-layout-flex wp-container-core-columns-is-layout-9d6595d7 wp-block-columns-is-layout-flex\">\n<div class=\"wp-block-column is-layout-flow wp-block-column-is-layout-flow\">\n<div style=\"height:25px\" aria-hidden=\"true\" class=\"wp-block-spacer\"><\/div>\n\n\n\n<div style=\"height:25px\" aria-hidden=\"true\" class=\"wp-block-spacer\"><\/div>\n<\/div>\n\n\n\n<div class=\"wp-block-column is-layout-flow wp-block-column-is-layout-flow\">\n<div style=\"height:25px\" aria-hidden=\"true\" class=\"wp-block-spacer\"><\/div>\n\n\n\n<div style=\"height:25px\" aria-hidden=\"true\" class=\"wp-block-spacer\"><\/div>\n<\/div>\n<\/div>\n\n\n\n<div style=\"height:100px\" aria-hidden=\"true\" class=\"wp-block-spacer\"><\/div>\n","protected":false},"excerpt":{"rendered":"<p>Organisieren Sie Ihr&nbsp;Projektgesch\u00e4ft, verbessern Sie Ihr&nbsp;Projektmanagement, steigern Sie die Effizienz und die Rentabilit\u00e4t Ihres Teams. ErgoOffice ist eine hochwertige Software, die parametrierbar, ausbauf\u00e4hig und dynamisch ist. Ideal f\u00fcr Unternehmen aller Art, egal, ob Sie ein multinationales Unternehmen mit mehreren Tochterfirmen oder ein&nbsp;Architekturb\u00fcro&nbsp;sind, es passt sich perfekt an Ihre Firma an. Mit dem Baukastensystem, das sich&hellip;&nbsp;<a href=\"https:\/\/corporate.quadram.site\/?page_id=1017\" class=\"\" rel=\"bookmark\">Lire la suite &raquo;<span class=\"screen-reader-text\">ErgoOffice<\/span><\/a><\/p>\n","protected":false},"author":1,"featured_media":64,"parent":0,"menu_order":0,"comment_status":"closed","ping_status":"closed","template":"","meta":{"neve_meta_sidebar":"default","neve_meta_container":"contained","neve_meta_enable_content_width":"on","neve_meta_content_width":100,"neve_meta_title_alignment":"center","neve_meta_author_avatar":"","neve_post_elements_order":"","neve_meta_disable_header":"","neve_meta_disable_footer":"","neve_meta_disable_title":"on","footnotes":""},"class_list":["post-1017","page","type-page","status-publish","has-post-thumbnail","hentry"],"_links":{"self":[{"href":"https:\/\/corporate.quadram.site\/index.php?rest_route=\/wp\/v2\/pages\/1017","targetHints":{"allow":["GET"]}}],"collection":[{"href":"https:\/\/corporate.quadram.site\/index.php?rest_route=\/wp\/v2\/pages"}],"about":[{"href":"https:\/\/corporate.quadram.site\/index.php?rest_route=\/wp\/v2\/types\/page"}],"author":[{"embeddable":true,"href":"https:\/\/corporate.quadram.site\/index.php?rest_route=\/wp\/v2\/users\/1"}],"replies":[{"embeddable":true,"href":"https:\/\/corporate.quadram.site\/index.php?rest_route=%2Fwp%2Fv2%2Fcomments&post=1017"}],"version-history":[{"count":22,"href":"https:\/\/corporate.quadram.site\/index.php?rest_route=\/wp\/v2\/pages\/1017\/revisions"}],"predecessor-version":[{"id":2080,"href":"https:\/\/corporate.quadram.site\/index.php?rest_route=\/wp\/v2\/pages\/1017\/revisions\/2080"}],"wp:featuredmedia":[{"embeddable":true,"href":"https:\/\/corporate.quadram.site\/index.php?rest_route=\/wp\/v2\/media\/64"}],"wp:attachment":[{"href":"https:\/\/corporate.quadram.site\/index.php?rest_route=%2Fwp%2Fv2%2Fmedia&parent=1017"}],"curies":[{"name":"wp","href":"https:\/\/api.w.org\/{rel}","templated":true}]}}