{"id":1040,"date":"2023-05-12T10:24:31","date_gmt":"2023-05-12T08:24:31","guid":{"rendered":"http:\/\/corporate.quadram.site\/master\/?page_id=1040"},"modified":"2023-06-02T10:07:34","modified_gmt":"2023-06-02T08:07:34","slug":"technische-dienst","status":"publish","type":"page","link":"https:\/\/corporate.quadram.site\/?page_id=1040","title":{"rendered":"Technische Dienst"},"content":{"rendered":"\n<div style=\"height:50px\" aria-hidden=\"true\" class=\"wp-block-spacer\"><\/div>\n\n\n\n<h1 class=\"wp-block-heading\">Technische Dienst<\/h1>\n\n\n\n<p>Der Kundenservice ist die Grundlage unseres Erfolgs. Wir stehen immer zur Verf\u00fcgung um Fragen zu beantworten, unseren Software-Benutzern zu helfen, Tipps und Hinweise zu geben, Vorschl\u00e4ge entgegen zu nehmen, spezielle Bed\u00fcrfnisse zu erf\u00fcllen und nat\u00fcrlich Probleme zu beseitigen. Unser Engagement bei der Entwicklung unserer Software-Produkte und unsere Bereitschaft, die Software den Bed\u00fcrfnissen des Kunden anzupassen sind ein Garant f\u00fcr ihre perfekte Anwendung !<\/p>\n\n\n\n<p><strong>Unser Wartungsvertrag<\/strong><br>Wir bieten einen kompletten Service-Vertrag, der alle n\u00f6tigen Dienste beinhaltet: eine Hotline (Assistenz per Telefon) auf unbegrenzte Zeit, Assistenz per Email oder per Fernverbindung (TeamViewer), Intervention vor Ort und nat\u00fcrlich alle Upgrades und neue Versionen inklusive! Unser Wartungsvertrag ist die Garantie f\u00fcr die ideale und unbefristete Nutzung unserer Software !<\/p>\n\n\n\n<p><strong>Mit unserem Kundenservice Kontakt aufnehmen<\/strong><br>Sie k\u00f6nnen den Kundenservice \u00fcber Telefon + 352 58 22 16-1 oder per Email an&nbsp;<a href=\"mailto:info@quadram.lu\">info@quadram.lu<\/a>&nbsp;kontaktieren.<\/p>\n\n\n\n<div style=\"height:100px\" aria-hidden=\"true\" class=\"wp-block-spacer\"><\/div>\n","protected":false},"excerpt":{"rendered":"<p>Technische Dienst Der Kundenservice ist die Grundlage unseres Erfolgs. Wir stehen immer zur Verf\u00fcgung um Fragen zu beantworten, unseren Software-Benutzern zu helfen, Tipps und Hinweise zu geben, Vorschl\u00e4ge entgegen zu nehmen, spezielle Bed\u00fcrfnisse zu erf\u00fcllen und nat\u00fcrlich Probleme zu beseitigen. Unser Engagement bei der Entwicklung unserer Software-Produkte und unsere Bereitschaft, die Software den Bed\u00fcrfnissen des&hellip;&nbsp;<a href=\"https:\/\/corporate.quadram.site\/?page_id=1040\" class=\"\" rel=\"bookmark\">Lire la suite &raquo;<span class=\"screen-reader-text\">Technische Dienst<\/span><\/a><\/p>\n","protected":false},"author":1,"featured_media":0,"parent":0,"menu_order":0,"comment_status":"closed","ping_status":"closed","template":"","meta":{"neve_meta_sidebar":"","neve_meta_container":"","neve_meta_enable_content_width":"","neve_meta_content_width":0,"neve_meta_title_alignment":"","neve_meta_author_avatar":"","neve_post_elements_order":"","neve_meta_disable_header":"","neve_meta_disable_footer":"","neve_meta_disable_title":"on","footnotes":""},"class_list":["post-1040","page","type-page","status-publish","hentry"],"_links":{"self":[{"href":"https:\/\/corporate.quadram.site\/index.php?rest_route=\/wp\/v2\/pages\/1040","targetHints":{"allow":["GET"]}}],"collection":[{"href":"https:\/\/corporate.quadram.site\/index.php?rest_route=\/wp\/v2\/pages"}],"about":[{"href":"https:\/\/corporate.quadram.site\/index.php?rest_route=\/wp\/v2\/types\/page"}],"author":[{"embeddable":true,"href":"https:\/\/corporate.quadram.site\/index.php?rest_route=\/wp\/v2\/users\/1"}],"replies":[{"embeddable":true,"href":"https:\/\/corporate.quadram.site\/index.php?rest_route=%2Fwp%2Fv2%2Fcomments&post=1040"}],"version-history":[{"count":3,"href":"https:\/\/corporate.quadram.site\/index.php?rest_route=\/wp\/v2\/pages\/1040\/revisions"}],"predecessor-version":[{"id":1922,"href":"https:\/\/corporate.quadram.site\/index.php?rest_route=\/wp\/v2\/pages\/1040\/revisions\/1922"}],"wp:attachment":[{"href":"https:\/\/corporate.quadram.site\/index.php?rest_route=%2Fwp%2Fv2%2Fmedia&parent=1040"}],"curies":[{"name":"wp","href":"https:\/\/api.w.org\/{rel}","templated":true}]}}