{"id":1051,"date":"2023-05-12T10:33:29","date_gmt":"2023-05-12T08:33:29","guid":{"rendered":"http:\/\/corporate.quadram.site\/master\/?page_id=1051"},"modified":"2023-06-02T10:05:15","modified_gmt":"2023-06-02T08:05:15","slug":"wer-wir-sind","status":"publish","type":"page","link":"https:\/\/corporate.quadram.site\/?page_id=1051","title":{"rendered":"Wer wir sind"},"content":{"rendered":"\n<div style=\"height:50px\" aria-hidden=\"true\" class=\"wp-block-spacer\"><\/div>\n\n\n\n<h1 class=\"wp-block-heading\">Wer wir sind<\/h1>\n\n\n\n<p>Die Gesellschaft Quadram wurde im Jahre 1991 gegr\u00fcndet und ist spezialisiert auf die Entwicklung von Softwares f\u00fcr Windows und Internet.<\/p>\n\n\n\n<p>Unser Ziel, revolution\u00e4re Produkte zu entwickeln, die permanente Zusammenarbeit mit den Profis auf diesem Gebiet, die direkte Umsetzung des Feedbacks der Benutzer und vor allem unser unerm\u00fcdlicher und langj\u00e4hriger Arbeitseinsatz sind das Erfolgsrezept f\u00fcr die im Jahre 1996 entwickelten Softwares der Familie ERGO. Diese Software ist vor allem auf dem inl\u00e4ndischen Markt das Standardwerkzeug geworden f\u00fcr alle Akteure des Bausektors. Mehr als 3.000 Lizenzen sind bis Ende 2007 installiert worden.<\/p>\n\n\n\n<p>In unserer Kundenliste findet man heute:<\/p>\n\n\n\n<ul class=\"wp-block-list\">\n<li>Administration des Ponts et Chauss\u00e9es,<\/li>\n\n\n\n<li>Administration des B\u00e2timents Publics,<\/li>\n\n\n\n<li>L\u2019Administration des P &amp; T Luxembourg,<\/li>\n\n\n\n<li>Les Chemins de Fer Luxembourgeois,<\/li>\n\n\n\n<li>L\u2019Administration Communale de la Ville de Luxembourg<\/li>\n\n\n\n<li>Bekannte Architektenb\u00fcros und Studienb\u00fcros<\/li>\n\n\n\n<li>Baufirmen jeglicher Gr\u00f6\u00dfenordnung.<\/li>\n<\/ul>\n\n\n\n<p>Im Jahre 2002 hat Quadram eine neue Palette von Softwares auf den Markt gebracht. Seither hat Quadram den Eintritt in die Dienstleistungs- und die Treuh\u00e4ndergesellschaften geschafft mit Tempo (Zeitverwalter) und Hermes (Dokumentenverwalter). Tempo+ ist heute eine der beliebtesten Methoden f\u00fcr viele Treuh\u00e4nder und verschiedene Studienb\u00fcros.<\/p>\n\n\n\n<p>Im Jahre 2005 hat Quadram das neue Produkt TempoGEST in diesem Bereich entwickelt. Diese Software ist einzigartig auf ihrem Gebiet f\u00fcr die administrative und juristische Verwaltung von Gesellschaften.<\/p>\n\n\n\n<p>Das Jahr 2005 zeichnete sich auch durch die Entwicklung der 7. Version der Software Ergo \u201eArchitekt\u201c aus. Dieser sehr wichtige Schritt bringt nicht nur eine Verbesserung der \u00e4lteren Version mit sich, sondern ist eine v\u00f6llig neue Software! Die Firma Quadram hat ihr Ziel, ihre Produkte den Erwartungen der Zukunft anzupassen, erreicht, indem sie neue Technologien und Zeichnungen hineingebracht hat. Au\u00dferdem hat diese neue Version durch ihre Anpassungsf\u00e4higkeit an andere L\u00e4nder wie Frankreich, Belgien und Deutschland usw. die T\u00fcren f\u00fcr den ausl\u00e4ndischen Markt ge\u00f6ffnet.<\/p>\n\n\n\n<div style=\"height:100px\" aria-hidden=\"true\" class=\"wp-block-spacer\"><\/div>\n","protected":false},"excerpt":{"rendered":"<p>Wer wir sind Die Gesellschaft Quadram wurde im Jahre 1991 gegr\u00fcndet und ist spezialisiert auf die Entwicklung von Softwares f\u00fcr Windows und Internet. Unser Ziel, revolution\u00e4re Produkte zu entwickeln, die permanente Zusammenarbeit mit den Profis auf diesem Gebiet, die direkte Umsetzung des Feedbacks der Benutzer und vor allem unser unerm\u00fcdlicher und langj\u00e4hriger Arbeitseinsatz sind das&hellip;&nbsp;<a href=\"https:\/\/corporate.quadram.site\/?page_id=1051\" class=\"\" rel=\"bookmark\">Lire la suite &raquo;<span class=\"screen-reader-text\">Wer wir sind<\/span><\/a><\/p>\n","protected":false},"author":1,"featured_media":0,"parent":0,"menu_order":0,"comment_status":"closed","ping_status":"closed","template":"","meta":{"neve_meta_sidebar":"","neve_meta_container":"","neve_meta_enable_content_width":"","neve_meta_content_width":0,"neve_meta_title_alignment":"","neve_meta_author_avatar":"","neve_post_elements_order":"","neve_meta_disable_header":"","neve_meta_disable_footer":"","neve_meta_disable_title":"on","footnotes":""},"class_list":["post-1051","page","type-page","status-publish","hentry"],"_links":{"self":[{"href":"https:\/\/corporate.quadram.site\/index.php?rest_route=\/wp\/v2\/pages\/1051","targetHints":{"allow":["GET"]}}],"collection":[{"href":"https:\/\/corporate.quadram.site\/index.php?rest_route=\/wp\/v2\/pages"}],"about":[{"href":"https:\/\/corporate.quadram.site\/index.php?rest_route=\/wp\/v2\/types\/page"}],"author":[{"embeddable":true,"href":"https:\/\/corporate.quadram.site\/index.php?rest_route=\/wp\/v2\/users\/1"}],"replies":[{"embeddable":true,"href":"https:\/\/corporate.quadram.site\/index.php?rest_route=%2Fwp%2Fv2%2Fcomments&post=1051"}],"version-history":[{"count":3,"href":"https:\/\/corporate.quadram.site\/index.php?rest_route=\/wp\/v2\/pages\/1051\/revisions"}],"predecessor-version":[{"id":1914,"href":"https:\/\/corporate.quadram.site\/index.php?rest_route=\/wp\/v2\/pages\/1051\/revisions\/1914"}],"wp:attachment":[{"href":"https:\/\/corporate.quadram.site\/index.php?rest_route=%2Fwp%2Fv2%2Fmedia&parent=1051"}],"curies":[{"name":"wp","href":"https:\/\/api.w.org\/{rel}","templated":true}]}}