{"id":1061,"date":"2023-05-12T10:53:25","date_gmt":"2023-05-12T08:53:25","guid":{"rendered":"http:\/\/corporate.quadram.site\/master\/?page_id=1061"},"modified":"2023-06-02T10:02:16","modified_gmt":"2023-06-02T08:02:16","slug":"arbeitsplatze","status":"publish","type":"page","link":"https:\/\/corporate.quadram.site\/?page_id=1061","title":{"rendered":"Jobsangebot"},"content":{"rendered":"\n<div style=\"height:50px\" aria-hidden=\"true\" class=\"wp-block-spacer\"><\/div>\n\n\n\n<h1 class=\"wp-block-heading\">Jobsangebot<\/h1>\n\n\n\n<p>Quadram ist ein \u00fcberschaubares Unternehmen, das die Kundenzufriedenheit zu seinem Erfolgsmotor gemacht hat.<\/p>\n\n\n\n<p>Bei Quadram zu arbeiten bedeutet, von einer Leidenschaft f\u00fcr IT und neue Technologien angetrieben zu werden, aber auch zu wissen, wie man in einem soliden, dynamischen und gro\u00dfz\u00fcgigen Team sein Bestes gibt.<\/p>\n\n\n\n<p><strong>M\u00f6chtest Du mitmachen ?<\/strong><\/p>\n\n\n\n<p>Schicken Sie uns Ihre Initiativbewerbung oder auf eine unserer Stellenausschreibungen (unter Angabe der Stellenbezeichnung):<\/p>\n\n\n\n<ul class=\"wp-block-list\">\n<li><strong>indem Sie Ihren Lebenslauf und Ihr Anschreiben beif\u00fcgen,<\/strong><\/li>\n\n\n\n<li><strong>per E-Mail an&nbsp;<a href=\"http:\/\/mailto:quadram.lu\/\">info@quadram.lu<\/a>.<\/strong><\/li>\n<\/ul>\n\n\n\n<hr class=\"wp-block-separator alignfull has-text-color has-nv-light-bg-color has-alpha-channel-opacity has-nv-light-bg-background-color has-background is-style-dots\"\/>\n\n\n\n<div style=\"height:50px\" aria-hidden=\"true\" class=\"wp-block-spacer\"><\/div>\n\n\n\n<div class=\"wp-block-columns is-layout-flex wp-container-core-columns-is-layout-9d6595d7 wp-block-columns-is-layout-flex\">\n<div class=\"wp-block-column is-layout-flow wp-block-column-is-layout-flow\">\n<h3 class=\"wp-block-heading\">Ergo-Support- und Schulungstechniker<\/h3>\n\n\n\n<p>Sie kommen aus der Baubranche, kennen und\/oder nutzen Ergo, sind auf der Suche nach neuen beruflichen M\u00f6glichkeiten? Diese Position ist f\u00fcr Sie!<\/p>\n\n\n\n<div class=\"wp-block-buttons is-layout-flex wp-block-buttons-is-layout-flex\">\n<div class=\"wp-block-button is-style-primary\"><a class=\"wp-block-button__link wp-element-button\" href=\"http:\/\/corporate.quadram.site\/master\/index.php\/de\/ergo-support-und-schulungstechniker\/\" target=\"_blank\" rel=\"noreferrer noopener\">Mehr erfahren<\/a><\/div>\n<\/div>\n<\/div>\n\n\n\n<div class=\"wp-block-column is-layout-flow wp-block-column-is-layout-flow\">\n<h3 class=\"wp-block-heading\">Techniker f\u00fcr Anwendungsunterst\u00fctzung<\/h3>\n\n\n\n<p>Im Rahmen der Ausweitung unserer T\u00e4tigkeit suchen wir einen zuk\u00fcnftigen Supporttechniker der Stufen I und II, der unsere Kunden t\u00e4glich unterst\u00fctzt.<\/p>\n\n\n\n<div class=\"wp-block-buttons is-layout-flex wp-block-buttons-is-layout-flex\">\n<div class=\"wp-block-button is-style-primary\"><a class=\"wp-block-button__link wp-element-button\" href=\"http:\/\/corporate.quadram.site\/master\/index.php\/de\/techniker-fur-anwendungsunterstutzung\/\" target=\"_blank\" rel=\"noreferrer noopener\">Mehr erfahren<\/a><\/div>\n<\/div>\n<\/div>\n\n\n\n<div class=\"wp-block-column is-layout-flow wp-block-column-is-layout-flow\">\n<h3 class=\"wp-block-heading\">Entwickler Windev<\/h3>\n\n\n\n<p>Als Windev-Entwickler sind Sie dem Projektleiter angegliedert und beteiligen sich an der Wartung und Verbesserung bestehender Software sowie an der Gestaltung neuer Funktionen\/Produkte.<\/p>\n\n\n\n<div class=\"wp-block-buttons is-layout-flex wp-block-buttons-is-layout-flex\">\n<div class=\"wp-block-button is-style-primary\"><a class=\"wp-block-button__link wp-element-button\" href=\"http:\/\/corporate.quadram.site\/master\/index.php\/de\/entwickler-windev\/\" target=\"_blank\" rel=\"noreferrer noopener\">Mehr erfahren<\/a><\/div>\n<\/div>\n<\/div>\n<\/div>\n\n\n\n<div style=\"height:100px\" aria-hidden=\"true\" class=\"wp-block-spacer\"><\/div>\n","protected":false},"excerpt":{"rendered":"<p>Jobsangebot Quadram ist ein \u00fcberschaubares Unternehmen, das die Kundenzufriedenheit zu seinem Erfolgsmotor gemacht hat. Bei Quadram zu arbeiten bedeutet, von einer Leidenschaft f\u00fcr IT und neue Technologien angetrieben zu werden, aber auch zu wissen, wie man in einem soliden, dynamischen und gro\u00dfz\u00fcgigen Team sein Bestes gibt. M\u00f6chtest Du mitmachen ? Schicken Sie uns Ihre Initiativbewerbung&hellip;&nbsp;<a href=\"https:\/\/corporate.quadram.site\/?page_id=1061\" class=\"\" rel=\"bookmark\">Lire la suite &raquo;<span class=\"screen-reader-text\">Jobsangebot<\/span><\/a><\/p>\n","protected":false},"author":1,"featured_media":0,"parent":0,"menu_order":0,"comment_status":"closed","ping_status":"closed","template":"","meta":{"neve_meta_sidebar":"","neve_meta_container":"","neve_meta_enable_content_width":"","neve_meta_content_width":0,"neve_meta_title_alignment":"","neve_meta_author_avatar":"","neve_post_elements_order":"","neve_meta_disable_header":"","neve_meta_disable_footer":"","neve_meta_disable_title":"on","footnotes":""},"class_list":["post-1061","page","type-page","status-publish","hentry"],"_links":{"self":[{"href":"https:\/\/corporate.quadram.site\/index.php?rest_route=\/wp\/v2\/pages\/1061","targetHints":{"allow":["GET"]}}],"collection":[{"href":"https:\/\/corporate.quadram.site\/index.php?rest_route=\/wp\/v2\/pages"}],"about":[{"href":"https:\/\/corporate.quadram.site\/index.php?rest_route=\/wp\/v2\/types\/page"}],"author":[{"embeddable":true,"href":"https:\/\/corporate.quadram.site\/index.php?rest_route=\/wp\/v2\/users\/1"}],"replies":[{"embeddable":true,"href":"https:\/\/corporate.quadram.site\/index.php?rest_route=%2Fwp%2Fv2%2Fcomments&post=1061"}],"version-history":[{"count":6,"href":"https:\/\/corporate.quadram.site\/index.php?rest_route=\/wp\/v2\/pages\/1061\/revisions"}],"predecessor-version":[{"id":1905,"href":"https:\/\/corporate.quadram.site\/index.php?rest_route=\/wp\/v2\/pages\/1061\/revisions\/1905"}],"wp:attachment":[{"href":"https:\/\/corporate.quadram.site\/index.php?rest_route=%2Fwp%2Fv2%2Fmedia&parent=1061"}],"curies":[{"name":"wp","href":"https:\/\/api.w.org\/{rel}","templated":true}]}}