{"id":1070,"date":"2023-05-12T11:26:40","date_gmt":"2023-05-12T09:26:40","guid":{"rendered":"http:\/\/corporate.quadram.site\/master\/?page_id=1070"},"modified":"2023-06-01T15:26:20","modified_gmt":"2023-06-01T13:26:20","slug":"entwickler-windev","status":"publish","type":"page","link":"https:\/\/corporate.quadram.site\/?page_id=1070","title":{"rendered":"Entwickler Windev"},"content":{"rendered":"\n<div style=\"height:25px\" aria-hidden=\"true\" class=\"wp-block-spacer\"><\/div>\n\n\n\n\n\n<div style=\"height:25px\" aria-hidden=\"true\" class=\"wp-block-spacer\"><\/div>\n\n\n\n<h1 class=\"wp-block-heading\">Entwickler Windev<\/h1>\n\n\n\n<h2 class=\"wp-block-heading\">\ud83c\udfaf Die mission<\/h2>\n\n\n\n<p>Als Windev-Entwickler berichten Sie dem Projektmanager und beteiligen sich an der Wartung und Verbesserung bestehender Software sowie an der Gestaltung neuer Funktionen\/Produkte, haupts\u00e4chlich durch:<\/p>\n\n\n\n<ul class=\"wp-block-list\">\n<li>Analyse der Kundenbed\u00fcrfnisse, Durchf\u00fchrung von Audits und Erstellung detaillierter Spezifikationen<\/li>\n\n\n\n<li>Die Entwicklung von L\u00f6sungen entspricht der Entwicklungscharta<\/li>\n\n\n\n<li>Durchf\u00fchren von Unit-Tests<\/li>\n\n\n\n<li>Berichterstattung und genaue \u00dcberwachung des Fortschritts<\/li>\n\n\n\n<li>Der Einsatz von Entwicklungen wird durchgef\u00fchrt<\/li>\n<\/ul>\n\n\n\n<p>M\u00f6glicherweise m\u00fcssen Sie auch Folgendes angeben:<\/p>\n\n\n\n<ul class=\"wp-block-list\">\n<li>Verfassen von Benutzerhandb\u00fcchern und technischen Handb\u00fcchern<\/li>\n\n\n\n<li>Benutzerschulung<\/li>\n\n\n\n<li>Technischer Benutzersupport<\/li>\n<\/ul>\n\n\n\n<h2 class=\"wp-block-heading\">\ud83c\udf93 Dein profil<\/h2>\n\n\n\n<p>Du arbeitest sowohl gerne selbstst\u00e4ndig als auch im Team,<br>Sie arbeiten gewissenhaft und methodisch und werden f\u00fcr Ihre Professionalit\u00e4t gesch\u00e4tzt.<br>Dies muss auf der Grundlage von Innovationen in der IT erfolgen und darauf abzielen, den Herausforderungen neuer Technologien gerecht zu werden.<br>Sie haben den Ehrgeiz, sich in die Position eines Projektmanagers weiterzuentwickeln.<\/p>\n\n\n\n<h3 class=\"wp-block-heading\">F\u00e4higkeiten<\/h3>\n\n\n\n<p>Sie verf\u00fcgen \u00fcber eine EDV-Ausbildung (mindestens Bac + 3) und k\u00f6nnen eine solide Berufserfahrung von mindestens 5 Jahren in einer vergleichbaren Position nachweisen.<br>Kenntnisse der mit dem Objekt verbundenen Programmierung, Beherrschung von DBMS wie SQL Server, MySQL, Hyperfile, insbesondere der betreffenden Prozeduren, Zeiger, Trigger und Joins sind unerl\u00e4sslich.<br>Kenntnisse in allen anderen Programmiersprachen, einschlie\u00dflich C#.NET, werden als Vorteil angesehen.<br>Sie sprechen mindestens zwei dieser drei Sprachen flie\u00dfend: Deutsch, Englisch, Franz\u00f6sisch.<br>Kenntnisse in Gesch\u00e4ftsanwendungen (ERP, EDI, HRIS, CRM) sind von Vorteil.<\/p>\n\n\n\n<h2 class=\"wp-block-heading\">\ud83d\udcc4 Unser angebot<\/h2>\n\n\n\n<p>Wenn Sie Quadram beitreten, werden Sie Teil eines dynamischen und inspirierenden Teams und arbeiten mit aufgeschlossenen und konstruktiven Menschen zusammen.<br>Um Sie bei Ihren Anf\u00e4ngen bei Quadram zu begleiten, profitieren Sie von einem funktionellen Training in den verschiedenen Produkten.<br>Die Verg\u00fctung richtet sich nach den F\u00e4higkeiten und der Berufserfahrung.<\/p>\n\n\n\n<div style=\"height:100px\" aria-hidden=\"true\" class=\"wp-block-spacer\"><\/div>\n","protected":false},"excerpt":{"rendered":"<p>Entwickler Windev \ud83c\udfaf Die mission Als Windev-Entwickler berichten Sie dem Projektmanager und beteiligen sich an der Wartung und Verbesserung bestehender Software sowie an der Gestaltung neuer Funktionen\/Produkte, haupts\u00e4chlich durch: M\u00f6glicherweise m\u00fcssen Sie auch Folgendes angeben: \ud83c\udf93 Dein profil Du arbeitest sowohl gerne selbstst\u00e4ndig als auch im Team,Sie arbeiten gewissenhaft und methodisch und werden f\u00fcr Ihre&hellip;&nbsp;<a href=\"https:\/\/corporate.quadram.site\/?page_id=1070\" class=\"\" rel=\"bookmark\">Lire la suite &raquo;<span class=\"screen-reader-text\">Entwickler Windev<\/span><\/a><\/p>\n","protected":false},"author":1,"featured_media":0,"parent":1061,"menu_order":0,"comment_status":"closed","ping_status":"closed","template":"","meta":{"neve_meta_sidebar":"","neve_meta_container":"","neve_meta_enable_content_width":"","neve_meta_content_width":0,"neve_meta_title_alignment":"","neve_meta_author_avatar":"","neve_post_elements_order":"","neve_meta_disable_header":"","neve_meta_disable_footer":"","neve_meta_disable_title":"on","footnotes":""},"class_list":["post-1070","page","type-page","status-publish","hentry"],"_links":{"self":[{"href":"https:\/\/corporate.quadram.site\/index.php?rest_route=\/wp\/v2\/pages\/1070","targetHints":{"allow":["GET"]}}],"collection":[{"href":"https:\/\/corporate.quadram.site\/index.php?rest_route=\/wp\/v2\/pages"}],"about":[{"href":"https:\/\/corporate.quadram.site\/index.php?rest_route=\/wp\/v2\/types\/page"}],"author":[{"embeddable":true,"href":"https:\/\/corporate.quadram.site\/index.php?rest_route=\/wp\/v2\/users\/1"}],"replies":[{"embeddable":true,"href":"https:\/\/corporate.quadram.site\/index.php?rest_route=%2Fwp%2Fv2%2Fcomments&post=1070"}],"version-history":[{"count":2,"href":"https:\/\/corporate.quadram.site\/index.php?rest_route=\/wp\/v2\/pages\/1070\/revisions"}],"predecessor-version":[{"id":1866,"href":"https:\/\/corporate.quadram.site\/index.php?rest_route=\/wp\/v2\/pages\/1070\/revisions\/1866"}],"up":[{"embeddable":true,"href":"https:\/\/corporate.quadram.site\/index.php?rest_route=\/wp\/v2\/pages\/1061"}],"wp:attachment":[{"href":"https:\/\/corporate.quadram.site\/index.php?rest_route=%2Fwp%2Fv2%2Fmedia&parent=1070"}],"curies":[{"name":"wp","href":"https:\/\/api.w.org\/{rel}","templated":true}]}}