{"id":1108,"date":"2023-05-12T15:46:14","date_gmt":"2023-05-12T13:46:14","guid":{"rendered":"http:\/\/corporate.quadram.site\/master\/?page_id=1108"},"modified":"2023-06-07T16:04:39","modified_gmt":"2023-06-07T14:04:39","slug":"facturation-electronique","status":"publish","type":"page","link":"https:\/\/corporate.quadram.site\/?page_id=1108","title":{"rendered":"Facturation \u00e9lectronique"},"content":{"rendered":"\n<div style=\"height:50px\" aria-hidden=\"true\" class=\"wp-block-spacer\"><\/div>\n\n\n\n<h1 class=\"wp-block-heading\">Facturation \u00e9lectronique<\/h1>\n\n\n\n<div class=\"wp-block-cover alignfull\" style=\"min-height:500px;aspect-ratio:unset;\"><span aria-hidden=\"true\" class=\"wp-block-cover__background has-nv-site-bg-background-color has-background-dim-100 has-background-dim\"><\/span><div class=\"wp-block-cover__inner-container is-layout-flow wp-block-cover-is-layout-flow\">\n<div class=\"wp-block-columns is-layout-flex wp-container-core-columns-is-layout-9d6595d7 wp-block-columns-is-layout-flex\">\n<div class=\"wp-block-column is-vertically-aligned-top is-layout-flow wp-block-column-is-layout-flow\">\n<p class=\"has-neve-text-color-color has-text-color\">Le module Facturation \u00e9lectronique pour les logiciels ErgoOffice et ErgoEntrepreneur est outil int\u00e9gr\u00e9 permettant l\u2019envoi de factures au format \u00e9lectronique structur\u00e9 (XML \u2013 UBL) via le r\u00e9seau de distribution&nbsp;<strong>Peppol<\/strong>.<\/p>\n\n\n<div class=\"wp-block-image\">\n<figure class=\"aligncenter size-large is-resized\"><img loading=\"lazy\" decoding=\"async\" src=\"http:\/\/corporate.quadram.site\/master\/wp-content\/uploads\/2023\/05\/Facturation-electronique-Conversion-vers-xml-1024x533.png\" alt=\"Facturation \u00e9lectronique - Conversion vers xml\" class=\"wp-image-64\" width=\"256\" height=\"133\" srcset=\"https:\/\/corporate.quadram.site\/wp-content\/uploads\/2023\/05\/Facturation-electronique-Conversion-vers-xml-1024x533.png 1024w, https:\/\/corporate.quadram.site\/wp-content\/uploads\/2023\/05\/Facturation-electronique-Conversion-vers-xml-300x156.png 300w, https:\/\/corporate.quadram.site\/wp-content\/uploads\/2023\/05\/Facturation-electronique-Conversion-vers-xml-768x400.png 768w, https:\/\/corporate.quadram.site\/wp-content\/uploads\/2023\/05\/Facturation-electronique-Conversion-vers-xml-1536x800.png 1536w, https:\/\/corporate.quadram.site\/wp-content\/uploads\/2023\/05\/Facturation-electronique-Conversion-vers-xml-2048x1066.png 2048w\" sizes=\"auto, (max-width: 256px) 100vw, 256px\" \/><\/figure>\n<\/div>\n\n\n<div style=\"height:25px\" aria-hidden=\"true\" class=\"wp-block-spacer\"><\/div>\n\n\n\n<h2 class=\"wp-block-heading has-neve-text-color-color has-text-color\">Description<\/h2>\n\n\n\n<p class=\"has-neve-text-color-color has-text-color\">Il r\u00e9pond aux exigences des professionnels du b\u00e2timent et de la construction \u00e9tablissant des factures \u00e0 destination des organismes publics, en termes de&nbsp;:<\/p>\n\n\n\n<ul class=\"has-neve-text-color-color has-text-color wp-block-list\">\n<li><strong>Gain de temps<\/strong>&nbsp;: le module Facturation \u00e9lectronique est int\u00e9gr\u00e9 \u00e0 ErgoOffice et ErgoEntrepreneur, permettant aux utilisateurs de cr\u00e9er et envoyer des factures \u00e9lectroniques sans quitter leur espace de travail.<\/li>\n\n\n\n<li><strong>Optimisation du workflow de facturation<\/strong>&nbsp;: les factures \u00e9lectroniques \u00e9tant cr\u00e9\u00e9es dans l\u2019environnement ErgoOffice ou ErgoEntrepreneur, elles sont facilement int\u00e9gr\u00e9es dans les flux de traitement automatis\u00e9s d\u00e9j\u00e0 mis en place pour les autres types de factures.<\/li>\n\n\n\n<li><strong>Facilit\u00e9 d\u2019utilisation<\/strong>&nbsp;: le module Facturation \u00e9lectronique offre une interface con\u00e7ue sur les m\u00eames principes que les autres fen\u00eatres des applications ErgoOffice et ErgoEntrepreneur. Les utilisateurs retrouvent ainsi un environnement connu avec des rep\u00e8res familiers, qui facilitent l\u2019appropriation de l\u2019outil et la ma\u00eetrise de la facturation \u00e9lectronique.<\/li>\n<\/ul>\n<\/div>\n\n\n\n<div class=\"wp-block-column is-vertically-aligned-top is-layout-flow wp-block-column-is-layout-flow\">\n<p class=\"has-neve-text-color-color has-text-color\">Vous ne connaissez pas encore les solutions Ergo. D\u00e9couvrez-les vite :<\/p>\n\n\n\n<div class=\"wp-block-columns is-layout-flex wp-container-core-columns-is-layout-9d6595d7 wp-block-columns-is-layout-flex\">\n<div class=\"wp-block-column is-layout-flow wp-block-column-is-layout-flow\">\n<div class=\"wp-block-buttons is-horizontal is-content-justification-center is-layout-flex wp-container-core-buttons-is-layout-499968f5 wp-block-buttons-is-layout-flex\">\n<div class=\"wp-block-button has-custom-font-size is-style-primary has-small-font-size\"><a class=\"wp-block-button__link has-background wp-element-button\" href=\"http:\/\/corporate.quadram.site\/master\/index.php\/ergooffice\/\" style=\"background-color:#214478\" target=\"_blank\" rel=\"noreferrer noopener\">D\u00e9couvrir ErgoOffice<\/a><\/div>\n<\/div>\n<\/div>\n\n\n\n<div class=\"wp-block-column is-layout-flow wp-block-column-is-layout-flow\">\n<div class=\"wp-block-buttons is-layout-flex wp-block-buttons-is-layout-flex\">\n<div class=\"wp-block-button has-custom-font-size is-style-primary has-small-font-size\"><a class=\"wp-block-button__link has-background wp-element-button\" href=\"http:\/\/corporate.quadram.site\/master\/index.php\/ergoentrepreneur\/\" style=\"background-color:#d45500\" target=\"_blank\" rel=\"noreferrer noopener\">D\u00e9couvrir ErgoEntrepreneur<\/a><\/div>\n<\/div>\n<\/div>\n<\/div>\n\n\n\n<p class=\"has-neve-text-color-color has-text-color\">Le module Facturation \u00e9lectronique a \u00e9t\u00e9 d\u00e9velopp\u00e9 conform\u00e9ment \u00e0 la loi entr\u00e9e en vigueur le&nbsp;<strong>13 d\u00e9cembre 2021<\/strong>&nbsp;et dont l\u2019application devient&nbsp;<strong>obligatoire<\/strong>. D\u00e9terminer \u00e0 quel type d\u2019op\u00e9rateur votre organisation appartient en cochant les cases correspondantes sur le sch\u00e9ma ci-dessous et v\u00e9rifier la date d&rsquo;application de la loi :<\/p>\n\n\n\n<figure class=\"wp-block-image size-large\"><img loading=\"lazy\" decoding=\"async\" width=\"1024\" height=\"887\" src=\"http:\/\/corporate.quadram.site\/master\/wp-content\/uploads\/2023\/05\/Facturation-electronique-Operateurs-economiques-1024x887.png\" alt=\"\" class=\"wp-image-1114\" srcset=\"https:\/\/corporate.quadram.site\/wp-content\/uploads\/2023\/05\/Facturation-electronique-Operateurs-economiques-1024x887.png 1024w, https:\/\/corporate.quadram.site\/wp-content\/uploads\/2023\/05\/Facturation-electronique-Operateurs-economiques-300x260.png 300w, https:\/\/corporate.quadram.site\/wp-content\/uploads\/2023\/05\/Facturation-electronique-Operateurs-economiques-768x665.png 768w, https:\/\/corporate.quadram.site\/wp-content\/uploads\/2023\/05\/Facturation-electronique-Operateurs-economiques-1536x1331.png 1536w, https:\/\/corporate.quadram.site\/wp-content\/uploads\/2023\/05\/Facturation-electronique-Operateurs-economiques-2048x1775.png 2048w\" sizes=\"auto, (max-width: 1024px) 100vw, 1024px\" \/><\/figure>\n<\/div>\n<\/div>\n<\/div><\/div>\n\n\n\n<div style=\"height:100px\" aria-hidden=\"true\" class=\"wp-block-spacer\"><\/div>\n","protected":false},"excerpt":{"rendered":"<p>Facturation \u00e9lectronique<\/p>\n","protected":false},"author":1,"featured_media":0,"parent":0,"menu_order":0,"comment_status":"closed","ping_status":"closed","template":"","meta":{"neve_meta_sidebar":"","neve_meta_container":"contained","neve_meta_enable_content_width":"on","neve_meta_content_width":100,"neve_meta_title_alignment":"","neve_meta_author_avatar":"","neve_post_elements_order":"","neve_meta_disable_header":"","neve_meta_disable_footer":"","neve_meta_disable_title":"on","footnotes":""},"class_list":["post-1108","page","type-page","status-publish","hentry"],"_links":{"self":[{"href":"https:\/\/corporate.quadram.site\/index.php?rest_route=\/wp\/v2\/pages\/1108","targetHints":{"allow":["GET"]}}],"collection":[{"href":"https:\/\/corporate.quadram.site\/index.php?rest_route=\/wp\/v2\/pages"}],"about":[{"href":"https:\/\/corporate.quadram.site\/index.php?rest_route=\/wp\/v2\/types\/page"}],"author":[{"embeddable":true,"href":"https:\/\/corporate.quadram.site\/index.php?rest_route=\/wp\/v2\/users\/1"}],"replies":[{"embeddable":true,"href":"https:\/\/corporate.quadram.site\/index.php?rest_route=%2Fwp%2Fv2%2Fcomments&post=1108"}],"version-history":[{"count":19,"href":"https:\/\/corporate.quadram.site\/index.php?rest_route=\/wp\/v2\/pages\/1108\/revisions"}],"predecessor-version":[{"id":2073,"href":"https:\/\/corporate.quadram.site\/index.php?rest_route=\/wp\/v2\/pages\/1108\/revisions\/2073"}],"wp:attachment":[{"href":"https:\/\/corporate.quadram.site\/index.php?rest_route=%2Fwp%2Fv2%2Fmedia&parent=1108"}],"curies":[{"name":"wp","href":"https:\/\/api.w.org\/{rel}","templated":true}]}}