{"id":1990,"date":"2023-06-06T15:07:35","date_gmt":"2023-06-06T13:07:35","guid":{"rendered":"http:\/\/corporate.quadram.site\/master\/?page_id=1990"},"modified":"2023-06-08T17:15:23","modified_gmt":"2023-06-08T15:15:23","slug":"webinaires-ergoarchitecte","status":"publish","type":"page","link":"https:\/\/corporate.quadram.site\/?page_id=1990","title":{"rendered":"Webinaires ErgoArchitecte"},"content":{"rendered":"\n<div class=\"wp-block-columns is-layout-flex wp-container-core-columns-is-layout-9d6595d7 wp-block-columns-is-layout-flex\">\n<div class=\"wp-block-column is-layout-flow wp-block-column-is-layout-flow\">\n<p>Profitez de l\u2019\u00e9t\u00e9 pour participer au nouveau cycle de webinaires consacr\u00e9s \u00e0 ErgoArchitecte.<\/p>\n\n\n\n<p>L&rsquo;an dernier, vous avez pu d\u00e9couvrir les principaux atouts du logiciel.*<br><sub><em>*Si vous n\u2019y avez pas particip\u00e9 mais que le sujet vous int\u00e9resse, n\u2019h\u00e9sitez pas \u00e0 nous contacter&nbsp;<a href=\"mailto:info@quadram.lu\">info@quadram.lu<\/a><\/em><\/sub>.<\/p>\n\n\n\n<p>Cette ann\u00e9e, retrouvez votre int\u00e9grateur Quadram pour une s\u00e9rie consacr\u00e9e aux bonnes pratiques et aux petites astuces pour optimiser l&rsquo;utilisation d&rsquo;ErgoArchitecte.<\/p>\n\n\n\n<p>Voici les 3 sessions \u00e0 venir :<\/p>\n\n\n\n<ul class=\"wp-block-list\">\n<li>Session 1 &#8211; <strong>Mercredi 5 juillet \u00e0 10h <\/strong>: Comparatif des offres : modes d&rsquo;importation et de saisie<\/li>\n<\/ul>\n\n\n\n<div class=\"wp-block-buttons is-content-justification-center is-layout-flex wp-container-core-buttons-is-layout-16018d1d wp-block-buttons-is-layout-flex\">\n<div class=\"wp-block-button is-style-primary\"><a class=\"wp-block-button__link has-background wp-element-button\" href=\"http:\/\/corporate.quadram.site\/master\/index.php\/webinaires-ergoarchitecte\/webinaire-n1-ergoarchitecte\/\" style=\"border-radius:5px;background-color:#c72f1a\">S&rsquo;inscrire au webinaire<\/a><\/div>\n<\/div>\n\n\n\n<ul class=\"wp-block-list\">\n<li>Session 2 &#8211; <strong>Mercredi 12 juillet \u00e0 10h<\/strong> : Du comparatif \u00e0 la r\u00e9alisation &#8211; exports, courriers et r\u00e8gles des march\u00e9s adjudiqu\u00e9s<\/li>\n\n\n\n<li>Session 3 &#8211; <strong>Mercredi 19 juillet \u00e0 10h<\/strong> : R\u00e9alisation &#8211; Les modes avanc\u00e9s<\/li>\n<\/ul>\n\n\n\n<p>Ces webinaires sont gratuits, organis\u00e9s \u00e0 distance via MS Teams et r\u00e9serv\u00e9s aux utilisateurs d&rsquo;ErgoArchitecte. Ils ne seront pas disponibles en replay et n&rsquo;ont pas pour vocation de suppl\u00e9er une quelconque formation.<\/p>\n<\/div>\n<\/div>\n","protected":false},"excerpt":{"rendered":"<p>Profitez de l\u2019\u00e9t\u00e9 pour participer au nouveau cycle de webinaires consacr\u00e9s \u00e0 ErgoArchitecte. L&rsquo;an dernier, vous avez pu d\u00e9couvrir les principaux atouts du logiciel.**Si vous n\u2019y avez pas particip\u00e9 mais que le sujet vous int\u00e9resse, n\u2019h\u00e9sitez pas \u00e0 nous contacter&nbsp;info@quadram.lu. Cette ann\u00e9e, retrouvez votre int\u00e9grateur Quadram pour une s\u00e9rie consacr\u00e9e aux bonnes pratiques et aux&hellip;&nbsp;<a href=\"https:\/\/corporate.quadram.site\/?page_id=1990\" class=\"\" rel=\"bookmark\">Lire la suite &raquo;<span class=\"screen-reader-text\">Webinaires ErgoArchitecte<\/span><\/a><\/p>\n","protected":false},"author":1,"featured_media":0,"parent":0,"menu_order":0,"comment_status":"closed","ping_status":"closed","template":"","meta":{"neve_meta_sidebar":"","neve_meta_container":"","neve_meta_enable_content_width":"","neve_meta_content_width":0,"neve_meta_title_alignment":"","neve_meta_author_avatar":"","neve_post_elements_order":"","neve_meta_disable_header":"","neve_meta_disable_footer":"","neve_meta_disable_title":"","footnotes":""},"class_list":["post-1990","page","type-page","status-publish","hentry"],"_links":{"self":[{"href":"https:\/\/corporate.quadram.site\/index.php?rest_route=\/wp\/v2\/pages\/1990","targetHints":{"allow":["GET"]}}],"collection":[{"href":"https:\/\/corporate.quadram.site\/index.php?rest_route=\/wp\/v2\/pages"}],"about":[{"href":"https:\/\/corporate.quadram.site\/index.php?rest_route=\/wp\/v2\/types\/page"}],"author":[{"embeddable":true,"href":"https:\/\/corporate.quadram.site\/index.php?rest_route=\/wp\/v2\/users\/1"}],"replies":[{"embeddable":true,"href":"https:\/\/corporate.quadram.site\/index.php?rest_route=%2Fwp%2Fv2%2Fcomments&post=1990"}],"version-history":[{"count":18,"href":"https:\/\/corporate.quadram.site\/index.php?rest_route=\/wp\/v2\/pages\/1990\/revisions"}],"predecessor-version":[{"id":2127,"href":"https:\/\/corporate.quadram.site\/index.php?rest_route=\/wp\/v2\/pages\/1990\/revisions\/2127"}],"wp:attachment":[{"href":"https:\/\/corporate.quadram.site\/index.php?rest_route=%2Fwp%2Fv2%2Fmedia&parent=1990"}],"curies":[{"name":"wp","href":"https:\/\/api.w.org\/{rel}","templated":true}]}}