{"id":2050,"date":"2023-06-07T15:34:31","date_gmt":"2023-06-07T13:34:31","guid":{"rendered":"http:\/\/corporate.quadram.site\/master\/?page_id=2050"},"modified":"2023-06-07T15:52:39","modified_gmt":"2023-06-07T13:52:39","slug":"ergosoumission","status":"publish","type":"page","link":"https:\/\/corporate.quadram.site\/?page_id=2050","title":{"rendered":"ErgoSoumission"},"content":{"rendered":"\n<div style=\"height:25px\" aria-hidden=\"true\" class=\"wp-block-spacer\"><\/div>\n\n\n\n\n\n<div style=\"height:50px\" aria-hidden=\"true\" class=\"wp-block-spacer\"><\/div>\n\n\n\n<h1 class=\"wp-block-heading\">ErgoSoumission<\/h1>\n\n\n\n<div style=\"height:50px\" aria-hidden=\"true\" class=\"wp-block-spacer\"><\/div>\n\n\n\n<div class=\"wp-block-columns is-layout-flex wp-container-core-columns-is-layout-9d6595d7 wp-block-columns-is-layout-flex\">\n<div class=\"wp-block-column is-layout-flow wp-block-column-is-layout-flow\"><div class=\"wp-block-image\">\n<figure class=\"aligncenter size-medium is-resized\"><img loading=\"lazy\" decoding=\"async\" src=\"http:\/\/corporate.quadram.site\/master\/wp-content\/uploads\/2023\/05\/Cover-ES-202x300.png\" alt=\"Produit ErgoSoumission\" class=\"wp-image-402\" width=\"202\" height=\"300\" srcset=\"https:\/\/corporate.quadram.site\/wp-content\/uploads\/2023\/05\/Cover-ES-202x300.png 202w, https:\/\/corporate.quadram.site\/wp-content\/uploads\/2023\/05\/Cover-ES-689x1024.png 689w, https:\/\/corporate.quadram.site\/wp-content\/uploads\/2023\/05\/Cover-ES-768x1142.png 768w, https:\/\/corporate.quadram.site\/wp-content\/uploads\/2023\/05\/Cover-ES-1033x1536.png 1033w, https:\/\/corporate.quadram.site\/wp-content\/uploads\/2023\/05\/Cover-ES.png 1345w\" sizes=\"auto, (max-width: 202px) 100vw, 202px\" \/><\/figure>\n<\/div>\n\n\n<div style=\"height:25px\" aria-hidden=\"true\" class=\"wp-block-spacer\"><\/div>\n<\/div>\n\n\n\n<div class=\"wp-block-column is-layout-flow wp-block-column-is-layout-flow\">\n<h2 class=\"wp-block-heading has-text-align-left\">Ressources<\/h2>\n\n\n\n<p><strong><strong>ErgoSoumission<\/strong><\/strong>&nbsp;est une application gratuite pour la r\u00e9alisation des soumissions \u00e9lectroniques, avec un&nbsp;transfert s\u00e9curis\u00e9 par fichier \u00e9lectronique.<\/p>\n\n\n\n<div class=\"wp-block-buttons is-content-justification-left is-layout-flex wp-container-core-buttons-is-layout-fdcfc74e wp-block-buttons-is-layout-flex\">\n<div class=\"wp-block-button is-style-primary\" id=\"ancre-es\"><a class=\"wp-block-button__link wp-element-button\" href=\"https:\/\/www.quadram.lu\/memfiles\/ErgoSoum\/ErgoSoumInstall.EXE\">T\u00e9l\u00e9charger<\/a><\/div>\n<\/div>\n<\/div>\n<\/div>\n\n\n\n<div style=\"height:100px\" aria-hidden=\"true\" class=\"wp-block-spacer\"><\/div>\n","protected":false},"excerpt":{"rendered":"<p>ErgoSoumission Ressources ErgoSoumission&nbsp;est une application gratuite pour la r\u00e9alisation des soumissions \u00e9lectroniques, avec un&nbsp;transfert s\u00e9curis\u00e9 par fichier \u00e9lectronique.<\/p>\n","protected":false},"author":1,"featured_media":0,"parent":369,"menu_order":0,"comment_status":"closed","ping_status":"closed","template":"","meta":{"neve_meta_sidebar":"","neve_meta_container":"","neve_meta_enable_content_width":"","neve_meta_content_width":0,"neve_meta_title_alignment":"","neve_meta_author_avatar":"","neve_post_elements_order":"","neve_meta_disable_header":"","neve_meta_disable_footer":"","neve_meta_disable_title":"on","footnotes":""},"class_list":["post-2050","page","type-page","status-publish","hentry"],"_links":{"self":[{"href":"https:\/\/corporate.quadram.site\/index.php?rest_route=\/wp\/v2\/pages\/2050","targetHints":{"allow":["GET"]}}],"collection":[{"href":"https:\/\/corporate.quadram.site\/index.php?rest_route=\/wp\/v2\/pages"}],"about":[{"href":"https:\/\/corporate.quadram.site\/index.php?rest_route=\/wp\/v2\/types\/page"}],"author":[{"embeddable":true,"href":"https:\/\/corporate.quadram.site\/index.php?rest_route=\/wp\/v2\/users\/1"}],"replies":[{"embeddable":true,"href":"https:\/\/corporate.quadram.site\/index.php?rest_route=%2Fwp%2Fv2%2Fcomments&post=2050"}],"version-history":[{"count":4,"href":"https:\/\/corporate.quadram.site\/index.php?rest_route=\/wp\/v2\/pages\/2050\/revisions"}],"predecessor-version":[{"id":2063,"href":"https:\/\/corporate.quadram.site\/index.php?rest_route=\/wp\/v2\/pages\/2050\/revisions\/2063"}],"up":[{"embeddable":true,"href":"https:\/\/corporate.quadram.site\/index.php?rest_route=\/wp\/v2\/pages\/369"}],"wp:attachment":[{"href":"https:\/\/corporate.quadram.site\/index.php?rest_route=%2Fwp%2Fv2%2Fmedia&parent=2050"}],"curies":[{"name":"wp","href":"https:\/\/api.w.org\/{rel}","templated":true}]}}