{"id":2112,"date":"2023-06-08T16:23:39","date_gmt":"2023-06-08T14:23:39","guid":{"rendered":"http:\/\/corporate.quadram.site\/master\/?page_id=2112"},"modified":"2023-06-08T18:12:31","modified_gmt":"2023-06-08T16:12:31","slug":"webinaire-n1-ergoarchitecte","status":"publish","type":"page","link":"https:\/\/corporate.quadram.site\/?page_id=2112","title":{"rendered":"Webinaire n\u00b01 ErgoArchitecte"},"content":{"rendered":"\n<div class=\"wp-block-columns is-layout-flex wp-container-core-columns-is-layout-9d6595d7 wp-block-columns-is-layout-flex\">\n<div class=\"wp-block-column is-layout-flow wp-block-column-is-layout-flow\" style=\"flex-basis:33.33%\">\n\n\n<h3 class=\"wp-block-heading\">Programme<\/h3>\n\n\n\n<p>Comparatif des offres dans ErgoArchitecte, avec la pr\u00e9sentation des diff\u00e9rents modes d&rsquo;importation et de saisie :<\/p>\n\n\n\n<ul class=\"wp-block-list\">\n<li>ErgoSoumission<\/li>\n\n\n\n<li>Gaeb<\/li>\n\n\n\n<li>MS Excel<\/li>\n\n\n\n<li>mode manuel<\/li>\n\n\n\n<li>Perfectionnement sur les calculs de prix de r\u00e9f\u00e9rence<\/li>\n<\/ul>\n\n\n\n<h3 class=\"wp-block-heading\">Date<\/h3>\n\n\n\n<p>Mercredi 5 juillet 2023 \u00e0 10h<\/p>\n\n\n\n<h3 class=\"wp-block-heading\">Modalit\u00e9s<\/h3>\n\n\n\n<p>Acc\u00e8s au webinaire uniquement sur inscription, en compl\u00e9tant le formulaire ci-contre.<\/p>\n<\/div>\n\n\n\n<div class=\"wp-block-column is-layout-flow wp-block-column-is-layout-flow\" style=\"flex-basis:66.66%\">\n<!-- Begin Constant Contact Active Forms -->\n<script> var _ctct_m = \"12cb9c3e418053ca7bd99372688cc07b\"; <\/script>\n<script id=\"signupScript\" src=\"\/\/static.ctctcdn.com\/js\/signup-form-widget\/current\/signup-form-widget.min.js\" async defer><\/script>\n<!-- End Constant Contact Active Forms -->\n<!-- Begin Constant Contact Inline Form Code -->\n<div class=\"ctct-inline-form\" data-form-id=\"bfef3eaa-d5d2-4920-98db-a50f703e4a9f\"><\/div>\n<!-- End Constant Contact Inline Form Code -->\n<\/div>\n<\/div>\n","protected":false},"excerpt":{"rendered":"<p>Programme Comparatif des offres dans ErgoArchitecte, avec la pr\u00e9sentation des diff\u00e9rents modes d&rsquo;importation et de saisie : Date Mercredi 5 juillet 2023 \u00e0 10h Modalit\u00e9s Acc\u00e8s au webinaire uniquement sur inscription, en compl\u00e9tant le formulaire ci-contre.<\/p>\n","protected":false},"author":1,"featured_media":0,"parent":1990,"menu_order":0,"comment_status":"closed","ping_status":"closed","template":"","meta":{"neve_meta_sidebar":"","neve_meta_container":"","neve_meta_enable_content_width":"","neve_meta_content_width":0,"neve_meta_title_alignment":"","neve_meta_author_avatar":"","neve_post_elements_order":"","neve_meta_disable_header":"","neve_meta_disable_footer":"","neve_meta_disable_title":"","footnotes":""},"class_list":["post-2112","page","type-page","status-publish","hentry"],"_links":{"self":[{"href":"https:\/\/corporate.quadram.site\/index.php?rest_route=\/wp\/v2\/pages\/2112","targetHints":{"allow":["GET"]}}],"collection":[{"href":"https:\/\/corporate.quadram.site\/index.php?rest_route=\/wp\/v2\/pages"}],"about":[{"href":"https:\/\/corporate.quadram.site\/index.php?rest_route=\/wp\/v2\/types\/page"}],"author":[{"embeddable":true,"href":"https:\/\/corporate.quadram.site\/index.php?rest_route=\/wp\/v2\/users\/1"}],"replies":[{"embeddable":true,"href":"https:\/\/corporate.quadram.site\/index.php?rest_route=%2Fwp%2Fv2%2Fcomments&post=2112"}],"version-history":[{"count":5,"href":"https:\/\/corporate.quadram.site\/index.php?rest_route=\/wp\/v2\/pages\/2112\/revisions"}],"predecessor-version":[{"id":2126,"href":"https:\/\/corporate.quadram.site\/index.php?rest_route=\/wp\/v2\/pages\/2112\/revisions\/2126"}],"up":[{"embeddable":true,"href":"https:\/\/corporate.quadram.site\/index.php?rest_route=\/wp\/v2\/pages\/1990"}],"wp:attachment":[{"href":"https:\/\/corporate.quadram.site\/index.php?rest_route=%2Fwp%2Fv2%2Fmedia&parent=2112"}],"curies":[{"name":"wp","href":"https:\/\/api.w.org\/{rel}","templated":true}]}}