{"id":236,"date":"2023-05-05T14:45:10","date_gmt":"2023-05-05T12:45:10","guid":{"rendered":"http:\/\/corporate.quadram.site\/master\/?page_id=236"},"modified":"2023-06-02T10:04:16","modified_gmt":"2023-06-02T08:04:16","slug":"partenaires-references","status":"publish","type":"page","link":"https:\/\/corporate.quadram.site\/?page_id=236","title":{"rendered":"Partenaires &amp; R\u00e9f\u00e9rences"},"content":{"rendered":"\n<div style=\"height:50px\" aria-hidden=\"true\" class=\"wp-block-spacer\"><\/div>\n\n\n\n<h1 class=\"wp-block-heading\">Partenaires &amp; R\u00e9f\u00e9rences<\/h1>\n\n\n\n<div style=\"height:25px\" aria-hidden=\"true\" class=\"wp-block-spacer\"><\/div>\n\n\n\n<div class=\"wp-block-columns is-layout-flex wp-container-core-columns-is-layout-9d6595d7 wp-block-columns-is-layout-flex\">\n<div class=\"wp-block-column is-layout-flow wp-block-column-is-layout-flow\">\n<div class=\"wp-block-columns is-layout-flex wp-container-core-columns-is-layout-9d6595d7 wp-block-columns-is-layout-flex\">\n<div class=\"wp-block-column is-layout-flow wp-block-column-is-layout-flow\">\n<figure class=\"wp-block-image size-full\"><img loading=\"lazy\" decoding=\"async\" width=\"123\" height=\"37\" src=\"http:\/\/corporate.quadram.site\/master\/wp-content\/uploads\/2023\/05\/BGL.png\" alt=\"\" class=\"wp-image-246\"\/><\/figure>\n<\/div>\n\n\n\n<div class=\"wp-block-column is-layout-flow wp-block-column-is-layout-flow\">\n<figure class=\"wp-block-image size-full\"><img loading=\"lazy\" decoding=\"async\" width=\"200\" height=\"73\" src=\"http:\/\/corporate.quadram.site\/master\/wp-content\/uploads\/2023\/05\/CBCLogo.gif\" alt=\"\" class=\"wp-image-247\"\/><\/figure>\n<\/div>\n\n\n\n<div class=\"wp-block-column is-layout-flow wp-block-column-is-layout-flow\">\n<figure class=\"wp-block-image size-full\"><img loading=\"lazy\" decoding=\"async\" width=\"134\" height=\"69\" src=\"http:\/\/corporate.quadram.site\/master\/wp-content\/uploads\/2023\/05\/Ney.png\" alt=\"\" class=\"wp-image-258\"\/><\/figure>\n<\/div>\n\n\n\n<div class=\"wp-block-column is-layout-flow wp-block-column-is-layout-flow\">\n<figure class=\"wp-block-image size-full\"><img loading=\"lazy\" decoding=\"async\" width=\"75\" height=\"94\" src=\"http:\/\/corporate.quadram.site\/master\/wp-content\/uploads\/2023\/05\/Milestone.png\" alt=\"\" class=\"wp-image-257\"\/><\/figure>\n<\/div>\n<\/div>\n\n\n\n<div class=\"wp-block-columns is-layout-flex wp-container-core-columns-is-layout-9d6595d7 wp-block-columns-is-layout-flex\">\n<div class=\"wp-block-column is-layout-flow wp-block-column-is-layout-flow\"><div class=\"wp-block-image\">\n<figure class=\"aligncenter size-full is-resized\"><img loading=\"lazy\" decoding=\"async\" src=\"http:\/\/corporate.quadram.site\/master\/wp-content\/uploads\/2023\/05\/Triangulum.jpg\" alt=\"\" class=\"wp-image-264\" width=\"74\" height=\"105\" srcset=\"https:\/\/corporate.quadram.site\/wp-content\/uploads\/2023\/05\/Triangulum.jpg 412w, https:\/\/corporate.quadram.site\/wp-content\/uploads\/2023\/05\/Triangulum-212x300.jpg 212w\" sizes=\"auto, (max-width: 74px) 100vw, 74px\" \/><\/figure>\n<\/div><\/div>\n\n\n\n<div class=\"wp-block-column is-layout-flow wp-block-column-is-layout-flow\">\n<figure class=\"wp-block-image size-full\"><img loading=\"lazy\" decoding=\"async\" width=\"145\" height=\"43\" src=\"http:\/\/corporate.quadram.site\/master\/wp-content\/uploads\/2023\/05\/CFL.png\" alt=\"\" class=\"wp-image-249\"\/><\/figure>\n<\/div>\n\n\n\n<div class=\"wp-block-column is-layout-flow wp-block-column-is-layout-flow\"><div class=\"wp-block-image\">\n<figure class=\"aligncenter size-full\"><img loading=\"lazy\" decoding=\"async\" width=\"301\" height=\"167\" src=\"http:\/\/corporate.quadram.site\/master\/wp-content\/uploads\/2023\/05\/PTLuxLogo.jpg\" alt=\"\" class=\"wp-image-261\"\/><\/figure>\n<\/div><\/div>\n\n\n\n<div class=\"wp-block-column is-layout-flow wp-block-column-is-layout-flow\">\n<figure class=\"wp-block-image size-full\"><img loading=\"lazy\" decoding=\"async\" width=\"112\" height=\"47\" src=\"http:\/\/corporate.quadram.site\/master\/wp-content\/uploads\/2023\/05\/Team31.jpg\" alt=\"\" class=\"wp-image-262\"\/><\/figure>\n<\/div>\n<\/div>\n\n\n\n<div class=\"wp-block-columns is-layout-flex wp-container-core-columns-is-layout-9d6595d7 wp-block-columns-is-layout-flex\">\n<div class=\"wp-block-column is-layout-flow wp-block-column-is-layout-flow\">\n<figure class=\"wp-block-image size-full\"><img loading=\"lazy\" decoding=\"async\" width=\"220\" height=\"78\" src=\"http:\/\/corporate.quadram.site\/master\/wp-content\/uploads\/2023\/05\/VDLlogo.png\" alt=\"\" class=\"wp-image-265\"\/><\/figure>\n<\/div>\n\n\n\n<div class=\"wp-block-column is-layout-flow wp-block-column-is-layout-flow\">\n<figure class=\"wp-block-image size-full\"><img loading=\"lazy\" decoding=\"async\" width=\"353\" height=\"143\" src=\"http:\/\/corporate.quadram.site\/master\/wp-content\/uploads\/2023\/05\/PcSoftLogo.jpg\" alt=\"\" class=\"wp-image-259\" srcset=\"https:\/\/corporate.quadram.site\/wp-content\/uploads\/2023\/05\/PcSoftLogo.jpg 353w, https:\/\/corporate.quadram.site\/wp-content\/uploads\/2023\/05\/PcSoftLogo-300x122.jpg 300w\" sizes=\"auto, (max-width: 353px) 100vw, 353px\" \/><\/figure>\n<\/div>\n\n\n\n<div class=\"wp-block-column is-layout-flow wp-block-column-is-layout-flow\">\n<figure class=\"wp-block-image size-full\"><img loading=\"lazy\" decoding=\"async\" width=\"124\" height=\"124\" src=\"http:\/\/corporate.quadram.site\/master\/wp-content\/uploads\/2023\/05\/ProvBrabantWallone.jpg\" alt=\"\" class=\"wp-image-260\"\/><\/figure>\n<\/div>\n\n\n\n<div class=\"wp-block-column is-layout-flow wp-block-column-is-layout-flow\">\n<figure class=\"wp-block-image size-full\"><img loading=\"lazy\" decoding=\"async\" width=\"141\" height=\"100\" src=\"http:\/\/corporate.quadram.site\/master\/wp-content\/uploads\/2023\/05\/Beng.png\" alt=\"\" class=\"wp-image-244\"\/><\/figure>\n<\/div>\n<\/div>\n\n\n\n<div class=\"wp-block-columns is-layout-flex wp-container-core-columns-is-layout-9d6595d7 wp-block-columns-is-layout-flex\">\n<div class=\"wp-block-column is-layout-flow wp-block-column-is-layout-flow\">\n<figure class=\"wp-block-image size-large\"><img loading=\"lazy\" decoding=\"async\" width=\"1024\" height=\"232\" src=\"http:\/\/corporate.quadram.site\/master\/wp-content\/uploads\/2023\/05\/ballinipitt_logo_web-1024x232.png\" alt=\"\" class=\"wp-image-243\" srcset=\"https:\/\/corporate.quadram.site\/wp-content\/uploads\/2023\/05\/ballinipitt_logo_web-1024x232.png 1024w, https:\/\/corporate.quadram.site\/wp-content\/uploads\/2023\/05\/ballinipitt_logo_web-300x68.png 300w, https:\/\/corporate.quadram.site\/wp-content\/uploads\/2023\/05\/ballinipitt_logo_web-768x174.png 768w, https:\/\/corporate.quadram.site\/wp-content\/uploads\/2023\/05\/ballinipitt_logo_web.png 1210w\" sizes=\"auto, (max-width: 1024px) 100vw, 1024px\" \/><\/figure>\n<\/div>\n\n\n\n<div class=\"wp-block-column is-layout-flow wp-block-column-is-layout-flow\">\n<figure class=\"wp-block-image size-full\"><img loading=\"lazy\" decoding=\"async\" width=\"160\" height=\"118\" src=\"http:\/\/corporate.quadram.site\/master\/wp-content\/uploads\/2023\/05\/Best.jpg\" alt=\"\" class=\"wp-image-245\"\/><\/figure>\n<\/div>\n\n\n\n<div class=\"wp-block-column is-layout-flow wp-block-column-is-layout-flow\">\n<figure class=\"wp-block-image size-full\"><img loading=\"lazy\" decoding=\"async\" width=\"260\" height=\"260\" src=\"http:\/\/corporate.quadram.site\/master\/wp-content\/uploads\/2023\/05\/2017_t31_architects_logo_actuel.jpg\" alt=\"\" class=\"wp-image-263\" srcset=\"https:\/\/corporate.quadram.site\/wp-content\/uploads\/2023\/05\/2017_t31_architects_logo_actuel.jpg 260w, https:\/\/corporate.quadram.site\/wp-content\/uploads\/2023\/05\/2017_t31_architects_logo_actuel-150x150.jpg 150w\" sizes=\"auto, (max-width: 260px) 100vw, 260px\" \/><\/figure>\n<\/div>\n\n\n\n<div class=\"wp-block-column is-layout-flow wp-block-column-is-layout-flow\">\n<figure class=\"wp-block-image size-full\"><img loading=\"lazy\" decoding=\"async\" width=\"159\" height=\"50\" src=\"http:\/\/corporate.quadram.site\/master\/wp-content\/uploads\/2023\/05\/imagn.jpg\" alt=\"\" class=\"wp-image-253\"\/><\/figure>\n<\/div>\n<\/div>\n\n\n\n<div class=\"wp-block-columns is-layout-flex wp-container-core-columns-is-layout-9d6595d7 wp-block-columns-is-layout-flex\">\n<div class=\"wp-block-column is-layout-flow wp-block-column-is-layout-flow\">\n<figure class=\"wp-block-image size-full\"><img loading=\"lazy\" decoding=\"async\" width=\"466\" height=\"108\" src=\"http:\/\/corporate.quadram.site\/master\/wp-content\/uploads\/2023\/05\/CRTIB.png\" alt=\"\" class=\"wp-image-252\" srcset=\"https:\/\/corporate.quadram.site\/wp-content\/uploads\/2023\/05\/CRTIB.png 466w, https:\/\/corporate.quadram.site\/wp-content\/uploads\/2023\/05\/CRTIB-300x70.png 300w\" sizes=\"auto, (max-width: 466px) 100vw, 466px\" \/><\/figure>\n<\/div>\n\n\n\n<div class=\"wp-block-column is-layout-flow wp-block-column-is-layout-flow\">\n<figure class=\"wp-block-image size-full\"><img loading=\"lazy\" decoding=\"async\" width=\"543\" height=\"99\" src=\"http:\/\/corporate.quadram.site\/master\/wp-content\/uploads\/2023\/05\/CDDS_head_1.jpg\" alt=\"\" class=\"wp-image-248\" srcset=\"https:\/\/corporate.quadram.site\/wp-content\/uploads\/2023\/05\/CDDS_head_1.jpg 543w, https:\/\/corporate.quadram.site\/wp-content\/uploads\/2023\/05\/CDDS_head_1-300x55.jpg 300w\" sizes=\"auto, (max-width: 543px) 100vw, 543px\" \/><\/figure>\n<\/div>\n\n\n\n<div class=\"wp-block-column is-layout-flow wp-block-column-is-layout-flow\">\n<figure class=\"wp-block-image size-full\"><img loading=\"lazy\" decoding=\"async\" width=\"199\" height=\"72\" src=\"http:\/\/corporate.quadram.site\/master\/wp-content\/uploads\/2023\/05\/INCA.gif\" alt=\"\" class=\"wp-image-255\"\/><\/figure>\n<\/div>\n<\/div>\n<\/div>\n\n\n\n<div class=\"wp-block-column is-layout-flow wp-block-column-is-layout-flow\">\n<div class=\"wp-block-image\">\n<figure class=\"alignright size-medium is-resized\"><img loading=\"lazy\" decoding=\"async\" src=\"http:\/\/corporate.quadram.site\/master\/wp-content\/uploads\/2023\/05\/SME_Logo_Digital2-300x111.jpg\" alt=\"\" class=\"wp-image-272\" width=\"225\" height=\"83\" srcset=\"https:\/\/corporate.quadram.site\/wp-content\/uploads\/2023\/05\/SME_Logo_Digital2-300x111.jpg 300w, https:\/\/corporate.quadram.site\/wp-content\/uploads\/2023\/05\/SME_Logo_Digital2-1024x380.jpg 1024w, https:\/\/corporate.quadram.site\/wp-content\/uploads\/2023\/05\/SME_Logo_Digital2-768x285.jpg 768w, https:\/\/corporate.quadram.site\/wp-content\/uploads\/2023\/05\/SME_Logo_Digital2.jpg 1171w\" sizes=\"auto, (max-width: 225px) 100vw, 225px\" \/><\/figure>\n<\/div>\n\n<p>Quadram est partenaire du programme de subventionnement&nbsp;pour la digitalisation des entreprises du Luxembourg, SME Packages Digital.<\/p>\n\n\n<p>D\u00e9couvrez comment b\u00e9n\u00e9ficier d&rsquo;un remboursement jusqu&rsquo;\u00e0 5000\u20ac pour un investissement dans une solution digitale permettant d&rsquo;am\u00e9liorer votre gestion ou votre comp\u00e9titivit\u00e9.<\/p>\n\n\n<p>SME Packages Digital est une initiative pilot\u00e9e la House of Entrepreneurship (Chambre de commerce) et e-Handwierk (Chambre des M\u00e9tiers), et soutenue par la direction g\u00e9n\u00e9rale des Classes moyennes du Minist\u00e8re de l\u2019Economie.<\/p>\n\n\n<p>Pour en savoir plus, contactez-nous :&nbsp;<a href=\"mailto:info@quadram.lu?subject=Fit4Digital%20Packages&amp;body=Nom%2C%20Pr%C3%A9nom%20%3A%0AOrganisation%20%3A%0AEmail%20%3A%0AT%C3%A9l%C3%A9phone%20%3A%0A%0AMessage%20%3A\">info@quadram.lu<\/a>.<\/p>\n\n\n<p><strong>Consulter la brochure en cliquant sur l&rsquo;image<\/strong> :<\/p>\n\n<a href=\"http:\/\/corporate.quadram.site\/master\/wp-content\/uploads\/2023\/05\/SME_Depliant_Digital_FR.pdf\" target=\"_blank\" rel=\"noopener\">\n\n<figure class=\"wp-block-image size-full is-resized\"><img loading=\"lazy\" decoding=\"async\" src=\"http:\/\/corporate.quadram.site\/master\/wp-content\/uploads\/2023\/05\/SME-Packages-Digital.png\" alt=\"\" class=\"wp-image-1387\" width=\"177\" height=\"251\" srcset=\"https:\/\/corporate.quadram.site\/wp-content\/uploads\/2023\/05\/SME-Packages-Digital.png 706w, https:\/\/corporate.quadram.site\/wp-content\/uploads\/2023\/05\/SME-Packages-Digital-211x300.png 211w\" sizes=\"auto, (max-width: 177px) 100vw, 177px\" \/><\/a><\/figure><\/a>\n\n<\/div>\n<\/div>\n\n\n\n<div style=\"height:100px\" aria-hidden=\"true\" class=\"wp-block-spacer\"><\/div>\n","protected":false},"excerpt":{"rendered":"<p>Partenaires &amp; R\u00e9f\u00e9rences Quadram est partenaire du programme de subventionnement&nbsp;pour la digitalisation des entreprises du Luxembourg, SME Packages Digital. D\u00e9couvrez comment b\u00e9n\u00e9ficier d&rsquo;un remboursement jusqu&rsquo;\u00e0 5000\u20ac pour un investissement dans une solution digitale permettant d&rsquo;am\u00e9liorer votre gestion ou votre comp\u00e9titivit\u00e9. SME Packages Digital est une initiative pilot\u00e9e la House of Entrepreneurship (Chambre de commerce) et&hellip;&nbsp;<a href=\"https:\/\/corporate.quadram.site\/?page_id=236\" class=\"\" rel=\"bookmark\">Lire la suite &raquo;<span class=\"screen-reader-text\">Partenaires &amp; R\u00e9f\u00e9rences<\/span><\/a><\/p>\n","protected":false},"author":1,"featured_media":0,"parent":0,"menu_order":0,"comment_status":"closed","ping_status":"closed","template":"","meta":{"neve_meta_sidebar":"","neve_meta_container":"","neve_meta_enable_content_width":"","neve_meta_content_width":0,"neve_meta_title_alignment":"","neve_meta_author_avatar":"","neve_post_elements_order":"","neve_meta_disable_header":"","neve_meta_disable_footer":"","neve_meta_disable_title":"on","footnotes":""},"class_list":["post-236","page","type-page","status-publish","hentry"],"_links":{"self":[{"href":"https:\/\/corporate.quadram.site\/index.php?rest_route=\/wp\/v2\/pages\/236","targetHints":{"allow":["GET"]}}],"collection":[{"href":"https:\/\/corporate.quadram.site\/index.php?rest_route=\/wp\/v2\/pages"}],"about":[{"href":"https:\/\/corporate.quadram.site\/index.php?rest_route=\/wp\/v2\/types\/page"}],"author":[{"embeddable":true,"href":"https:\/\/corporate.quadram.site\/index.php?rest_route=\/wp\/v2\/users\/1"}],"replies":[{"embeddable":true,"href":"https:\/\/corporate.quadram.site\/index.php?rest_route=%2Fwp%2Fv2%2Fcomments&post=236"}],"version-history":[{"count":30,"href":"https:\/\/corporate.quadram.site\/index.php?rest_route=\/wp\/v2\/pages\/236\/revisions"}],"predecessor-version":[{"id":1911,"href":"https:\/\/corporate.quadram.site\/index.php?rest_route=\/wp\/v2\/pages\/236\/revisions\/1911"}],"wp:attachment":[{"href":"https:\/\/corporate.quadram.site\/index.php?rest_route=%2Fwp%2Fv2%2Fmedia&parent=236"}],"curies":[{"name":"wp","href":"https:\/\/api.w.org\/{rel}","templated":true}]}}