{"id":337,"date":"2023-05-05T16:54:11","date_gmt":"2023-05-05T14:54:11","guid":{"rendered":"http:\/\/corporate.quadram.site\/master\/?page_id=337"},"modified":"2023-06-02T10:07:03","modified_gmt":"2023-06-02T08:07:03","slug":"support-technique","status":"publish","type":"page","link":"https:\/\/corporate.quadram.site\/?page_id=337","title":{"rendered":"Support technique"},"content":{"rendered":"\n<div style=\"height:50px\" aria-hidden=\"true\" class=\"wp-block-spacer\"><\/div>\n\n\n\n<h1 class=\"wp-block-heading\">Support technique<\/h1>\n\n\n\n<p>Le support technique est le fondement de notre succ\u00e8s. Nous sommes toujours disponibles pour r\u00e9pondre aux questions de nos clients, aider les utilisateurs, donner des astuces, \u00e9couter les suggestions, noter les besoins sp\u00e9cifiques et r\u00e9soudre les probl\u00e8mes rencontr\u00e9s. Notre d\u00e9termination \u00e0 faire \u00e9voluer nos logiciels et \u00e0 les adapter aux nouveaux besoins permet \u00e0 nos clients de s\u2019assurer de la long\u00e9vit\u00e9 des produits qu\u2019ils ont acquis.<br>N\u2019oublions pas que nous sommes dans un monde qui change continuellement et que nos logiciels doivent pouvoir s\u2019adapter aux changements !<\/p>\n\n\n\n<p><strong>Nos contrats de maintenance<\/strong><br>Nous offrons \u00e0 nos clients des contrats de maintenance avec des services complets : une hotline, une assistance e-mail, une assistance \u00e0 distance via TeamViewer, une intervention sur place, et, bien s\u00fbr, les mises \u00e0 jour et les nouvelles versions des logiciels. Notre contrat de maintenance garantit \u00e0 nos clients l\u2019utilisation ininterrompue de nos produits&nbsp; !<\/p>\n\n\n\n<p><strong>Contacter le Support Technique<\/strong><br>Vous pouvez contacter le support technique par t\u00e9l\u00e9phone au +352 58.22.16-1 ou par email \u00e0 l&rsquo;adresse&nbsp;<a href=\"mailto:info@quadram.lu\">info<\/a><a href=\"mailto:support@quadram.lu\">@quadram.lu<\/a>.<\/p>\n\n\n\n<div style=\"height:100px\" aria-hidden=\"true\" class=\"wp-block-spacer\"><\/div>\n","protected":false},"excerpt":{"rendered":"<p>Support technique Le support technique est le fondement de notre succ\u00e8s. Nous sommes toujours disponibles pour r\u00e9pondre aux questions de nos clients, aider les utilisateurs, donner des astuces, \u00e9couter les suggestions, noter les besoins sp\u00e9cifiques et r\u00e9soudre les probl\u00e8mes rencontr\u00e9s. Notre d\u00e9termination \u00e0 faire \u00e9voluer nos logiciels et \u00e0 les adapter aux nouveaux besoins permet&hellip;&nbsp;<a href=\"https:\/\/corporate.quadram.site\/?page_id=337\" class=\"\" rel=\"bookmark\">Lire la suite &raquo;<span class=\"screen-reader-text\">Support technique<\/span><\/a><\/p>\n","protected":false},"author":1,"featured_media":0,"parent":0,"menu_order":0,"comment_status":"closed","ping_status":"closed","template":"","meta":{"neve_meta_sidebar":"","neve_meta_container":"","neve_meta_enable_content_width":"","neve_meta_content_width":0,"neve_meta_title_alignment":"","neve_meta_author_avatar":"","neve_post_elements_order":"","neve_meta_disable_header":"","neve_meta_disable_footer":"","neve_meta_disable_title":"on","footnotes":""},"class_list":["post-337","page","type-page","status-publish","hentry"],"_links":{"self":[{"href":"https:\/\/corporate.quadram.site\/index.php?rest_route=\/wp\/v2\/pages\/337","targetHints":{"allow":["GET"]}}],"collection":[{"href":"https:\/\/corporate.quadram.site\/index.php?rest_route=\/wp\/v2\/pages"}],"about":[{"href":"https:\/\/corporate.quadram.site\/index.php?rest_route=\/wp\/v2\/types\/page"}],"author":[{"embeddable":true,"href":"https:\/\/corporate.quadram.site\/index.php?rest_route=\/wp\/v2\/users\/1"}],"replies":[{"embeddable":true,"href":"https:\/\/corporate.quadram.site\/index.php?rest_route=%2Fwp%2Fv2%2Fcomments&post=337"}],"version-history":[{"count":6,"href":"https:\/\/corporate.quadram.site\/index.php?rest_route=\/wp\/v2\/pages\/337\/revisions"}],"predecessor-version":[{"id":1920,"href":"https:\/\/corporate.quadram.site\/index.php?rest_route=\/wp\/v2\/pages\/337\/revisions\/1920"}],"wp:attachment":[{"href":"https:\/\/corporate.quadram.site\/index.php?rest_route=%2Fwp%2Fv2%2Fmedia&parent=337"}],"curies":[{"name":"wp","href":"https:\/\/api.w.org\/{rel}","templated":true}]}}