{"id":341,"date":"2023-05-05T16:59:05","date_gmt":"2023-05-05T14:59:05","guid":{"rendered":"http:\/\/corporate.quadram.site\/master\/?page_id=341"},"modified":"2023-06-02T10:06:11","modified_gmt":"2023-06-02T08:06:11","slug":"newsletters","status":"publish","type":"page","link":"https:\/\/corporate.quadram.site\/?page_id=341","title":{"rendered":"Newsletters"},"content":{"rendered":"\n<div style=\"height:50px\" aria-hidden=\"true\" class=\"wp-block-spacer\"><\/div>\n\n\n\n<h1 class=\"wp-block-heading\">Newsletters<\/h1>\n\n\n\n<div class=\"wp-block-columns is-layout-flex wp-container-core-columns-is-layout-9d6595d7 wp-block-columns-is-layout-flex\">\n<div class=\"wp-block-column is-layout-flow wp-block-column-is-layout-flow\">\n<p><strong>Retrouvez sur cette page toute l&rsquo;actualit\u00e9 de Quadram<\/strong> :<\/p>\n\n\n\n<ul class=\"wp-block-list\">\n<li>Quad&rsquo;neuf : tous les premiers jeudis du mois<\/li>\n\n\n\n<li>Actualit\u00e9s Ergo : nouvelles fonctionnalit\u00e9s, dates de sorties, mises \u00e0 jour<\/li>\n\n\n\n<li>Ev\u00e9nements Quadram et partenaires<\/li>\n\n\n\n<li>Offres sp\u00e9ciales<\/li>\n<\/ul>\n\n\n\n<p><a href=\"http:\/\/visitor.r20.constantcontact.com\/manage\/optin?v=001YIysmm7Zby0BYA-GOA1lnQlbFiwWcQpFcgk89LqwV6XwCdiniXzMbinNQJNRgWhBnm9u6EqPKM9ERpI7981dymdoDRfoK8BaDhxExA5jvG-Ued8nD0Nd9TpGC-Hy52SKYKPRRk3JmwciX6DaawTXkMid_gjRwr4T\" data-type=\"URL\" data-id=\"http:\/\/visitor.r20.constantcontact.com\/manage\/optin?v=001YIysmm7Zby0BYA-GOA1lnQlbFiwWcQpFcgk89LqwV6XwCdiniXzMbinNQJNRgWhBnm9u6EqPKM9ERpI7981dymdoDRfoK8BaDhxExA5jvG-Ued8nD0Nd9TpGC-Hy52SKYKPRRk3JmwciX6DaawTXkMid_gjRwr4T\" target=\"_blank\" rel=\"noreferrer noopener\">Cliquez ici pour vous inscrire et suivre l&rsquo;activit\u00e9 Quadram<\/a><\/p>\n\n\n\n<p><em>(Vous pouvez vous d\u00e9sinscrire \u00e0 tout moment)<\/em><\/p>\n<\/div>\n\n\n\n<div class=\"wp-block-column is-layout-flow wp-block-column-is-layout-flow\">\n<p><strong>Les derni\u00e8res newsletters<\/strong> :<\/p>\n\n\n\n<ul class=\"wp-block-list\">\n<li><a href=\"https:\/\/conta.cc\/3ZdQ20H\" target=\"_blank\" rel=\"noreferrer noopener\">Newsletter &#8211; Janvier 2023<\/a><\/li>\n\n\n\n<li><a href=\"https:\/\/conta.cc\/3EQMh9N\" target=\"_blank\" rel=\"noreferrer noopener\">Newsletter &#8211; Octobre 2022<\/a><\/li>\n\n\n\n<li><a href=\"https:\/\/conta.cc\/3byaB3D\" target=\"_blank\" rel=\"noreferrer noopener\">Newsletter &#8211; Juillet 2022<\/a><\/li>\n\n\n\n<li><a href=\"https:\/\/myemail.constantcontact.com\/Quad-neuf---La-newsletter-by-Quadram.html?soid=1104332424082&amp;aid=jiE_IVnACQs\" target=\"_blank\" rel=\"noreferrer noopener\">Newsletter &#8211; Mars 2022<\/a><\/li>\n\n\n\n<li><a href=\"https:\/\/myemail.constantcontact.com\/Quad-neuf---La-newsletter-by-Quadram.html?soid=1104332424082&amp;aid=dGT5WFKMsqw\">Newsletter &#8211; D\u00e9cembre 2021 &#8211; Meilleurs voeux<\/a><\/li>\n\n\n\n<li><a href=\"https:\/\/conta.cc\/3G5kPm5\" target=\"_blank\" rel=\"noreferrer noopener\">Newsletter &#8211; D\u00e9cembre 2021<\/a><\/li>\n\n\n\n<li><a href=\"https:\/\/conta.cc\/3CK4q5n\" target=\"_blank\" rel=\"noreferrer noopener\">Newsletter &#8211; Novembre 2021<\/a><\/li>\n\n\n\n<li><a href=\"https:\/\/myemail.constantcontact.com\/Quad-neuf---La-newsletter-by-Quadram.html?soid=1104332424082&amp;aid=_Ofi1FTk-_k\" target=\"_blank\" rel=\"noreferrer noopener\">Newsletter &#8211; Septembre 2021<\/a><\/li>\n\n\n\n<li><a href=\"https:\/\/myemail.constantcontact.com\/Quad-neuf---La-newsletter-by-Quadram.html?soid=1104332424082&amp;aid=0z-tpTdA8s8\" target=\"_blank\" rel=\"noreferrer noopener\">Newsletter &#8211; Ao\u00fbt 2021<\/a><\/li>\n\n\n\n<li><a href=\"https:\/\/myemail.constantcontact.com\/Quad-neuf---La-newsletter-by-Quadram.html?soid=1104332424082&amp;aid=Vs7GxSeegKU\" target=\"_blank\" rel=\"noreferrer noopener\">Newsletter &#8211; Juillet 2021<\/a><\/li>\n\n\n\n<li><a href=\"https:\/\/myemail.constantcontact.com\/Quad-neuf---La-newsletter-by-Quadram.html?soid=1104332424082&amp;aid=U7aHq9N8BTA\" target=\"_blank\" rel=\"noreferrer noopener\">Newsletter &#8211; Juin 2021<\/a><\/li>\n\n\n\n<li><a href=\"https:\/\/myemail.constantcontact.com\/Quad-neuf---La-newsletter-by-Quadram.html?soid=1104332424082&amp;aid=m4TeFiDCcks\" target=\"_blank\" rel=\"noreferrer noopener\">Newsletter &#8211; Mai 2021<\/a><\/li>\n\n\n\n<li><a href=\"https:\/\/myemail.constantcontact.com\/Quad-neuf---La-newsletter-by-Quadram.html?soid=1104332424082&amp;aid=vtzux74tp20\" target=\"_blank\" rel=\"noreferrer noopener\">Newsletter &#8211; Avril 2021<\/a><\/li>\n\n\n\n<li><a href=\"https:\/\/myemail.constantcontact.com\/Quad-neuf---La-newsletter-by-Quadram.html?soid=1104332424082&amp;aid=Gej2I60MSK4\" target=\"_blank\" rel=\"noreferrer noopener\">Newsletter &#8211; Mars 2021<\/a><\/li>\n\n\n\n<li><a href=\"https:\/\/myemail.constantcontact.com\/Quad-neuf---La-newsletter-by-Quadram.html?soid=1104332424082&amp;aid=Ar5mOGJWYTI\" target=\"_blank\" rel=\"noreferrer noopener\">Newsletter &#8211; F\u00e9vrier 2021<\/a><\/li>\n\n\n\n<li><a href=\"https:\/\/myemail.constantcontact.com\/Quad-neuf---La-newsletter-by-Quadram.html?soid=1104332424082&amp;aid=qlDfC-Tipfw\" target=\"_blank\" rel=\"noreferrer noopener\">Newsletter &#8211; Janvier 2021<\/a><\/li>\n<\/ul>\n\n\n\n<hr class=\"wp-block-separator has-alpha-channel-opacity\"\/>\n\n\n\n<p><strong>Archives<\/strong> :<\/p>\n\n\n\n<ul class=\"wp-block-list\">\n<li><a href=\"http:\/\/corporate.quadram.site\/master\/index.php\/1335-2\/\" data-type=\"page\" data-id=\"1335\" target=\"_blank\" rel=\"noreferrer noopener\">2020<\/a><\/li>\n<\/ul>\n<\/div>\n<\/div>\n\n\n\n<div style=\"height:100px\" aria-hidden=\"true\" class=\"wp-block-spacer\"><\/div>\n","protected":false},"excerpt":{"rendered":"<p>Newsletters Retrouvez sur cette page toute l&rsquo;actualit\u00e9 de Quadram : Cliquez ici pour vous inscrire et suivre l&rsquo;activit\u00e9 Quadram (Vous pouvez vous d\u00e9sinscrire \u00e0 tout moment) Les derni\u00e8res newsletters : Archives :<\/p>\n","protected":false},"author":1,"featured_media":0,"parent":0,"menu_order":0,"comment_status":"closed","ping_status":"closed","template":"","meta":{"neve_meta_sidebar":"","neve_meta_container":"","neve_meta_enable_content_width":"","neve_meta_content_width":0,"neve_meta_title_alignment":"","neve_meta_author_avatar":"","neve_post_elements_order":"","neve_meta_disable_header":"","neve_meta_disable_footer":"","neve_meta_disable_title":"on","footnotes":""},"class_list":["post-341","page","type-page","status-publish","hentry"],"_links":{"self":[{"href":"https:\/\/corporate.quadram.site\/index.php?rest_route=\/wp\/v2\/pages\/341","targetHints":{"allow":["GET"]}}],"collection":[{"href":"https:\/\/corporate.quadram.site\/index.php?rest_route=\/wp\/v2\/pages"}],"about":[{"href":"https:\/\/corporate.quadram.site\/index.php?rest_route=\/wp\/v2\/types\/page"}],"author":[{"embeddable":true,"href":"https:\/\/corporate.quadram.site\/index.php?rest_route=\/wp\/v2\/users\/1"}],"replies":[{"embeddable":true,"href":"https:\/\/corporate.quadram.site\/index.php?rest_route=%2Fwp%2Fv2%2Fcomments&post=341"}],"version-history":[{"count":13,"href":"https:\/\/corporate.quadram.site\/index.php?rest_route=\/wp\/v2\/pages\/341\/revisions"}],"predecessor-version":[{"id":1917,"href":"https:\/\/corporate.quadram.site\/index.php?rest_route=\/wp\/v2\/pages\/341\/revisions\/1917"}],"wp:attachment":[{"href":"https:\/\/corporate.quadram.site\/index.php?rest_route=%2Fwp%2Fv2%2Fmedia&parent=341"}],"curies":[{"name":"wp","href":"https:\/\/api.w.org\/{rel}","templated":true}]}}