{"id":369,"date":"2023-05-08T09:03:00","date_gmt":"2023-05-08T07:03:00","guid":{"rendered":"http:\/\/corporate.quadram.site\/master\/?page_id=369"},"modified":"2024-03-13T13:24:01","modified_gmt":"2024-03-13T12:24:01","slug":"ergoarchitecte","status":"publish","type":"page","link":"https:\/\/corporate.quadram.site\/?page_id=369","title":{"rendered":"ErgoArchitecte"},"content":{"rendered":"\n<div style=\"height:50px\" aria-hidden=\"true\" class=\"wp-block-spacer\"><\/div>\n\n\n\n<div class=\"wp-block-columns is-layout-flex wp-container-core-columns-is-layout-9d6595d7 wp-block-columns-is-layout-flex\">\n<div class=\"wp-block-column is-layout-flow wp-block-column-is-layout-flow\"><div class=\"wp-block-image\">\n<figure class=\"aligncenter size-large is-resized\"><img loading=\"lazy\" decoding=\"async\" src=\"http:\/\/corporate.quadram.site\/master\/wp-content\/uploads\/2023\/05\/Cover-EA-droite-720x1024.png\" alt=\"Produit ErgoArchitecte\" class=\"wp-image-71\" width=\"250\" height=\"350\"\/><\/figure>\n<\/div><\/div>\n\n\n\n<div class=\"wp-block-column is-layout-flow wp-block-column-is-layout-flow\">\n<div style=\"height:25px\" aria-hidden=\"true\" class=\"wp-block-spacer\"><\/div>\n\n\n\n<div class=\"wp-block-group\"><div class=\"wp-block-group__inner-container is-layout-constrained wp-block-group-is-layout-constrained\">\n<figure class=\"wp-block-image size-full is-resized\"><img loading=\"lazy\" decoding=\"async\" src=\"http:\/\/corporate.quadram.site\/master\/wp-content\/uploads\/2023\/05\/Logo-EA.jpg\" alt=\"Logo Produit ErgoArchitecte\" class=\"wp-image-72\" width=\"490\" height=\"90\" srcset=\"https:\/\/corporate.quadram.site\/wp-content\/uploads\/2023\/05\/Logo-EA.jpg 979w, https:\/\/corporate.quadram.site\/wp-content\/uploads\/2023\/05\/Logo-EA-300x55.jpg 300w, https:\/\/corporate.quadram.site\/wp-content\/uploads\/2023\/05\/Logo-EA-768x141.jpg 768w\" sizes=\"auto, (max-width: 490px) 100vw, 490px\" \/><\/figure>\n\n\n\n<div style=\"height:25px\" aria-hidden=\"true\" class=\"wp-block-spacer\"><\/div>\n\n\n\n<p><strong>ErgoArchitecte est un&nbsp;logiciel&nbsp;fonctionnel,&nbsp;d\u00e9velopp\u00e9 pour la g\u00e9n\u00e9ration des cahiers des charges, le suivi des soumissions ainsi que&nbsp;le suivi financier des projets.<\/strong><\/p>\n\n\n\n<p>Avec&nbsp;<strong>plusieurs milliers de licences install\u00e9es,<\/strong>&nbsp;ErgoArchitecte est une r\u00e9f\u00e9rence dans sa cat\u00e9gorie.<br>Il&nbsp;est utilis\u00e9 par les administrations publiques, les bureaux d&rsquo;architectes et les bureaux d&rsquo;\u00e9tudes.<\/p>\n<\/div><\/div>\n<\/div>\n<\/div>\n\n\n\n<div style=\"height:100px\" aria-hidden=\"true\" class=\"wp-block-spacer\"><\/div>\n\n\n\n<div class=\"wp-block-cover alignfull\" style=\"min-height:1500px;aspect-ratio:unset;\"><span aria-hidden=\"true\" class=\"wp-block-cover__background has-nv-light-bg-background-color has-background-dim-100 has-background-dim\"><\/span><div class=\"wp-block-cover__inner-container is-layout-flow wp-block-cover-is-layout-flow\">\n<div style=\"height:100px\" aria-hidden=\"true\" class=\"wp-block-spacer\"><\/div>\n\n\n\n<div class=\"wp-block-columns is-layout-flex wp-container-core-columns-is-layout-9d6595d7 wp-block-columns-is-layout-flex\">\n<div class=\"wp-block-column is-vertically-aligned-top is-layout-flow wp-block-column-is-layout-flow\">\n<h2 class=\"wp-block-heading has-neve-text-color-color has-text-color\">Description<\/h2>\n\n\n\n<p class=\"has-neve-text-color-color has-text-color\">ErgoArchitecte vous accompagne&nbsp;\u00e0 chaque \u00e9tape du projet&nbsp;:<\/p>\n\n\n\n<ul class=\"has-neve-text-color-color has-text-color wp-block-list\">\n<li>Estimation, g\u00e9n\u00e9ration du devis<\/li>\n\n\n\n<li>Cr\u00e9ation du dossier de soumission, bordereaux, cahier des charges<\/li>\n\n\n\n<li>Comparaison des offres, \u00e9dition du tableau comparatif<\/li>\n\n\n\n<li>Suivi financier des travaux.<\/li>\n<\/ul>\n\n\n\n<h3 class=\"wp-block-heading has-neve-text-color-color has-text-color\">Interface<\/h3>\n\n\n\n<p class=\"has-neve-text-color-color has-text-color\">Interface de l&rsquo;application multi-lingue :&nbsp;fran\u00e7ais, anglais, allemand, n\u00e9erlandais.<\/p>\n\n\n\n<h3 class=\"wp-block-heading has-neve-text-color-color has-text-color\">Bim-ready<\/h3>\n\n\n\n<p class=\"has-neve-text-color-color has-text-color\">Connexion et interfa\u00e7age avec les maquettes BIM :<\/p>\n\n\n\n<ul class=\"has-neve-text-color-color has-text-color wp-block-list\">\n<li>BIM-Viewer.<\/li>\n\n\n\n<li>G\u00e9n\u00e9ration du bordereau et r\u00e9cup\u00e9ration du m\u00e9tr\u00e9 \u00e0 partir de la maquette BIM.<\/li>\n<\/ul>\n\n\n\n<h3 class=\"wp-block-heading has-neve-text-color-color has-text-color\">Biblioth\u00e8ques<\/h3>\n\n\n\n<p class=\"has-neve-text-color-color has-text-color\">Utilisation de biblioth\u00e8ques int\u00e9gr\u00e9es avec possibilit\u00e9 de personnalisation de contenus, importation de biblioth\u00e8ques personnelles.<\/p>\n\n\n\n<h4 class=\"wp-block-heading has-neve-text-color-color has-text-color\">Biblioth\u00e8ques int\u00e9grables<\/h4>\n\n\n\n<p class=\"has-neve-text-color-color has-text-color\">ErgoArchitecte int\u00e8gre les principales biblioth\u00e8ques utilis\u00e9es au Luxembourg et en&nbsp;Belgique, dont&nbsp;:<\/p>\n\n\n\n<ul class=\"has-neve-text-color-color has-text-color wp-block-list\">\n<li>Luxembourg : CRTIb (catalogue des positions standardis\u00e9es), Ponts &amp; Chauss\u00e9es, P&amp;T Luxembourg, Post, Ville de Luxembourg, etc.<\/li>\n\n\n\n<li>Belgique : CCTB-2022, SWL, R\u00e9gie des B\u00e2timents de Belgique.<\/li>\n<\/ul>\n\n\n\n<h4 class=\"wp-block-heading has-neve-text-color-color has-text-color\">Import\/Export<\/h4>\n\n\n\n<p class=\"has-neve-text-color-color has-text-color\">Importation de biblioth\u00e8ques personnelles&nbsp;dans ErgoArchitecte \u00e0 partir de fichiers au&nbsp;format&nbsp;Word, Excel, texte, Ergo, CRTI-b, GAEB 90, GAEB 2000&nbsp;ou&nbsp;Datanorm 4.0.<\/p>\n\n\n\n<p class=\"has-neve-text-color-color has-text-color\">ErgoArchitecte permet aussi de g\u00e9rer des biblioth\u00e8ques de clauses techniques directement via l\u2019\u00e9diteur du logiciel, v\u00e9ritable traitement de texte permettant la mise en forme des contenus (gras, italique\u2026) et m\u00eame l\u2019int\u00e9gration d\u2019images.<\/p>\n<\/div>\n\n\n\n<div class=\"wp-block-column is-vertically-aligned-top is-layout-flow wp-block-column-is-layout-flow\">\n<div style=\"height:73px\" aria-hidden=\"true\" class=\"wp-block-spacer\"><\/div>\n\n\n\n<h3 class=\"wp-block-heading has-neve-text-color-color has-text-color\">Projet<\/h3>\n\n\n\n<h4 class=\"wp-block-heading has-neve-text-color-color has-text-color\">Cr\u00e9ation<\/h4>\n\n\n\n<ul class=\"has-neve-text-color-color has-text-color wp-block-list\">\n<li>Cr\u00e9ation rapide de projet avec une structuration par lots et par positions.<\/li>\n\n\n\n<li>Edition facilit\u00e9e gr\u00e2ce aux fonctionnalit\u00e9s d\u2019affichage de textes alternatifs et de mise en forme.<\/li>\n\n\n\n<li>Personnalisation des&nbsp;documents (cahier des charges, bordereau, m\u00e9tr\u00e9, etc.), copier\/coller&nbsp;ou glisser\/d\u00e9poser des textes d&rsquo;un projet \u00e0 l&rsquo;autre.<\/li>\n\n\n\n<li>Importation et exportation de&nbsp;fichiers des diff\u00e9rents formats (Excel, Word, GAEB, CRTI-B, XML, Ergo).<\/li>\n<\/ul>\n\n\n\n<h4 class=\"wp-block-heading has-neve-text-color-color has-text-color\">Calcul et estimation<\/h4>\n\n\n\n<ul class=\"has-neve-text-color-color has-text-color wp-block-list\">\n<li>G\u00e9n\u00e9ration de m\u00e9tr\u00e9s d\u00e9taill\u00e9s pour le calcul pr\u00e9visionnel des quantit\u00e9s.<\/li>\n\n\n\n<li>Calcul des prix moyens \u00e0 partir des donn\u00e9es historis\u00e9es.<\/li>\n\n\n\n<li>G\u00e9n\u00e9ration automatique de l\u2019estimatif du projet avec sous-totaux et r\u00e9capitulatif.<\/li>\n\n\n\n<li>G\u00e9n\u00e9ration des APS.<\/li>\n\n\n\n<li>G\u00e9n\u00e9ration cahiers des charges, m\u00e9tr\u00e9s, bordereaux de soumission en papier, PDF, Excel dans 2 langues, en parall\u00e8le.<\/li>\n<\/ul>\n\n\n\n<h4 class=\"wp-block-heading has-neve-text-color-color has-text-color\">Dossier de soumission<\/h4>\n\n\n\n<p class=\"has-neve-text-color-color has-text-color\">Cr\u00e9ation d\u2019un dossier complet de soumission int\u00e9grant&nbsp;:<\/p>\n\n\n\n<ul class=\"has-neve-text-color-color has-text-color wp-block-list\">\n<li>Le bordereau automatiquement format\u00e9 et int\u00e9grant les donn\u00e9es saisies&nbsp;;<\/li>\n\n\n\n<li>Si n\u00e9cessaire, des documents externes aux formats courants (Word, Excel\u2026).<\/li>\n\n\n\n<li>Soumission \u00e9lectronique pratique et s\u00e9curis\u00e9e&nbsp;gr\u00e2ce \u00e0 l&rsquo;application ErgoSoumissionnaire.<\/li>\n<\/ul>\n\n\n\n<p class=\"has-neve-text-color-color has-text-color\">Edition et r\u00e9ception \u00e9lectronique s\u00e9curis\u00e9e des soumissions avec le logiciel gratuit ErgoSoumissionnaire.<\/p>\n\n\n\n<h4 class=\"wp-block-heading has-neve-text-color-color has-text-color\">Comparaison des offres<\/h4>\n\n\n\n<ul class=\"has-neve-text-color-color has-text-color wp-block-list\">\n<li>Encodage facilit\u00e9 des offres re\u00e7ues au format \u00e9lectronique et g\u00e9n\u00e9ration automatique d\u2019un tableau comparatif intelligent.<\/li>\n\n\n\n<li>Evaluation des offres re\u00e7ues, tableau comparatif, adjudication et commandes aux fournisseurs.<\/li>\n<\/ul>\n\n\n\n<h3 class=\"wp-block-heading has-neve-text-color-color has-text-color\">Suivi financier<\/h3>\n\n\n\n<p class=\"has-neve-text-color-color has-text-color\">Contr\u00f4le de la r\u00e9alisation du projet avec&nbsp;:<\/p>\n\n\n\n<ul class=\"has-neve-text-color-color has-text-color wp-block-list\">\n<li>Suivi de l\u2019avancement&nbsp;;<\/li>\n\n\n\n<li>Int\u00e9gration des avenants&nbsp;;<\/li>\n\n\n\n<li>Calcul et contr\u00f4le des factures d\u2019acomptes et impression de certificats de paiements&nbsp;;<\/li>\n\n\n\n<li>D\u00e9compte du projet.<\/li>\n<\/ul>\n<\/div>\n<\/div>\n\n\n\n<div style=\"height:50px\" aria-hidden=\"true\" class=\"wp-block-spacer\"><\/div>\n<\/div><\/div>\n","protected":false},"excerpt":{"rendered":"<p>ErgoArchitecte est un&nbsp;logiciel&nbsp;fonctionnel,&nbsp;d\u00e9velopp\u00e9 pour la g\u00e9n\u00e9ration des cahiers des charges, le suivi des soumissions ainsi que&nbsp;le suivi financier des projets. Avec&nbsp;plusieurs milliers de licences install\u00e9es,&nbsp;ErgoArchitecte est une r\u00e9f\u00e9rence dans sa cat\u00e9gorie.Il&nbsp;est utilis\u00e9 par les administrations publiques, les bureaux d&rsquo;architectes et les bureaux d&rsquo;\u00e9tudes.<\/p>\n","protected":false},"author":1,"featured_media":0,"parent":0,"menu_order":0,"comment_status":"closed","ping_status":"closed","template":"","meta":{"neve_meta_sidebar":"default","neve_meta_container":"contained","neve_meta_enable_content_width":"on","neve_meta_content_width":100,"neve_meta_title_alignment":"left","neve_meta_author_avatar":"","neve_post_elements_order":"","neve_meta_disable_header":"off","neve_meta_disable_footer":"","neve_meta_disable_title":"on","footnotes":""},"class_list":["post-369","page","type-page","status-publish","hentry"],"_links":{"self":[{"href":"https:\/\/corporate.quadram.site\/index.php?rest_route=\/wp\/v2\/pages\/369","targetHints":{"allow":["GET"]}}],"collection":[{"href":"https:\/\/corporate.quadram.site\/index.php?rest_route=\/wp\/v2\/pages"}],"about":[{"href":"https:\/\/corporate.quadram.site\/index.php?rest_route=\/wp\/v2\/types\/page"}],"author":[{"embeddable":true,"href":"https:\/\/corporate.quadram.site\/index.php?rest_route=\/wp\/v2\/users\/1"}],"replies":[{"embeddable":true,"href":"https:\/\/corporate.quadram.site\/index.php?rest_route=%2Fwp%2Fv2%2Fcomments&post=369"}],"version-history":[{"count":117,"href":"https:\/\/corporate.quadram.site\/index.php?rest_route=\/wp\/v2\/pages\/369\/revisions"}],"predecessor-version":[{"id":2062,"href":"https:\/\/corporate.quadram.site\/index.php?rest_route=\/wp\/v2\/pages\/369\/revisions\/2062"}],"wp:attachment":[{"href":"https:\/\/corporate.quadram.site\/index.php?rest_route=%2Fwp%2Fv2%2Fmedia&parent=369"}],"curies":[{"name":"wp","href":"https:\/\/api.w.org\/{rel}","templated":true}]}}