{"id":485,"date":"2023-05-08T13:29:30","date_gmt":"2023-05-08T11:29:30","guid":{"rendered":"http:\/\/corporate.quadram.site\/master\/?page_id=485"},"modified":"2023-06-07T15:12:06","modified_gmt":"2023-06-07T13:12:06","slug":"ergoentrepreneur","status":"publish","type":"page","link":"https:\/\/corporate.quadram.site\/?page_id=485","title":{"rendered":"ErgoEntrepreneur"},"content":{"rendered":"\n<div style=\"height:50px\" aria-hidden=\"true\" class=\"wp-block-spacer\"><\/div>\n\n\n\n<div class=\"wp-block-columns is-layout-flex wp-container-core-columns-is-layout-9d6595d7 wp-block-columns-is-layout-flex\">\n<div class=\"wp-block-column is-layout-flow wp-block-column-is-layout-flow\"><div class=\"wp-block-image\">\n<figure class=\"aligncenter size-large is-resized\"><img loading=\"lazy\" decoding=\"async\" src=\"http:\/\/corporate.quadram.site\/master\/wp-content\/uploads\/2023\/05\/Cover-EE-droite-720x1024.png\" alt=\"Produit ErgoEntrepreneur\" class=\"wp-image-137\" width=\"250\" height=\"350\"\/><\/figure>\n<\/div><\/div>\n\n\n\n<div class=\"wp-block-column is-layout-flow wp-block-column-is-layout-flow\">\n<div class=\"wp-block-group\"><div class=\"wp-block-group__inner-container is-layout-constrained wp-block-group-is-layout-constrained\">\n<div style=\"height:25px\" aria-hidden=\"true\" class=\"wp-block-spacer\"><\/div>\n\n\n\n<figure class=\"wp-block-image size-large is-resized\"><img loading=\"lazy\" decoding=\"async\" src=\"http:\/\/corporate.quadram.site\/master\/wp-content\/uploads\/2023\/05\/Logo-EE-1024x161.jpg\" alt=\"Logo Produit ErgoEntrepreneur\" class=\"wp-image-139\" width=\"512\" height=\"81\" srcset=\"https:\/\/corporate.quadram.site\/wp-content\/uploads\/2023\/05\/Logo-EE-1024x161.jpg 1024w, https:\/\/corporate.quadram.site\/wp-content\/uploads\/2023\/05\/Logo-EE-300x47.jpg 300w, https:\/\/corporate.quadram.site\/wp-content\/uploads\/2023\/05\/Logo-EE-768x121.jpg 768w, https:\/\/corporate.quadram.site\/wp-content\/uploads\/2023\/05\/Logo-EE.jpg 1150w\" sizes=\"auto, (max-width: 512px) 100vw, 512px\" \/><\/figure>\n\n\n\n<div style=\"height:25px\" aria-hidden=\"true\" class=\"wp-block-spacer\"><\/div>\n\n\n\n<p><strong>Un logiciel complet pour le calcul, le suivi et la facturation de vos projets<\/strong><\/p>\n\n\n\n<p class=\"has-neve-text-color-color has-text-color\">ErgoEntrepreneur a \u00e9t\u00e9 sp\u00e9cialement con\u00e7u pour les entreprises du secteur de la&nbsp;construction et les multiples m\u00e9tiers de l\u2019artisanat, y compris ceux du chauffage-sanitaire-\u00e9lectrique. <\/p>\n<\/div><\/div>\n<\/div>\n<\/div>\n\n\n\n<div style=\"height:100px\" aria-hidden=\"true\" class=\"wp-block-spacer\"><\/div>\n\n\n\n<div class=\"wp-block-cover alignfull\" style=\"min-height:1149px;aspect-ratio:unset;\"><span aria-hidden=\"true\" class=\"wp-block-cover__background has-nv-light-bg-background-color has-background-dim-100 has-background-dim\"><\/span><div class=\"wp-block-cover__inner-container is-layout-flow wp-block-cover-is-layout-flow\">\n<div style=\"height:100px\" aria-hidden=\"true\" class=\"wp-block-spacer\"><\/div>\n\n\n\n<div class=\"wp-block-columns is-layout-flex wp-container-core-columns-is-layout-9d6595d7 wp-block-columns-is-layout-flex\">\n<div class=\"wp-block-column is-vertically-aligned-top is-layout-flow wp-block-column-is-layout-flow\">\n<h2 class=\"wp-block-heading has-neve-text-color-color has-text-color\">Description<\/h2>\n\n\n\n<p class=\"has-neve-text-color-color has-text-color\">ErgoEntrepreneur&nbsp;est un logiciel convivial qui&nbsp;a \u00e9t\u00e9 sp\u00e9cialement d\u00e9velopp\u00e9 pour les entreprises du secteur de la construction et qui sait s\u2019adapter \u00e0 la philosophie de travail de chacune d\u2019elles. L\u2019utilisateur y trouve rapidement ses rep\u00e8res, puisqu\u2019il consiste en une simulation de son travail au quotidien.<\/p>\n\n\n\n<p class=\"has-neve-text-color-color has-text-color\">Les d\u00e9veloppeurs ont pens\u00e9 \u00e0 tous les besoins sp\u00e9cifiques d\u2019une entreprise ou d\u2019une organisation publique active au Luxembourg:<\/p>\n\n\n\n<ul class=\"has-neve-text-color-color has-text-color wp-block-list\">\n<li>l\u2019utilisation des biblioth\u00e8ques des prestations des grands acteurs comme l\u2019Admin.des Ponts &amp; Chauss\u00e9es, les P&amp;T Luxembourg, le CRTIb, etc<\/li>\n\n\n\n<li>La r\u00e9cup\u00e9ration des bordereaux re\u00e7us \u00e0 partir&nbsp;des formats Ergo, GAEB, CRTIb, Excel.<\/li>\n\n\n\n<li>Une interface utilisateur multilingues et la g\u00e9n\u00e9ration des factures et des offres en deux langues.<\/li>\n\n\n\n<li>La compatibilit\u00e9 avec le logiciel ERGO \u2018Architecte\u2019 qui est utilis\u00e9 par la majorit\u00e9 des acteurs de&nbsp;projets au&nbsp;Luxembourg.<\/li>\n<\/ul>\n<\/div>\n\n\n\n<div class=\"wp-block-column is-vertically-aligned-top is-layout-flow wp-block-column-is-layout-flow\">\n<h2 class=\"wp-block-heading has-neve-text-color-color has-text-color\">D\u00e9tails<\/h2>\n\n\n\n<h3 class=\"wp-block-heading has-neve-text-color-color has-text-color\"><strong>Biblioth\u00e8ques d&rsquo;articles et d&rsquo;ouvrages<\/strong><\/h3>\n\n\n\n<p class=\"has-neve-text-color-color has-text-color\">D\u00e9veloppement et utilisation de&nbsp;biblioth\u00e8ques&nbsp;d&rsquo;\u00e9l\u00e9ments calcul\u00e9s (mat\u00e9riels, main d&rsquo;\u0153uvre, sous-traitants)&nbsp; avec analyse d\u00e9taill\u00e9e de prix.&nbsp;&nbsp;Recherche et comparaison&nbsp;de&nbsp;prix et choix du meilleur fournisseur.<\/p>\n\n\n\n<h3 class=\"wp-block-heading has-neve-text-color-color has-text-color\"><strong><strong>Calcul et \u00e9dition du devis<\/strong><\/strong><\/h3>\n\n\n\n<p class=\"has-neve-text-color-color has-text-color\">Gain de temps gr\u00e2ce \u00e0 l&rsquo;utilisation des&nbsp;biblioth\u00e8ques de&nbsp;calculs pr\u00e9d\u00e9finis des diff\u00e9rents travaux. Analyse et calcul d\u00e9taill\u00e9 du prix de revient.&nbsp;Calcul&nbsp;du prix de vente suivant diff\u00e9rentes m\u00e9thodes, impression des offres avec une&nbsp;pr\u00e9sentation sur mesure.<\/p>\n\n\n\n<h3 class=\"wp-block-heading has-neve-text-color-color has-text-color\"><strong>Gestion de&nbsp;stock<\/strong><\/h3>\n\n\n\n<p class=\"has-neve-text-color-color has-text-color\">Gestion de&nbsp;stock avec plusieurs d\u00e9p\u00f4ts et avec l\u2019utilisation de&nbsp;codes-barres et de&nbsp;terminaux portables.<\/p>\n\n\n\n<h3 class=\"wp-block-heading has-neve-text-color-color has-text-color\"><strong>Suivi du chantier<\/strong><\/h3>\n\n\n\n<p class=\"has-neve-text-color-color has-text-color\">Encodage des m\u00e9tr\u00e9s, relev\u00e9s de main d&rsquo;\u0153uvre, \u00e9tats des sous-traitants, livraisons. Comparaison \u00e0 tout moment entre le pr\u00e9visionnel et de la r\u00e9alisation.&nbsp;Suivi&nbsp;du prix de revient du chantier.<\/p>\n\n\n\n<h3 class=\"wp-block-heading has-neve-text-color-color has-text-color\"><strong>Facturation du client et du projet<\/strong><\/h3>\n\n\n\n<p class=\"has-neve-text-color-color has-text-color\">Module de facturation complet (calcul des acomptes, pr\u00e9paration des factures, contr\u00f4le et rappel des paiements), facturation des m\u00e9tr\u00e9s, bons de livraison, automatisation des offres.<\/p>\n<\/div>\n<\/div>\n\n\n\n<div style=\"height:100px\" aria-hidden=\"true\" class=\"wp-block-spacer\"><\/div>\n<\/div><\/div>\n\n\n\n<div style=\"height:100px\" aria-hidden=\"true\" class=\"wp-block-spacer\"><\/div>\n\n\n\n<div class=\"wp-block-columns is-layout-flex wp-container-core-columns-is-layout-9d6595d7 wp-block-columns-is-layout-flex\">\n<div class=\"wp-block-column is-layout-flow wp-block-column-is-layout-flow\">\n<h2 class=\"wp-block-heading\">M\u00e9tiers techniques<\/h2>\n\n\n\n<p>Sp\u00e9cialement con\u00e7u pour r\u00e9pondre aux besoins des entreprises de chauffage \u2013 sanitaire \u2013 \u00e9lectrique:<\/p>\n\n\n\n<p>Calcul et int\u00e9gration des temps de montage et&nbsp;installation. Application de marges selon le type de&nbsp;mat\u00e9riel ou selon la main d\u2019\u0153uvre. Suivi des co\u00fbts par type de travail.<\/p>\n\n\n\n<p>R\u00e9cup\u00e9ration des bordereaux de bureaux d\u2019\u00e9tudes, comparaison et mise \u00e0 niveau du projet en fonction des fournisseurs choisis.<\/p>\n\n\n\n<p>Le module \u2018Installateur\u2019 du logiciel int\u00e8gre \u00e9galement :<\/p>\n\n\n\n<ul class=\"wp-block-list\">\n<li>La gestion des contrats de maintenance<\/li>\n\n\n\n<li>La maintenance des fiches techniques des clients<\/li>\n\n\n\n<li>La gestion des interventions aux clients (planification, facturation, conservation de&nbsp;l\u2019historique)<\/li>\n\n\n\n<li>Les interfaces d&rsquo;importation \/ exportation en format&nbsp; GAEB, Excel, Ergo, DATANORM, CRTI-b<\/li>\n\n\n\n<li>L\u2019importation des prix et des articles des fournisseurs par les fichiers DATANORM<\/li>\n<\/ul>\n<\/div>\n<\/div>\n\n\n\n<div style=\"height:100px\" aria-hidden=\"true\" class=\"wp-block-spacer\"><\/div>\n","protected":false},"excerpt":{"rendered":"<p>Un logiciel complet pour le calcul, le suivi et la facturation de vos projets ErgoEntrepreneur a \u00e9t\u00e9 sp\u00e9cialement con\u00e7u pour les entreprises du secteur de la&nbsp;construction et les multiples m\u00e9tiers de l\u2019artisanat, y compris ceux du chauffage-sanitaire-\u00e9lectrique. M\u00e9tiers techniques Sp\u00e9cialement con\u00e7u pour r\u00e9pondre aux besoins des entreprises de chauffage \u2013 sanitaire \u2013 \u00e9lectrique: Calcul et&hellip;&nbsp;<a href=\"https:\/\/corporate.quadram.site\/?page_id=485\" class=\"\" rel=\"bookmark\">Lire la suite &raquo;<span class=\"screen-reader-text\">ErgoEntrepreneur<\/span><\/a><\/p>\n","protected":false},"author":1,"featured_media":0,"parent":0,"menu_order":0,"comment_status":"closed","ping_status":"closed","template":"","meta":{"neve_meta_sidebar":"full-width","neve_meta_container":"contained","neve_meta_enable_content_width":"on","neve_meta_content_width":100,"neve_meta_title_alignment":"","neve_meta_author_avatar":"","neve_post_elements_order":"","neve_meta_disable_header":"","neve_meta_disable_footer":"","neve_meta_disable_title":"on","footnotes":""},"class_list":["post-485","page","type-page","status-publish","hentry"],"_links":{"self":[{"href":"https:\/\/corporate.quadram.site\/index.php?rest_route=\/wp\/v2\/pages\/485","targetHints":{"allow":["GET"]}}],"collection":[{"href":"https:\/\/corporate.quadram.site\/index.php?rest_route=\/wp\/v2\/pages"}],"about":[{"href":"https:\/\/corporate.quadram.site\/index.php?rest_route=\/wp\/v2\/types\/page"}],"author":[{"embeddable":true,"href":"https:\/\/corporate.quadram.site\/index.php?rest_route=\/wp\/v2\/users\/1"}],"replies":[{"embeddable":true,"href":"https:\/\/corporate.quadram.site\/index.php?rest_route=%2Fwp%2Fv2%2Fcomments&post=485"}],"version-history":[{"count":29,"href":"https:\/\/corporate.quadram.site\/index.php?rest_route=\/wp\/v2\/pages\/485\/revisions"}],"predecessor-version":[{"id":1927,"href":"https:\/\/corporate.quadram.site\/index.php?rest_route=\/wp\/v2\/pages\/485\/revisions\/1927"}],"wp:attachment":[{"href":"https:\/\/corporate.quadram.site\/index.php?rest_route=%2Fwp%2Fv2%2Fmedia&parent=485"}],"curies":[{"name":"wp","href":"https:\/\/api.w.org\/{rel}","templated":true}]}}