{"id":542,"date":"2023-05-08T15:46:22","date_gmt":"2023-05-08T13:46:22","guid":{"rendered":"http:\/\/corporate.quadram.site\/master\/?page_id=542"},"modified":"2023-06-08T08:57:26","modified_gmt":"2023-06-08T06:57:26","slug":"ergooffice-mobile","status":"publish","type":"page","link":"https:\/\/corporate.quadram.site\/?page_id=542","title":{"rendered":"ErgoOffice Mobile"},"content":{"rendered":"\n<div style=\"height:25px\" aria-hidden=\"true\" class=\"wp-block-spacer\"><\/div>\n\n\n\n\n\n<div style=\"height:50px\" aria-hidden=\"true\" class=\"wp-block-spacer\"><\/div>\n\n\n\n<div class=\"wp-block-columns is-layout-flex wp-container-core-columns-is-layout-9d6595d7 wp-block-columns-is-layout-flex\">\n<div class=\"wp-block-column is-layout-flow wp-block-column-is-layout-flow\"><div class=\"wp-block-image\">\n<figure class=\"aligncenter size-full is-resized\"><img loading=\"lazy\" decoding=\"async\" src=\"http:\/\/corporate.quadram.site\/master\/wp-content\/uploads\/2023\/05\/ErgoReport.jpg\" alt=\"Image ErgoReport\" class=\"wp-image-142\" width=\"325\" height=\"210\" srcset=\"https:\/\/corporate.quadram.site\/wp-content\/uploads\/2023\/05\/ErgoReport.jpg 650w, https:\/\/corporate.quadram.site\/wp-content\/uploads\/2023\/05\/ErgoReport-300x194.jpg 300w\" sizes=\"auto, (max-width: 325px) 100vw, 325px\" \/><\/figure>\n<\/div><\/div>\n\n\n\n<div class=\"wp-block-column is-layout-flow wp-block-column-is-layout-flow\">\n<div class=\"wp-block-group is-vertical is-layout-flex wp-container-core-group-is-layout-8cf370e7 wp-block-group-is-layout-flex\">\n<div style=\"height:25px\" aria-hidden=\"true\" class=\"wp-block-spacer\"><\/div>\n\n\n\n<h1 class=\"wp-block-heading\">ErgoOffice Mobile<\/h1>\n\n\n\n<div style=\"height:25px\" aria-hidden=\"true\" class=\"wp-block-spacer\"><\/div>\n\n\n\n<p>Avec ErgoReport et ErgoDoc (les apps d&rsquo;ErgoOffice pour tablette et smartphone) vous utilisez vos donn\u00e9es et vos documents au moment o\u00f9 vous en avez besoin !<\/p>\n\n\n\n<div style=\"height:25px\" aria-hidden=\"true\" class=\"wp-block-spacer\"><\/div>\n<\/div>\n<\/div>\n<\/div>\n\n\n\n<div style=\"height:100px\" aria-hidden=\"true\" class=\"wp-block-spacer\"><\/div>\n\n\n\n<div class=\"wp-block-cover alignfull\"><span aria-hidden=\"true\" class=\"wp-block-cover__background has-nv-light-bg-background-color has-background-dim-100 has-background-dim\"><\/span><div class=\"wp-block-cover__inner-container is-layout-flow wp-block-cover-is-layout-flow\">\n<div style=\"height:100px\" aria-hidden=\"true\" class=\"wp-block-spacer\"><\/div>\n\n\n\n<div class=\"wp-block-columns is-layout-flex wp-container-core-columns-is-layout-9d6595d7 wp-block-columns-is-layout-flex\">\n<div class=\"wp-block-column is-layout-flow wp-block-column-is-layout-flow\">\n<h2 class=\"wp-block-heading has-neve-text-color-color has-text-color\">ErgoReport App<\/h2>\n\n\n\n<ul class=\"has-neve-text-color-color has-text-color wp-block-list\">\n<li>G\u00e9rez les sujets des r\u00e9unions et des visites de chantier sur place.<\/li>\n\n\n\n<li>Actualisez les travaux \u00e0 faire en temps r\u00e9el, ajoutez s\u2019y des photos, et des annotations sur les plans.<\/li>\n\n\n\n<li>Mettez \u00e0 jour les comptes-rendus des r\u00e9unions et effectuez leurs suivi.<\/li>\n\n\n\n<li>Synchronisez automatiquement avec le logiciel ErgoOffice Desktop pr\u00e9sent sur votre ordinateur de bureau.<\/li>\n<\/ul>\n\n\n\n<figure class=\"wp-block-embed is-type-video is-provider-youtube wp-block-embed-youtube wp-embed-aspect-16-9 wp-has-aspect-ratio\"><div class=\"wp-block-embed__wrapper\">\n<div class=\"nv-iframe-embed\"><iframe loading=\"lazy\" title=\"ErgoOffice App pour Tablette\/Smartphone\" width=\"1200\" height=\"675\" src=\"https:\/\/www.youtube.com\/embed\/xmA_aQAoQZ4?feature=oembed\" frameborder=\"0\" allow=\"accelerometer; autoplay; clipboard-write; encrypted-media; gyroscope; picture-in-picture; web-share\" allowfullscreen><\/iframe><\/div>\n<\/div><\/figure>\n<\/div>\n\n\n\n<div class=\"wp-block-column is-layout-flow wp-block-column-is-layout-flow\">\n<div style=\"height:73px\" aria-hidden=\"true\" class=\"wp-block-spacer\"><\/div>\n\n\n\n<p class=\"has-neve-text-color-color has-text-color\">L&rsquo;App est connect\u00e9e \u00e0 l\u2019application ErgoOffice Desktop (install\u00e9e sur votre r\u00e9seau ou sur un serveur Cloud) en synchronisant les donn\u00e9es dans les deux sens. Votre tablette ne dispose pas de connexion Internet ? La synchronisation red\u00e9marrera automatiquement d\u00e8s que vous serez de nouveau connect\u00e9 \u00e0 un r\u00e9seau Wifi.<\/p>\n\n\n\n<p class=\"has-neve-text-color-color has-text-color\">Inscrivez tous les points relev\u00e9s durant votre r\u00e9union et d\u00e9finissez les actions \u00e0 mener avec une facilit\u00e9 d\u00e9concertante. Ouvrez ou t\u00e9l\u00e9chargez des plans stock\u00e9s sur votre ordinateur de bureau ou sur le Cloud et ajoutez-y des annotations de mani\u00e8re intuitive. Retrouvez tous les points ouverts des r\u00e9unions pr\u00e9c\u00e9dentes et effectuez-en le suivi. G\u00e9rez les t\u00e2ches et les responsabilit\u00e9s attribu\u00e9s aux membres de l\u2019\u00e9quipe. De retour au bureau, retrouvez le tout et sauvegardez dans votre base de donn\u00e9es ErgoOffice. G\u00e9n\u00e9rez le rapport et envoyez-le instantan\u00e9ment aux personnes concern\u00e9es.<br>Vous ne disposez pas de tablette, rassurez-vous le module de gestion des rapports et \u00e9galement disponible en version Windows dans l\u2019application ErgoOffice Desktop.<\/p>\n\n\n\n<figure class=\"wp-block-image size-medium is-resized\"><a href=\"https:\/\/apps.apple.com\/us\/app\/apple-store\/id1041435622\" target=\"_blank\" rel=\"noopener\"><img loading=\"lazy\" decoding=\"async\" src=\"http:\/\/corporate.quadram.site\/master\/wp-content\/uploads\/2023\/05\/5847e95fcef1014c0b5e4822-1-300x121.png\" alt=\"\" class=\"wp-image-1371\" width=\"200\" height=\"80\" srcset=\"https:\/\/corporate.quadram.site\/wp-content\/uploads\/2023\/05\/5847e95fcef1014c0b5e4822-1-300x121.png 300w, https:\/\/corporate.quadram.site\/wp-content\/uploads\/2023\/05\/5847e95fcef1014c0b5e4822-1-1024x412.png 1024w, https:\/\/corporate.quadram.site\/wp-content\/uploads\/2023\/05\/5847e95fcef1014c0b5e4822-1-768x309.png 768w, https:\/\/corporate.quadram.site\/wp-content\/uploads\/2023\/05\/5847e95fcef1014c0b5e4822-1.png 1272w\" sizes=\"auto, (max-width: 200px) 100vw, 200px\" \/><\/a><\/figure>\n<\/div>\n<\/div>\n\n\n\n<div style=\"height:100px\" aria-hidden=\"true\" class=\"wp-block-spacer\"><\/div>\n<\/div><\/div>\n\n\n\n<div style=\"height:100px\" aria-hidden=\"true\" class=\"wp-block-spacer\"><\/div>\n\n\n\n<div class=\"wp-block-columns is-layout-flex wp-container-core-columns-is-layout-9d6595d7 wp-block-columns-is-layout-flex\">\n<div class=\"wp-block-column is-layout-flow wp-block-column-is-layout-flow\">\n<h2 class=\"wp-block-heading\">ErgoDoc App<\/h2>\n\n\n<div class=\"wp-block-image\">\n<figure class=\"aligncenter size-full is-resized\"><img loading=\"lazy\" decoding=\"async\" src=\"http:\/\/corporate.quadram.site\/master\/wp-content\/uploads\/2023\/05\/Icone_Ed_512.svg-g1035-1020-3.png\" alt=\"\" class=\"wp-image-1306\" width=\"256\" height=\"256\" srcset=\"https:\/\/corporate.quadram.site\/wp-content\/uploads\/2023\/05\/Icone_Ed_512.svg-g1035-1020-3.png 512w, https:\/\/corporate.quadram.site\/wp-content\/uploads\/2023\/05\/Icone_Ed_512.svg-g1035-1020-3-300x300.png 300w, https:\/\/corporate.quadram.site\/wp-content\/uploads\/2023\/05\/Icone_Ed_512.svg-g1035-1020-3-150x150.png 150w\" sizes=\"auto, (max-width: 256px) 100vw, 256px\" \/><\/figure>\n<\/div><\/div>\n\n\n\n<div class=\"wp-block-column is-layout-flow wp-block-column-is-layout-flow\">\n<p>Mettez tous les documents de vos projets dans votre poche&nbsp;!<\/p>\n\n\n\n<p>ErgoDoc, c\u2019est le confort de retrouver ses documents sur son smartphone lorsque vous \u00eates en dehors de votre bureau, sur chantier ou en r\u00e9union par exemple.<\/p>\n\n\n\n<p>Pas besoin d&rsquo;un service Cloud, ErgoDoc se connecte directement \u00e0 ErgoOffice sur votre propre serveur.<\/p>\n\n\n\n<p>Vous avez besoin de consulter un rapport, un plan, un courrier&nbsp;? Avec ErgoDoc, vous pouvez ouvrir tous vos documents, qu\u2019ils soient au format Word, Excel, PDF\u2026<\/p>\n\n\n\n<p>Allez encore plus loin avec ErgoDoc&nbsp;; prenez des photos avec votre smartphone, elles seront sauvegard\u00e9es et synchronis\u00e9es dans vos projets d\u2019ErgoOffice.<\/p>\n\n\n\n<p>Prenez-en autant que vous voulez, ErgoDoc les compresse automatiquement au format PNG ou JPG pour vous faire gagner un maximum de place sur votre smartphone et sur votre serveur.<\/p>\n\n\n\n<p>ErgoDoc, c\u2019est l\u2019application simple et pratique, dont vous ne pourrez plus vous passer.<\/p>\n\n\n\n<figure class=\"wp-block-image size-medium is-resized\"><a href=\"https:\/\/apps.apple.com\/fr\/app\/ergodoc\/id1144819766\" target=\"_blank\" rel=\"noopener\"><img loading=\"lazy\" decoding=\"async\" src=\"http:\/\/corporate.quadram.site\/master\/wp-content\/uploads\/2023\/05\/5847e95fcef1014c0b5e4822-1-300x121.png\" alt=\"\" class=\"wp-image-1371\" width=\"200\" height=\"80\" srcset=\"https:\/\/corporate.quadram.site\/wp-content\/uploads\/2023\/05\/5847e95fcef1014c0b5e4822-1-300x121.png 300w, https:\/\/corporate.quadram.site\/wp-content\/uploads\/2023\/05\/5847e95fcef1014c0b5e4822-1-1024x412.png 1024w, https:\/\/corporate.quadram.site\/wp-content\/uploads\/2023\/05\/5847e95fcef1014c0b5e4822-1-768x309.png 768w, https:\/\/corporate.quadram.site\/wp-content\/uploads\/2023\/05\/5847e95fcef1014c0b5e4822-1.png 1272w\" sizes=\"auto, (max-width: 200px) 100vw, 200px\" \/><\/a><\/figure>\n<\/div>\n<\/div>\n\n\n\n<div style=\"height:100px\" aria-hidden=\"true\" class=\"wp-block-spacer\"><\/div>\n","protected":false},"excerpt":{"rendered":"<p>ErgoOffice Mobile Avec ErgoReport et ErgoDoc (les apps d&rsquo;ErgoOffice pour tablette et smartphone) vous utilisez vos donn\u00e9es et vos documents au moment o\u00f9 vous en avez besoin ! ErgoDoc App Mettez tous les documents de vos projets dans votre poche&nbsp;! ErgoDoc, c\u2019est le confort de retrouver ses documents sur son smartphone lorsque vous \u00eates en&hellip;&nbsp;<a href=\"https:\/\/corporate.quadram.site\/?page_id=542\" class=\"\" rel=\"bookmark\">Lire la suite &raquo;<span class=\"screen-reader-text\">ErgoOffice Mobile<\/span><\/a><\/p>\n","protected":false},"author":1,"featured_media":0,"parent":404,"menu_order":0,"comment_status":"closed","ping_status":"closed","template":"","meta":{"neve_meta_sidebar":"","neve_meta_container":"contained","neve_meta_enable_content_width":"on","neve_meta_content_width":100,"neve_meta_title_alignment":"","neve_meta_author_avatar":"","neve_post_elements_order":"","neve_meta_disable_header":"off","neve_meta_disable_footer":"","neve_meta_disable_title":"on","footnotes":""},"class_list":["post-542","page","type-page","status-publish","hentry"],"_links":{"self":[{"href":"https:\/\/corporate.quadram.site\/index.php?rest_route=\/wp\/v2\/pages\/542","targetHints":{"allow":["GET"]}}],"collection":[{"href":"https:\/\/corporate.quadram.site\/index.php?rest_route=\/wp\/v2\/pages"}],"about":[{"href":"https:\/\/corporate.quadram.site\/index.php?rest_route=\/wp\/v2\/types\/page"}],"author":[{"embeddable":true,"href":"https:\/\/corporate.quadram.site\/index.php?rest_route=\/wp\/v2\/users\/1"}],"replies":[{"embeddable":true,"href":"https:\/\/corporate.quadram.site\/index.php?rest_route=%2Fwp%2Fv2%2Fcomments&post=542"}],"version-history":[{"count":32,"href":"https:\/\/corporate.quadram.site\/index.php?rest_route=\/wp\/v2\/pages\/542\/revisions"}],"predecessor-version":[{"id":2099,"href":"https:\/\/corporate.quadram.site\/index.php?rest_route=\/wp\/v2\/pages\/542\/revisions\/2099"}],"up":[{"embeddable":true,"href":"https:\/\/corporate.quadram.site\/index.php?rest_route=\/wp\/v2\/pages\/404"}],"wp:attachment":[{"href":"https:\/\/corporate.quadram.site\/index.php?rest_route=%2Fwp%2Fv2%2Fmedia&parent=542"}],"curies":[{"name":"wp","href":"https:\/\/api.w.org\/{rel}","templated":true}]}}