{"id":581,"date":"2023-05-08T16:24:16","date_gmt":"2023-05-08T14:24:16","guid":{"rendered":"http:\/\/corporate.quadram.site\/master\/?page_id=581"},"modified":"2023-06-08T08:48:55","modified_gmt":"2023-06-08T06:48:55","slug":"ergolite","status":"publish","type":"page","link":"https:\/\/corporate.quadram.site\/?page_id=581","title":{"rendered":"ErgoLite"},"content":{"rendered":"\n<div style=\"height:25px\" aria-hidden=\"true\" class=\"wp-block-spacer\"><\/div>\n\n\n\n\n\n<div class=\"wp-block-columns is-layout-flex wp-container-core-columns-is-layout-9d6595d7 wp-block-columns-is-layout-flex\">\n<div class=\"wp-block-column is-layout-flow wp-block-column-is-layout-flow\">\n<div style=\"height:50px\" aria-hidden=\"true\" class=\"wp-block-spacer\"><\/div>\n\n\n\n<div class=\"wp-block-columns is-layout-flex wp-container-core-columns-is-layout-9d6595d7 wp-block-columns-is-layout-flex\">\n<div class=\"wp-block-column is-layout-flow wp-block-column-is-layout-flow\"><div class=\"wp-block-image\">\n<figure class=\"aligncenter size-large is-resized\"><img loading=\"lazy\" decoding=\"async\" src=\"http:\/\/corporate.quadram.site\/master\/wp-content\/uploads\/2023\/05\/Cover-EL-689x1024.png\" alt=\"Produit ErgoLite\" class=\"wp-image-84\" width=\"250\" height=\"350\"\/><\/figure>\n<\/div><\/div>\n\n\n\n<div class=\"wp-block-column is-layout-flow wp-block-column-is-layout-flow\">\n<div class=\"wp-block-group\"><div class=\"wp-block-group__inner-container is-layout-constrained wp-block-group-is-layout-constrained\">\n<div style=\"height:25px\" aria-hidden=\"true\" class=\"wp-block-spacer\"><\/div>\n\n\n\n<figure class=\"wp-block-image size-full is-resized\"><img loading=\"lazy\" decoding=\"async\" src=\"http:\/\/corporate.quadram.site\/master\/wp-content\/uploads\/2023\/05\/Logo-EL-crop.png\" alt=\"Logo Produit ErgoLite\" class=\"wp-image-101\" width=\"288\" height=\"97\" srcset=\"https:\/\/corporate.quadram.site\/wp-content\/uploads\/2023\/05\/Logo-EL-crop.png 576w, https:\/\/corporate.quadram.site\/wp-content\/uploads\/2023\/05\/Logo-EL-crop-300x101.png 300w\" sizes=\"auto, (max-width: 288px) 100vw, 288px\" \/><\/figure>\n\n\n\n<div style=\"height:25px\" aria-hidden=\"true\" class=\"wp-block-spacer\"><\/div>\n\n\n\n<p><strong>La version lite du logiciel ErgoArchitecte.<\/strong><\/p>\n\n\n\n<p>Retrouvez les fonctionnalit\u00e9s essentielles d&rsquo;ErgoArchitecte pour seulement&nbsp;<strong>790,00 \u20ac (hTVA)<\/strong>.<\/p>\n<\/div><\/div>\n<\/div>\n<\/div>\n\n\n\n<div style=\"height:100px\" aria-hidden=\"true\" class=\"wp-block-spacer\"><\/div>\n<\/div>\n<\/div>\n\n\n\n<div class=\"wp-block-cover alignfull\"><span aria-hidden=\"true\" class=\"wp-block-cover__background has-nv-light-bg-background-color has-background-dim-100 has-background-dim\"><\/span><div class=\"wp-block-cover__inner-container is-layout-flow wp-block-cover-is-layout-flow\">\n<div style=\"height:100px\" aria-hidden=\"true\" class=\"wp-block-spacer\"><\/div>\n\n\n\n<div class=\"wp-block-columns is-layout-flex wp-container-core-columns-is-layout-9d6595d7 wp-block-columns-is-layout-flex\">\n<div class=\"wp-block-column is-layout-flow wp-block-column-is-layout-flow\">\n<h2 class=\"wp-block-heading has-neve-text-color-color has-text-color\">Description<\/h2>\n\n\n\n<p class=\"has-neve-text-color-color has-text-color\">La version LITE du logiciel ErgoArchitecte offre l&rsquo;essentiel des fonctionnalit\u00e9s du logiciel completqui satisferont pleinement les besoins des tr\u00e8s petites structures (bureau individuel d&rsquo;architecte, d&rsquo;\u00e9tudes, d&rsquo;ing\u00e9nieur, startup). L\u2019\u00e9volution vers la version compl\u00e8te Ergo \u2018Architecte\u2019 est possible \u00e0 tout moment.<\/p>\n\n\n\n<p class=\"has-neve-text-color-color has-text-color\">Avec Ergo LITE, vous pouvez g\u00e9rer les biblioth\u00e8ques de descriptifs des textes, d\u00e9velopper les projets et \u00e9laborer vos estimations, cahiers des charges, m\u00e9tr\u00e9s, bordereaux. L\u2019\u00e9valuation et la comparaison des offres re\u00e7ues et&nbsp; les fonctionnalit\u00e9s import \/export sont aussi incluses ; vous diposez d\u00e8s lors de tout ce dont vous avez besoin pour travailler.<\/p>\n\n\n\n<p class=\"has-neve-text-color-color has-text-color\">Les cahiers des charges type SWL-CDC 2009 et RDG-RDB 904 (fran\u00e7ais et n\u00e9erlandais) r\u00e9pondant aux besoins sp\u00e9cifiques de la Belgique ont \u00e9t\u00e9 int\u00e9gr\u00e9s dans ErgoLite.<\/p>\n\n\n\n<p class=\"has-neve-text-color-color has-text-color\">Ergo LITE utilise la m\u00eame interface utilisateur multilingues qu&rsquo;ErgoArchitecte (anglais, fran\u00e7ais, allemand et n\u00e9erlandais), et permet d&rsquo;imprimer les cahiers des charges en deux langues.<\/p>\n\n\n\n<div class=\"wp-block-file\"><a id=\"wp-block-file--media-f9b503e3-70e6-4a87-b3e6-cf59d856f7ea\" href=\"http:\/\/corporate.quadram.site\/master\/wp-content\/uploads\/2023\/05\/Comparatif-Fonctionnalites-ErgoLite-ErgoArchitecte.pdf\" target=\"_blank\" rel=\"noreferrer noopener\"><a rel=\"noreferrer noopener\" href=\"https:\/\/www.quadram.lu\/uploads\/FR\/Comparatif%20Fonctionnalit%C3%A9s%20ErgoLite%20ErgoArchitecte.pdf\" target=\"_blank\">Cliquer sur ce lien pour consulter le tableau comparatif des fonctionnalit\u00e9s ErgoLite et ErgoArchitecte<\/a><\/a><\/div>\n<\/div>\n\n\n\n<div class=\"wp-block-column is-layout-flow wp-block-column-is-layout-flow\">\n<h2 class=\"wp-block-heading has-neve-text-color-color has-text-color\">D\u00e9tails<\/h2>\n\n\n\n<h4 class=\"wp-block-heading has-neve-text-color-color has-text-color\"><strong>D\u00e9monstration d&rsquo;ERGO LITE.<\/strong><\/h4>\n\n\n\n<p class=\"has-neve-text-color-color has-text-color\">Pour toute demande de pr\u00e9sentation du logiciel, contactez notre service commercial :<\/p>\n\n\n\n<ul class=\"has-neve-text-color-color has-text-color wp-block-list\">\n<li><strong>email<\/strong> : <a href=\"mailto:info@quadram.lu\">info@quadram.lu<\/a>&nbsp;<\/li>\n\n\n\n<li><strong>t\u00e9l\u00e9phone<\/strong> : +352 58 22 16 1<\/li>\n<\/ul>\n\n\n\n<h4 class=\"wp-block-heading has-neve-text-color-color has-text-color\"><strong><strong>Configuration requise<\/strong><\/strong><\/h4>\n\n\n\n<p class=\"has-neve-text-color-color has-text-color\"><strong>PC:<\/strong> toutes les versions Windows 32bit ou 64bit<br><strong>Mac:<\/strong> En utilisant \u00abParallels Desktop\u00bb vous pouvez utiliser Ergo en parall\u00e8le avec vos applications Mac.<\/p>\n\n\n\n<h4 class=\"wp-block-heading has-neve-text-color-color has-text-color\"><strong><strong><strong>Formation<\/strong><\/strong><\/strong><\/h4>\n\n\n\n<p class=\"has-neve-text-color-color has-text-color\">Quadram propose des formations \u00e0 distance ou en pr\u00e9sentiel au sein de ses locaux de Differdange, au tarif en vigueur.<\/p>\n\n\n\n<p class=\"has-neve-text-color-color has-text-color\">Pour obtenir une offre, le service commercial de Quadram est \u00e0 votre disposition.<\/p>\n\n\n\n<h4 class=\"wp-block-heading has-neve-text-color-color has-text-color\"><strong><strong><strong>Assistance technique, maintenance<\/strong><\/strong><\/strong><\/h4>\n\n\n\n<p class=\"has-neve-text-color-color has-text-color\">Quadram peut vous fournir une assistance utilisateur par emailau prix de 20\u20ac par mois (hTVA). Cette assistance est fournie dans le cadre d\u2019un contrat de maintenance annuel qui vous donne \u00e9galement droit aux mises \u00e0 jour du logiciel.<\/p>\n\n\n\n<p class=\"has-neve-text-color-color has-text-color\">Une assistance t\u00e9l\u00e9phonique ou assistance \u00e0 distance (en utilisant TeamViewer) est \u00e9galement disponible sur demande, selon les tarifs en vigueur.<\/p>\n<\/div>\n<\/div>\n\n\n\n<div style=\"height:100px\" aria-hidden=\"true\" class=\"wp-block-spacer\"><\/div>\n<\/div><\/div>\n\n\n\n<div style=\"height:100px\" aria-hidden=\"true\" class=\"wp-block-spacer\"><\/div>\n\n\n\n<h2 class=\"wp-block-heading\">T\u00e9l\u00e9chargement<\/h2>\n\n\n\n<div class=\"wp-block-file\"><a id=\"wp-block-file--media-c07d2e1f-ebed-4019-9408-a7b19d2df332\" href=\"http:\/\/corporate.quadram.site\/master\/wp-content\/uploads\/2023\/05\/Bon-de-commande-ErgoLite-fr.pdf\" target=\"_blank\" rel=\"noreferrer noopener\"><a rel=\"noreferrer noopener\" href=\"https:\/\/www.quadram.lu\/uploads\/FR\/Bon%20de%20commande%20ErgoLite%20-fr.pdf\" target=\"_blank\">Bon de Commande d&rsquo;Ergo LITE (PDF)<\/a><\/a><\/div>\n\n\n\n<div style=\"height:100px\" aria-hidden=\"true\" class=\"wp-block-spacer\"><\/div>\n","protected":false},"excerpt":{"rendered":"<p>La version lite du logiciel ErgoArchitecte. Retrouvez les fonctionnalit\u00e9s essentielles d&rsquo;ErgoArchitecte pour seulement&nbsp;790,00 \u20ac (hTVA). T\u00e9l\u00e9chargement<\/p>\n","protected":false},"author":1,"featured_media":0,"parent":369,"menu_order":0,"comment_status":"closed","ping_status":"closed","template":"","meta":{"neve_meta_sidebar":"","neve_meta_container":"contained","neve_meta_enable_content_width":"on","neve_meta_content_width":100,"neve_meta_title_alignment":"","neve_meta_author_avatar":"","neve_post_elements_order":"","neve_meta_disable_header":"","neve_meta_disable_footer":"","neve_meta_disable_title":"on","footnotes":""},"class_list":["post-581","page","type-page","status-publish","hentry"],"_links":{"self":[{"href":"https:\/\/corporate.quadram.site\/index.php?rest_route=\/wp\/v2\/pages\/581","targetHints":{"allow":["GET"]}}],"collection":[{"href":"https:\/\/corporate.quadram.site\/index.php?rest_route=\/wp\/v2\/pages"}],"about":[{"href":"https:\/\/corporate.quadram.site\/index.php?rest_route=\/wp\/v2\/types\/page"}],"author":[{"embeddable":true,"href":"https:\/\/corporate.quadram.site\/index.php?rest_route=\/wp\/v2\/users\/1"}],"replies":[{"embeddable":true,"href":"https:\/\/corporate.quadram.site\/index.php?rest_route=%2Fwp%2Fv2%2Fcomments&post=581"}],"version-history":[{"count":25,"href":"https:\/\/corporate.quadram.site\/index.php?rest_route=\/wp\/v2\/pages\/581\/revisions"}],"predecessor-version":[{"id":2087,"href":"https:\/\/corporate.quadram.site\/index.php?rest_route=\/wp\/v2\/pages\/581\/revisions\/2087"}],"up":[{"embeddable":true,"href":"https:\/\/corporate.quadram.site\/index.php?rest_route=\/wp\/v2\/pages\/369"}],"wp:attachment":[{"href":"https:\/\/corporate.quadram.site\/index.php?rest_route=%2Fwp%2Fv2%2Fmedia&parent=581"}],"curies":[{"name":"wp","href":"https:\/\/api.w.org\/{rel}","templated":true}]}}