{"id":615,"date":"2023-05-08T16:45:04","date_gmt":"2023-05-08T14:45:04","guid":{"rendered":"http:\/\/corporate.quadram.site\/master\/?page_id=615"},"modified":"2023-06-07T15:20:21","modified_gmt":"2023-06-07T13:20:21","slug":"ressources-humaines","status":"publish","type":"page","link":"https:\/\/corporate.quadram.site\/?page_id=615","title":{"rendered":"Ressources Humaines"},"content":{"rendered":"\n<div style=\"height:25px\" aria-hidden=\"true\" class=\"wp-block-spacer\"><\/div>\n\n\n\n\n\n<div style=\"height:50px\" aria-hidden=\"true\" class=\"wp-block-spacer\"><\/div>\n\n\n\n<div class=\"wp-block-columns is-layout-flex wp-container-core-columns-is-layout-9d6595d7 wp-block-columns-is-layout-flex\">\n<div class=\"wp-block-column is-layout-flow wp-block-column-is-layout-flow\">\n<figure class=\"wp-block-image size-large is-resized\"><img loading=\"lazy\" decoding=\"async\" src=\"http:\/\/corporate.quadram.site\/master\/wp-content\/uploads\/2023\/05\/ErgoOffice-Ressources-Humaines-1024x682.jpg\" alt=\"\" class=\"wp-image-618\" width=\"512\" height=\"341\" srcset=\"https:\/\/corporate.quadram.site\/wp-content\/uploads\/2023\/05\/ErgoOffice-Ressources-Humaines-1024x682.jpg 1024w, https:\/\/corporate.quadram.site\/wp-content\/uploads\/2023\/05\/ErgoOffice-Ressources-Humaines-300x200.jpg 300w, https:\/\/corporate.quadram.site\/wp-content\/uploads\/2023\/05\/ErgoOffice-Ressources-Humaines-768x512.jpg 768w, https:\/\/corporate.quadram.site\/wp-content\/uploads\/2023\/05\/ErgoOffice-Ressources-Humaines-1536x1024.jpg 1536w, https:\/\/corporate.quadram.site\/wp-content\/uploads\/2023\/05\/ErgoOffice-Ressources-Humaines-2048x1365.jpg 2048w, https:\/\/corporate.quadram.site\/wp-content\/uploads\/2023\/05\/ErgoOffice-Ressources-Humaines-930x620.jpg 930w\" sizes=\"auto, (max-width: 512px) 100vw, 512px\" \/><\/figure>\n<\/div>\n\n\n\n<div class=\"wp-block-column is-layout-flow wp-block-column-is-layout-flow\">\n<div class=\"wp-block-group\"><div class=\"wp-block-group__inner-container is-layout-constrained wp-block-group-is-layout-constrained\">\n<div style=\"height:25px\" aria-hidden=\"true\" class=\"wp-block-spacer\"><\/div>\n\n\n\n<h2 class=\"wp-block-heading\">Ressources Humaines<\/h2>\n\n\n\n<div style=\"height:25px\" aria-hidden=\"true\" class=\"wp-block-spacer\"><\/div>\n\n\n\n<p><strong>La ges<\/strong><strong>tion de votre personnel adapt\u00e9e au droit du travail au Luxembourg. Un pack complet des services pour toutes les entreprises de 5 \u00e0 1.000 employ\u00e9s qui peut vous faire gagner du temps et \u00e9conomiser des frais de gestion.<\/strong><\/p>\n\n\n\n<p>Tous vos besoins au niveau de la gestion de votre personnel sont satisfaits : planification et suivi des demandes de cong\u00e9s, gestion des absences, fiches d&rsquo;informations des employ\u00e9s.<\/p>\n<\/div><\/div>\n<\/div>\n<\/div>\n\n\n\n<div style=\"height:100px\" aria-hidden=\"true\" class=\"wp-block-spacer\"><\/div>\n\n\n\n<div class=\"wp-block-cover alignfull\"><span aria-hidden=\"true\" class=\"wp-block-cover__background has-nv-light-bg-background-color has-background-dim-100 has-background-dim\"><\/span><div class=\"wp-block-cover__inner-container is-layout-flow wp-block-cover-is-layout-flow\">\n<div style=\"height:100px\" aria-hidden=\"true\" class=\"wp-block-spacer\"><\/div>\n\n\n\n<div class=\"wp-block-columns is-layout-flex wp-container-core-columns-is-layout-9d6595d7 wp-block-columns-is-layout-flex\">\n<div class=\"wp-block-column is-layout-flow wp-block-column-is-layout-flow\">\n<h2 class=\"wp-block-heading has-neve-text-color-color has-text-color\">Description<\/h2>\n\n\n\n<p class=\"has-neve-text-color-color has-text-color\">Le module \u2018Ressources Humaines\u2019 vous aide \u00e0 r\u00e9aliser toutes les t\u00e2ches li\u00e9es \u00e0 la gestion de vos RH, \u00e0 gagner du temps et \u00e0 am\u00e9liorer la communication avec vos collaborateurs.<\/p>\n\n\n\n<p class=\"has-neve-text-color-color has-text-color\">Gr\u00e2ce \u00e0 l\u2019int\u00e9gration de la l\u00e9gislation luxembourgeoise, vous pouvez effectuer des contr\u00f4les, prendre des d\u00e9cisions et valider les demandes des collaborateurs m\u00eame sans \u00eatre un sp\u00e9cialiste RH ou un comptable. Le solde des diff\u00e9rents types de cong\u00e9s est automatiquement calcul\u00e9 sur la base des contrats des salari\u00e9s et des dispositions l\u00e9gislatives.<\/p>\n\n\n\n<p class=\"has-neve-text-color-color has-text-color\">Sa combinaison avec les autres modules d&rsquo;ErgoOffice vous permet de profiter d\u2019une plateforme universelle pour toutes les activit\u00e9s de gestion du personnel avec plusieurs avantages&nbsp;:<\/p>\n\n\n\n<ul class=\"has-neve-text-color-color has-text-color wp-block-list\">\n<li>L\u2019int\u00e9gration des absences (cong\u00e9, maladie, etc) dans le planning de votre personnel (module planning d\u2019ErgoOffice)<\/li>\n\n\n\n<li>La synchronisation avec l\u2019encodage du temps travaill\u00e9 et les statistiques des projets d\u2019ErgoOffice.<\/li>\n\n\n\n<li>L\u2019int\u00e9gration de la gestion RH dans le syst\u00e8me ERP de l\u2019entreprise (gestion des documents, checklists, etc.)<\/li>\n<\/ul>\n<\/div>\n\n\n\n<div class=\"wp-block-column is-layout-flow wp-block-column-is-layout-flow\">\n<div style=\"height:70px\" aria-hidden=\"true\" class=\"wp-block-spacer\"><\/div>\n\n\n\n<h3 class=\"wp-block-heading has-neve-text-color-color has-text-color\"><strong>Le module RH r\u00e9pond \u00e0 tous les besoins<\/strong><\/h3>\n\n\n\n<h4 class=\"wp-block-heading has-neve-text-color-color has-text-color\">Le Salari\u00e9&nbsp;:<\/h4>\n\n\n\n<ul class=\"has-neve-text-color-color has-text-color wp-block-list\">\n<li>Consulte son solde de cong\u00e9s et son calendrier<\/li>\n\n\n\n<li>Signale son absence (maladie)<\/li>\n\n\n\n<li>Etablit une demande de cong\u00e9s et suit son traitement<\/li>\n\n\n\n<li>Demande l\u2019autorisation des heures suppl\u00e9mentaires<\/li>\n<\/ul>\n\n\n\n<h4 class=\"wp-block-heading has-neve-text-color-color has-text-color\">Le Manager ou le chef d\u2019\u00e9quipe&nbsp;:<\/h4>\n\n\n\n<ul class=\"has-neve-text-color-color has-text-color wp-block-list\">\n<li>S\u2019informe pour les demandes des membres de son \u00e9quipe<\/li>\n\n\n\n<li>Consulte le planning des cong\u00e9s et des absences de son \u00e9quipe<\/li>\n\n\n\n<li>Valide les cong\u00e9s<\/li>\n\n\n\n<li>Est automatiquement notifi\u00e9 des absences des collaborateurs<\/li>\n<\/ul>\n\n\n\n<h4 class=\"wp-block-heading has-neve-text-color-color has-text-color\">Le Responsable RH :<\/h4>\n\n\n\n<ul class=\"has-neve-text-color-color has-text-color wp-block-list\">\n<li>G\u00e8re les fiches d&rsquo;informations des salari\u00e9s (donn\u00e9es personnelles, contrats, taux d\u2019absent\u00e9isme,historique salarial).<\/li>\n\n\n\n<li>G\u00e8re le planning des cong\u00e9s et le calendrier des pr\u00e9sences \/ absences du personnel.<\/li>\n\n\n\n<li>Exporte les donn\u00e9es RH des employ\u00e9s n\u00e9cessaires \u00e0 la fiduciaires pour le calcul des salaires.<\/li>\n\n\n\n<li>Est automatiquement notifi\u00e9 en cas de modification de donn\u00e9es des salari\u00e9s (adresse, compte bancaire).<\/li>\n<\/ul>\n<\/div>\n<\/div>\n\n\n\n<div class=\"wp-block-columns is-layout-flex wp-container-core-columns-is-layout-9d6595d7 wp-block-columns-is-layout-flex\">\n<div class=\"wp-block-column is-layout-flow wp-block-column-is-layout-flow\">\n<h3 class=\"wp-block-heading has-neve-text-color-color has-text-color\">Principales fonctionnalit\u00e9s<\/h3>\n\n\n\n<ul class=\"has-neve-text-color-color has-text-color wp-block-list\">\n<li>Traitement des demandes des cong\u00e9s.<\/li>\n\n\n\n<li>Calcul automatique des soldes des cong\u00e9s et des droits aux autres types d\u2019absence.<\/li>\n\n\n\n<li>Calendrier des cong\u00e9s et autres absences (maladies, absences pour raisons familiales, cong\u00e9s exceptionnels).<\/li>\n\n\n\n<li>Validation des heures suppl\u00e9mentaires.<\/li>\n\n\n\n<li>Fiches d&rsquo;informations des salari\u00e9s.<\/li>\n\n\n\n<li>Historisation des donn\u00e9es et des absences des salari\u00e9s.<\/li>\n\n\n\n<li>Int\u00e9gration \u00e0 la gestion du temps et du planning de travail d&rsquo;ErgoOffice.<\/li>\n\n\n\n<li>Int\u00e9gration \u00e0 la gestion des documents d&rsquo;ErgoOffice.<\/li>\n\n\n\n<li>Gestion des droits d\u2019acc\u00e8s pour les diff\u00e9rents types d&rsquo;utilisateurs.<\/li>\n<\/ul>\n<\/div>\n\n\n\n<div class=\"wp-block-column is-layout-flow wp-block-column-is-layout-flow\">\n<h3 class=\"wp-block-heading has-neve-text-color-color has-text-color\">B\u00e9n\u00e9fices du module RH d\u2019ErgoOffice<\/h3>\n\n\n\n<ul class=\"has-neve-text-color-color has-text-color wp-block-list\">\n<li>Am\u00e9lioration de la communication entre responsables et salari\u00e9s, tout en limitant l\u2019\u00e9change d&rsquo;e-mails et d&rsquo;appels t\u00e9l\u00e9phoniques.<\/li>\n\n\n\n<li>Flexibilit\u00e9 du traitement des demandes des cong\u00e9s<\/li>\n\n\n\n<li>Gain de temps dans la gestion du personnel<\/li>\n\n\n\n<li>Meilleur contr\u00f4le (taux d\u2019absent\u00e9isme, turnover)<\/li>\n\n\n\n<li>Mise \u00e0 jour des donn\u00e9es personnelles directement par le salari\u00e9 (changement d\u2019adresse, compte bancaire,)<\/li>\n\n\n\n<li>Int\u00e9gration avec les autres modules d&rsquo;ErgoOffice.<\/li>\n\n\n\n<li>Conformit\u00e9 RGPD<\/li>\n<\/ul>\n<\/div>\n<\/div>\n\n\n\n<div style=\"height:100px\" aria-hidden=\"true\" class=\"wp-block-spacer\"><\/div>\n<\/div><\/div>\n\n\n\n<div style=\"height:100px\" aria-hidden=\"true\" class=\"wp-block-spacer\"><\/div>\n\n\n\n<h2 class=\"wp-block-heading\">Illustrations<\/h2>\n\n\n\n<div class=\"wp-block-columns is-layout-flex wp-container-core-columns-is-layout-9d6595d7 wp-block-columns-is-layout-flex\">\n<div class=\"wp-block-column is-layout-flow wp-block-column-is-layout-flow\">\n<h3 class=\"wp-block-heading\">Demande et planification des cong\u00e9s<\/h3>\n\n\n\n<div class=\"wp-block-columns is-layout-flex wp-container-core-columns-is-layout-9d6595d7 wp-block-columns-is-layout-flex\">\n<div class=\"wp-block-column is-layout-flow wp-block-column-is-layout-flow\">\n<figure class=\"wp-block-image size-full is-resized\"><a href=\"http:\/\/corporate.quadram.site\/master\/wp-content\/uploads\/2023\/05\/RH-DemandeConge.png\" target=\"_blank\" rel=\"noreferrer noopener\"><img loading=\"lazy\" decoding=\"async\" src=\"http:\/\/corporate.quadram.site\/master\/wp-content\/uploads\/2023\/05\/RH-DemandeConge.png\" alt=\"\" class=\"wp-image-635\" width=\"235\" height=\"199\" srcset=\"https:\/\/corporate.quadram.site\/wp-content\/uploads\/2023\/05\/RH-DemandeConge.png 938w, https:\/\/corporate.quadram.site\/wp-content\/uploads\/2023\/05\/RH-DemandeConge-300x254.png 300w, https:\/\/corporate.quadram.site\/wp-content\/uploads\/2023\/05\/RH-DemandeConge-768x651.png 768w\" sizes=\"auto, (max-width: 235px) 100vw, 235px\" \/><\/a><\/figure>\n<\/div>\n<\/div>\n<\/div>\n\n\n\n<div class=\"wp-block-column is-layout-flow wp-block-column-is-layout-flow\">\n<h3 class=\"wp-block-heading has-text-align-left\">Gestion des demandes<\/h3>\n\n\n<div class=\"wp-block-image\">\n<figure class=\"alignleft size-full is-resized\"><a href=\"http:\/\/corporate.quadram.site\/master\/wp-content\/uploads\/2023\/05\/RH-Menu.png\" target=\"_blank\" rel=\"noreferrer noopener\"><img loading=\"lazy\" decoding=\"async\" src=\"http:\/\/corporate.quadram.site\/master\/wp-content\/uploads\/2023\/05\/RH-Menu.png\" alt=\"\" class=\"wp-image-637\" width=\"155\" height=\"147\" srcset=\"https:\/\/corporate.quadram.site\/wp-content\/uploads\/2023\/05\/RH-Menu.png 309w, https:\/\/corporate.quadram.site\/wp-content\/uploads\/2023\/05\/RH-Menu-300x285.png 300w\" sizes=\"auto, (max-width: 155px) 100vw, 155px\" \/><\/a><\/figure>\n<\/div><\/div>\n<\/div>\n\n\n\n<div style=\"height:100px\" aria-hidden=\"true\" class=\"wp-block-spacer\"><\/div>\n","protected":false},"excerpt":{"rendered":"<p>Ressources Humaines La gestion de votre personnel adapt\u00e9e au droit du travail au Luxembourg. Un pack complet des services pour toutes les entreprises de 5 \u00e0 1.000 employ\u00e9s qui peut vous faire gagner du temps et \u00e9conomiser des frais de gestion. Tous vos besoins au niveau de la gestion de votre personnel sont satisfaits :&hellip;&nbsp;<a href=\"https:\/\/corporate.quadram.site\/?page_id=615\" class=\"\" rel=\"bookmark\">Lire la suite &raquo;<span class=\"screen-reader-text\">Ressources Humaines<\/span><\/a><\/p>\n","protected":false},"author":1,"featured_media":0,"parent":404,"menu_order":0,"comment_status":"closed","ping_status":"closed","template":"","meta":{"neve_meta_sidebar":"","neve_meta_container":"contained","neve_meta_enable_content_width":"on","neve_meta_content_width":100,"neve_meta_title_alignment":"","neve_meta_author_avatar":"","neve_post_elements_order":"","neve_meta_disable_header":"","neve_meta_disable_footer":"","neve_meta_disable_title":"on","footnotes":""},"class_list":["post-615","page","type-page","status-publish","hentry"],"_links":{"self":[{"href":"https:\/\/corporate.quadram.site\/index.php?rest_route=\/wp\/v2\/pages\/615","targetHints":{"allow":["GET"]}}],"collection":[{"href":"https:\/\/corporate.quadram.site\/index.php?rest_route=\/wp\/v2\/pages"}],"about":[{"href":"https:\/\/corporate.quadram.site\/index.php?rest_route=\/wp\/v2\/types\/page"}],"author":[{"embeddable":true,"href":"https:\/\/corporate.quadram.site\/index.php?rest_route=\/wp\/v2\/users\/1"}],"replies":[{"embeddable":true,"href":"https:\/\/corporate.quadram.site\/index.php?rest_route=%2Fwp%2Fv2%2Fcomments&post=615"}],"version-history":[{"count":24,"href":"https:\/\/corporate.quadram.site\/index.php?rest_route=\/wp\/v2\/pages\/615\/revisions"}],"predecessor-version":[{"id":2040,"href":"https:\/\/corporate.quadram.site\/index.php?rest_route=\/wp\/v2\/pages\/615\/revisions\/2040"}],"up":[{"embeddable":true,"href":"https:\/\/corporate.quadram.site\/index.php?rest_route=\/wp\/v2\/pages\/404"}],"wp:attachment":[{"href":"https:\/\/corporate.quadram.site\/index.php?rest_route=%2Fwp%2Fv2%2Fmedia&parent=615"}],"curies":[{"name":"wp","href":"https:\/\/api.w.org\/{rel}","templated":true}]}}