{"id":641,"date":"2023-05-12T12:04:29","date_gmt":"2023-05-12T10:04:29","guid":{"rendered":"http:\/\/corporate.quadram.site\/master\/?page_id=641"},"modified":"2023-06-08T08:58:31","modified_gmt":"2023-06-08T06:58:31","slug":"eureka","status":"publish","type":"page","link":"https:\/\/corporate.quadram.site\/?page_id=641","title":{"rendered":"Eur\u00eaka!"},"content":{"rendered":"\n<div style=\"height:25px\" aria-hidden=\"true\" class=\"wp-block-spacer\"><\/div>\n\n\n\n\n\n<div style=\"height:50px\" aria-hidden=\"true\" class=\"wp-block-spacer\"><\/div>\n\n\n\n<div class=\"wp-block-columns is-layout-flex wp-container-core-columns-is-layout-9d6595d7 wp-block-columns-is-layout-flex\">\n<div class=\"wp-block-column is-layout-flow wp-block-column-is-layout-flow\"><div class=\"wp-block-image\">\n<figure class=\"aligncenter size-large is-resized\"><img loading=\"lazy\" decoding=\"async\" src=\"http:\/\/corporate.quadram.site\/master\/wp-content\/uploads\/2023\/05\/eXPert-v2-1024x1024.jpg\" alt=\"\" class=\"wp-image-645\" width=\"350\" height=\"350\" srcset=\"https:\/\/corporate.quadram.site\/wp-content\/uploads\/2023\/05\/eXPert-v2-1024x1024.jpg 1024w, https:\/\/corporate.quadram.site\/wp-content\/uploads\/2023\/05\/eXPert-v2-300x300.jpg 300w, https:\/\/corporate.quadram.site\/wp-content\/uploads\/2023\/05\/eXPert-v2-150x150.jpg 150w, https:\/\/corporate.quadram.site\/wp-content\/uploads\/2023\/05\/eXPert-v2-768x768.jpg 768w, https:\/\/corporate.quadram.site\/wp-content\/uploads\/2023\/05\/eXPert-v2-1536x1536.jpg 1536w, https:\/\/corporate.quadram.site\/wp-content\/uploads\/2023\/05\/eXPert-v2-2048x2048.jpg 2048w\" sizes=\"auto, (max-width: 350px) 100vw, 350px\" \/><\/figure>\n<\/div><\/div>\n\n\n\n<div class=\"wp-block-column is-layout-flow wp-block-column-is-layout-flow\">\n<div class=\"wp-block-group\"><div class=\"wp-block-group__inner-container is-layout-constrained wp-block-group-is-layout-constrained\">\n<div class=\"wp-block-group is-vertical is-layout-flex wp-container-core-group-is-layout-8cf370e7 wp-block-group-is-layout-flex\">\n<div style=\"height:25px\" aria-hidden=\"true\" class=\"wp-block-spacer\"><\/div>\n\n\n\n<figure class=\"wp-block-image size-full is-resized\"><img loading=\"lazy\" decoding=\"async\" src=\"http:\/\/corporate.quadram.site\/master\/wp-content\/uploads\/2023\/05\/Eureka-logo.jpg\" alt=\"\" class=\"wp-image-646\" width=\"212\" height=\"56\" srcset=\"https:\/\/corporate.quadram.site\/wp-content\/uploads\/2023\/05\/Eureka-logo.jpg 424w, https:\/\/corporate.quadram.site\/wp-content\/uploads\/2023\/05\/Eureka-logo-300x79.jpg 300w\" sizes=\"auto, (max-width: 212px) 100vw, 212px\" \/><\/figure>\n\n\n\n<div style=\"height:25px\" aria-hidden=\"true\" class=\"wp-block-spacer\"><\/div>\n\n\n\n<p><strong>Eur\u00eaka!, c&rsquo;est la r\u00e9ponse \u00e0 toutes vos questions<\/strong><\/p>\n\n\n\n<p>Capitalisez les connaissances, les exp\u00e9riences et les savoir-faire de votre entreprise en un seul endroit.<\/p>\n\n\n\n<p>Trouvez rapidement les informations que vous cherchez.<\/p>\n\n\n\n<p>Facilitez la collaboration et la communication au sein de votre bureau.<\/p>\n<\/div>\n<\/div><\/div>\n<\/div>\n<\/div>\n\n\n\n<div style=\"height:100px\" aria-hidden=\"true\" class=\"wp-block-spacer\"><\/div>\n\n\n\n<div class=\"wp-block-cover alignfull\"><span aria-hidden=\"true\" class=\"wp-block-cover__background has-nv-light-bg-background-color has-background-dim-100 has-background-dim\"><\/span><div class=\"wp-block-cover__inner-container is-layout-flow wp-block-cover-is-layout-flow\">\n<div style=\"height:100px\" aria-hidden=\"true\" class=\"wp-block-spacer\"><\/div>\n\n\n\n<div class=\"wp-block-group has-neve-text-color-color has-text-color\"><div class=\"wp-block-group__inner-container is-layout-constrained wp-block-group-is-layout-constrained\">\n<div class=\"wp-block-columns is-layout-flex wp-container-core-columns-is-layout-9d6595d7 wp-block-columns-is-layout-flex\">\n<div class=\"wp-block-column is-layout-flow wp-block-column-is-layout-flow\">\n<div class=\"wp-block-group\"><div class=\"wp-block-group__inner-container is-layout-constrained wp-block-group-is-layout-constrained\">\n<h2 class=\"wp-block-heading\">Description<\/h2>\n\n\n\n<p>Eur\u00eaka!, c\u2019est l\u2019ing\u00e9nieuse combinaison entre une base de connaissances, un forum et une gestion des comp\u00e9tences. Gr\u00e2ce \u00e0 Eur\u00eaka!, vous gagnez du temps et vous pouvez enfin vous consacrer pleinement \u00e0 ce qui compte vraiment dans votre activit\u00e9.<\/p>\n\n\n\n<p>Regroupez les connaissances, les informations utiles, les bonnes pratiques et les savoir-faire en un seul endroit, accessible \u00e0 l\u2019ensemble de vos collaborateurs.<\/p>\n<\/div><\/div>\n<\/div>\n\n\n\n<div class=\"wp-block-column is-layout-flow wp-block-column-is-layout-flow\">\n<figure class=\"wp-block-image size-full\"><img loading=\"lazy\" decoding=\"async\" width=\"597\" height=\"278\" src=\"http:\/\/corporate.quadram.site\/master\/wp-content\/uploads\/2023\/05\/aboutus.jpg\" alt=\"\" class=\"wp-image-644\" srcset=\"https:\/\/corporate.quadram.site\/wp-content\/uploads\/2023\/05\/aboutus.jpg 597w, https:\/\/corporate.quadram.site\/wp-content\/uploads\/2023\/05\/aboutus-300x140.jpg 300w\" sizes=\"auto, (max-width: 597px) 100vw, 597px\" \/><\/figure>\n<\/div>\n<\/div>\n<\/div><\/div>\n\n\n\n<div style=\"height:100px\" aria-hidden=\"true\" class=\"wp-block-spacer\"><\/div>\n<\/div><\/div>\n\n\n\n<div style=\"height:100px\" aria-hidden=\"true\" class=\"wp-block-spacer\"><\/div>\n\n\n\n<div class=\"wp-block-columns is-layout-flex wp-container-core-columns-is-layout-9d6595d7 wp-block-columns-is-layout-flex\">\n<div class=\"wp-block-column is-layout-flow wp-block-column-is-layout-flow\">\n<h2 class=\"wp-block-heading\">Cas pratiques<\/h2>\n\n\n\n<h3 class=\"wp-block-heading\">Gestion des connaissances m\u00e9tiers<\/h3>\n\n\n\n<p><em>Je recherche des informations techniques, des proc\u00e9dures, des m\u00e9thodes, une documentation, des r\u00e8gles m\u00e9tier.<\/em><\/p>\n\n\n\n<p>Avec Eur\u00eaka!, en quelques instants, je trouve toutes les informations relatives \u00e0 ce que je recherche.<\/p>\n\n\n\n<h3 class=\"wp-block-heading\">Question<\/h3>\n\n\n\n<p><em>Je demande l&rsquo;avis de mes coll\u00e8gues sur un sujet en particulier.<\/em><\/p>\n\n\n\n<p>Je pose la question sur Eur\u00eaka! Mes coll\u00e8gues sont notifi\u00e9s de ma demande et r\u00e9agissent \u00e0 la discussion directement dans Eur\u00eaka! sans polluer ma boite e-mail.<\/p>\n\n\n\n<h3 class=\"wp-block-heading\">Discussion<\/h3>\n\n\n\n<p><em>Je veux discuter d&rsquo;une probl\u00e9matique technique sur un sujet particulier avec mes coll\u00e8gues.<\/em><\/p>\n\n\n\n<p>Je lance une nouvelle discussion sur Eur\u00eaka!. Mes coll\u00e8gues interviennent et chacun est libre de r\u00e9agir. C&rsquo;est plus simple de collaborer avec Eur\u00eaka!<\/p>\n<\/div>\n\n\n\n<div class=\"wp-block-column is-layout-flow wp-block-column-is-layout-flow\">\n<div style=\"height:73px\" aria-hidden=\"true\" class=\"wp-block-spacer\"><\/div>\n\n\n\n<h3 class=\"wp-block-heading\">Annonces<\/h3>\n\n\n\n<p><em>Je veux inviter mes coll\u00e8gues \u00e0 un \u00e9v\u00e9nement, partager un bon plan ou faire une annonce.<\/em><\/p>\n\n\n\n<p>Je passe une annonce dans Eur\u00eaka! Mes coll\u00e8gues seront notifi\u00e9s et une fois la date pass\u00e9e, mon annonce est automatiquement supprim\u00e9e.<\/p>\n\n\n\n<h3 class=\"wp-block-heading\">Comp\u00e9tences<\/h3>\n\n\n\n<p><em>Je veux demander de l\u2019aide \u00e0 des coll\u00e8gues sur un domaine qui d\u00e9passe le cadre de mes comp\u00e9tences.<\/em><\/p>\n\n\n\n<p>Je consulte les profils de mes coll\u00e8gues pour identifier celui qui poss\u00e8de les comp\u00e9tences que je recherche.<\/p>\n\n\n\n<div style=\"height:25px\" aria-hidden=\"true\" class=\"wp-block-spacer\"><\/div>\n\n\n<div class=\"wp-block-image\">\n<figure class=\"aligncenter size-large is-resized\"><img loading=\"lazy\" decoding=\"async\" src=\"http:\/\/corporate.quadram.site\/master\/wp-content\/uploads\/2023\/05\/Picto-fonctionnalites-1024x208.png\" alt=\"\" class=\"wp-image-642\" width=\"512\" height=\"104\" srcset=\"https:\/\/corporate.quadram.site\/wp-content\/uploads\/2023\/05\/Picto-fonctionnalites-1024x208.png 1024w, https:\/\/corporate.quadram.site\/wp-content\/uploads\/2023\/05\/Picto-fonctionnalites-300x61.png 300w, https:\/\/corporate.quadram.site\/wp-content\/uploads\/2023\/05\/Picto-fonctionnalites-768x156.png 768w, https:\/\/corporate.quadram.site\/wp-content\/uploads\/2023\/05\/Picto-fonctionnalites.png 1455w\" sizes=\"auto, (max-width: 512px) 100vw, 512px\" \/><\/figure>\n<\/div><\/div>\n<\/div>\n\n\n\n<div style=\"height:100px\" aria-hidden=\"true\" class=\"wp-block-spacer\"><\/div>\n","protected":false},"excerpt":{"rendered":"<p>Eur\u00eaka!, c&rsquo;est la r\u00e9ponse \u00e0 toutes vos questions Capitalisez les connaissances, les exp\u00e9riences et les savoir-faire de votre entreprise en un seul endroit. Trouvez rapidement les informations que vous cherchez. Facilitez la collaboration et la communication au sein de votre bureau. Cas pratiques Gestion des connaissances m\u00e9tiers Je recherche des informations techniques, des proc\u00e9dures, des&hellip;&nbsp;<a href=\"https:\/\/corporate.quadram.site\/?page_id=641\" class=\"\" rel=\"bookmark\">Lire la suite &raquo;<span class=\"screen-reader-text\">Eur\u00eaka!<\/span><\/a><\/p>\n","protected":false},"author":1,"featured_media":0,"parent":404,"menu_order":0,"comment_status":"closed","ping_status":"closed","template":"","meta":{"neve_meta_sidebar":"full-width","neve_meta_container":"contained","neve_meta_enable_content_width":"on","neve_meta_content_width":100,"neve_meta_title_alignment":"","neve_meta_author_avatar":"","neve_post_elements_order":"","neve_meta_disable_header":"","neve_meta_disable_footer":"","neve_meta_disable_title":"on","footnotes":""},"class_list":["post-641","page","type-page","status-publish","hentry"],"_links":{"self":[{"href":"https:\/\/corporate.quadram.site\/index.php?rest_route=\/wp\/v2\/pages\/641","targetHints":{"allow":["GET"]}}],"collection":[{"href":"https:\/\/corporate.quadram.site\/index.php?rest_route=\/wp\/v2\/pages"}],"about":[{"href":"https:\/\/corporate.quadram.site\/index.php?rest_route=\/wp\/v2\/types\/page"}],"author":[{"embeddable":true,"href":"https:\/\/corporate.quadram.site\/index.php?rest_route=\/wp\/v2\/users\/1"}],"replies":[{"embeddable":true,"href":"https:\/\/corporate.quadram.site\/index.php?rest_route=%2Fwp%2Fv2%2Fcomments&post=641"}],"version-history":[{"count":18,"href":"https:\/\/corporate.quadram.site\/index.php?rest_route=\/wp\/v2\/pages\/641\/revisions"}],"predecessor-version":[{"id":2102,"href":"https:\/\/corporate.quadram.site\/index.php?rest_route=\/wp\/v2\/pages\/641\/revisions\/2102"}],"up":[{"embeddable":true,"href":"https:\/\/corporate.quadram.site\/index.php?rest_route=\/wp\/v2\/pages\/404"}],"wp:attachment":[{"href":"https:\/\/corporate.quadram.site\/index.php?rest_route=%2Fwp%2Fv2%2Fmedia&parent=641"}],"curies":[{"name":"wp","href":"https:\/\/api.w.org\/{rel}","templated":true}]}}