{"id":977,"date":"2023-05-11T14:52:25","date_gmt":"2023-05-11T12:52:25","guid":{"rendered":"http:\/\/corporate.quadram.site\/master\/?page_id=977"},"modified":"2023-06-01T15:25:26","modified_gmt":"2023-06-01T13:25:26","slug":"developpeur-windev","status":"publish","type":"page","link":"https:\/\/corporate.quadram.site\/?page_id=977","title":{"rendered":"D\u00e9veloppeur Windev"},"content":{"rendered":"\n<div style=\"height:25px\" aria-hidden=\"true\" class=\"wp-block-spacer\"><\/div>\n\n\n\n\n\n<div style=\"height:25px\" aria-hidden=\"true\" class=\"wp-block-spacer\"><\/div>\n\n\n\n<h1 class=\"wp-block-heading\">D\u00e9veloppeur Windev<\/h1>\n\n\n\n<h2 class=\"wp-block-heading\">\ud83c\udfaf La mission<\/h2>\n\n\n\n<p>En tant que d\u00e9veloppeur Windev, vous serez rattach\u00e9 au chef de projet participerez au maintien et \u00e0 l\u2019am\u00e9lioration des logiciels existants ainsi que la conception de nouvelles fonctionnalit\u00e9s\/produits, principalement \u00e0 travers&nbsp;:<\/p>\n\n\n\n<ul class=\"wp-block-list\">\n<li>L\u2019analyse des besoins du client, la r\u00e9alisation d\u2019audits et la r\u00e9daction de cahiers des charges d\u00e9taill\u00e9s<\/li>\n\n\n\n<li>Le d\u00e9veloppement les solutions conform\u00e9ment \u00e0 la charte de d\u00e9veloppement<\/li>\n\n\n\n<li>La r\u00e9alisation des tests unitaires<\/li>\n\n\n\n<li>Le reporting et le suivi pr\u00e9cis de l\u2019avancement<\/li>\n\n\n\n<li>Le d\u00e9ploiement des d\u00e9veloppements r\u00e9alis\u00e9s<\/li>\n<\/ul>\n\n\n\n<p>Vous pourrez \u00e9galement \u00eatre amen\u00e9 \u00e0 assurer&nbsp;:<\/p>\n\n\n\n<ul class=\"wp-block-list\">\n<li>La r\u00e9daction de manuels utilisateurs et techniques<\/li>\n\n\n\n<li>La formation des utilisateurs<\/li>\n\n\n\n<li>Le support technique des utilisateurs<\/li>\n<\/ul>\n\n\n\n<h2 class=\"wp-block-heading\">\ud83c\udf93 Votre profil<\/h2>\n\n\n\n<p>Vous aimez travailler en autonomie autant qu\u2019en \u00e9quipe,<br>Vous \u00eatres rigoureux, m\u00e9thodique dans votre travail et \u00eates reconnu pour votre professionnalisme,<br>Vous \u00eates toujours \u00e0 l\u2019\u00e9coute des derni\u00e8res innovations en informatique et aimez \u00eatre challeng\u00e9 sur de nouvelles technologies,<br>Vous avez l\u2019ambition d\u2019\u00e9voluer vers un poste de chef de projet.<\/p>\n\n\n\n<h3 class=\"wp-block-heading\">Comp\u00e9tences<\/h3>\n\n\n\n<p>Issu d\u2019une formation en informatique (minimum Bac+3), vous justifiez d\u2019une solide exp\u00e9rience professionnelle d\u2019au moins 5 ans sur un poste similaire.<br>La connaissance de la programmation orient\u00e9e objet, la ma\u00eetrise des SGBD, telles que SQL Server, MySQL, Hyperfile, notamment les proc\u00e9dures stock\u00e9es, les pointeurs, les triggers et les jointures est indispensable.<br>La ma\u00eetrise de tout autre langage de programmation, notamment de C#.NET sera consid\u00e9r\u00e9 comme un avantage.<br>Vous parlez au moins couramment deux de ces trois langues&nbsp;: allemand, anglais, fran\u00e7ais.<br>La connaissance des applications m\u00e9tiers (ERP, EDI, SIRH, CRM) est un plus.<\/p>\n\n\n\n<h2 class=\"wp-block-heading\">\ud83d\udcc4 Notre proposition<\/h2>\n\n\n\n<p>En rejoignant Quadram, vous int\u00e9grerez une \u00e9quipe dynamique et inspirante et travaillerez avec des personnes \u00e0 l\u2019esprit ouvert et constructif.<br>Pour vous accompagner dans vos d\u00e9buts chez Quadram, vous b\u00e9n\u00e9ficierez d\u2019une formation fonctionnelle aux diff\u00e9rents produits.<br>La r\u00e9mun\u00e9ration sera d\u00e9finie selon les comp\u00e9tences et l\u2019exp\u00e9rience professionnelle.<\/p>\n\n\n\n<div style=\"height:100px\" aria-hidden=\"true\" class=\"wp-block-spacer\"><\/div>\n","protected":false},"excerpt":{"rendered":"<p>D\u00e9veloppeur Windev \ud83c\udfaf La mission En tant que d\u00e9veloppeur Windev, vous serez rattach\u00e9 au chef de projet participerez au maintien et \u00e0 l\u2019am\u00e9lioration des logiciels existants ainsi que la conception de nouvelles fonctionnalit\u00e9s\/produits, principalement \u00e0 travers&nbsp;: Vous pourrez \u00e9galement \u00eatre amen\u00e9 \u00e0 assurer&nbsp;: \ud83c\udf93 Votre profil Vous aimez travailler en autonomie autant qu\u2019en \u00e9quipe,Vous \u00eatres&hellip;&nbsp;<a href=\"https:\/\/corporate.quadram.site\/?page_id=977\" class=\"\" rel=\"bookmark\">Lire la suite &raquo;<span class=\"screen-reader-text\">D\u00e9veloppeur Windev<\/span><\/a><\/p>\n","protected":false},"author":1,"featured_media":0,"parent":310,"menu_order":0,"comment_status":"closed","ping_status":"closed","template":"","meta":{"neve_meta_sidebar":"","neve_meta_container":"","neve_meta_enable_content_width":"","neve_meta_content_width":0,"neve_meta_title_alignment":"","neve_meta_author_avatar":"","neve_post_elements_order":"","neve_meta_disable_header":"","neve_meta_disable_footer":"","neve_meta_disable_title":"on","footnotes":""},"class_list":["post-977","page","type-page","status-publish","hentry"],"_links":{"self":[{"href":"https:\/\/corporate.quadram.site\/index.php?rest_route=\/wp\/v2\/pages\/977","targetHints":{"allow":["GET"]}}],"collection":[{"href":"https:\/\/corporate.quadram.site\/index.php?rest_route=\/wp\/v2\/pages"}],"about":[{"href":"https:\/\/corporate.quadram.site\/index.php?rest_route=\/wp\/v2\/types\/page"}],"author":[{"embeddable":true,"href":"https:\/\/corporate.quadram.site\/index.php?rest_route=\/wp\/v2\/users\/1"}],"replies":[{"embeddable":true,"href":"https:\/\/corporate.quadram.site\/index.php?rest_route=%2Fwp%2Fv2%2Fcomments&post=977"}],"version-history":[{"count":2,"href":"https:\/\/corporate.quadram.site\/index.php?rest_route=\/wp\/v2\/pages\/977\/revisions"}],"predecessor-version":[{"id":1865,"href":"https:\/\/corporate.quadram.site\/index.php?rest_route=\/wp\/v2\/pages\/977\/revisions\/1865"}],"up":[{"embeddable":true,"href":"https:\/\/corporate.quadram.site\/index.php?rest_route=\/wp\/v2\/pages\/310"}],"wp:attachment":[{"href":"https:\/\/corporate.quadram.site\/index.php?rest_route=%2Fwp%2Fv2%2Fmedia&parent=977"}],"curies":[{"name":"wp","href":"https:\/\/api.w.org\/{rel}","templated":true}]}}