{"id":998,"date":"2023-05-11T16:26:56","date_gmt":"2023-05-11T14:26:56","guid":{"rendered":"http:\/\/corporate.quadram.site\/master\/?page_id=998"},"modified":"2023-06-07T15:57:34","modified_gmt":"2023-06-07T13:57:34","slug":"ergoarchitecte-deutsch","status":"publish","type":"page","link":"https:\/\/corporate.quadram.site\/?page_id=998","title":{"rendered":"ErgoArchitecte"},"content":{"rendered":"\n<div style=\"height:50px\" aria-hidden=\"true\" class=\"wp-block-spacer\"><\/div>\n\n\n\n<div class=\"wp-block-columns is-layout-flex wp-container-core-columns-is-layout-9d6595d7 wp-block-columns-is-layout-flex\">\n<div class=\"wp-block-column is-layout-flow wp-block-column-is-layout-flow\"><div class=\"wp-block-image\">\n<figure class=\"aligncenter size-large is-resized\"><img loading=\"lazy\" decoding=\"async\" src=\"http:\/\/corporate.quadram.site\/master\/wp-content\/uploads\/2023\/05\/Cover-EA-droite-720x1024.png\" alt=\"Produit ErgoArchitecte\" class=\"wp-image-71\" width=\"250\" height=\"350\"\/><\/figure>\n<\/div><\/div>\n\n\n\n<div class=\"wp-block-column is-layout-flow wp-block-column-is-layout-flow\">\n<div style=\"height:25px\" aria-hidden=\"true\" class=\"wp-block-spacer\"><\/div>\n\n\n\n<div class=\"wp-block-group\"><div class=\"wp-block-group__inner-container is-layout-constrained wp-block-group-is-layout-constrained\">\n<figure class=\"wp-block-image size-full is-resized\"><img loading=\"lazy\" decoding=\"async\" src=\"http:\/\/corporate.quadram.site\/master\/wp-content\/uploads\/2023\/05\/Logo-EA.jpg\" alt=\"Logo Produit ErgoArchitecte\" class=\"wp-image-72\" width=\"490\" height=\"90\" srcset=\"https:\/\/corporate.quadram.site\/wp-content\/uploads\/2023\/05\/Logo-EA.jpg 979w, https:\/\/corporate.quadram.site\/wp-content\/uploads\/2023\/05\/Logo-EA-300x55.jpg 300w, https:\/\/corporate.quadram.site\/wp-content\/uploads\/2023\/05\/Logo-EA-768x141.jpg 768w\" sizes=\"auto, (max-width: 490px) 100vw, 490px\" \/><\/figure>\n\n\n\n<div style=\"height:25px\" aria-hidden=\"true\" class=\"wp-block-spacer\"><\/div>\n\n\n\n<p><strong>Mit <strong>Tausenden von installierten Lizenzen<\/strong>, ist ErgoArchitecte der Marktf\u00fchrer der Ausschreibungssoftware, die von vielen bedeutenden Verwaltungen in Luxemburg und Belgien wie auch von einer gro\u00dfen Zahl von renommierten Architekten- und Ingenieur-Firmen ausgew\u00e4hlt wurde.<\/strong><\/p>\n\n\n\n<p>Sie k\u00f6nnen damit Kostenvoranschl\u00e4ge berechnen, Ausschreibungen erstellen und herausgeben, Angebote vergleichen, Projekt-Ausf\u00fchrungen verfolgen wie nie zuvor !<\/p>\n<\/div><\/div>\n<\/div>\n<\/div>\n\n\n\n<div style=\"height:100px\" aria-hidden=\"true\" class=\"wp-block-spacer\"><\/div>\n\n\n\n<div class=\"wp-block-cover alignfull\" style=\"min-height:1500px;aspect-ratio:unset;\"><span aria-hidden=\"true\" class=\"wp-block-cover__background has-nv-light-bg-background-color has-background-dim-100 has-background-dim\"><\/span><div class=\"wp-block-cover__inner-container is-layout-flow wp-block-cover-is-layout-flow\">\n<div style=\"height:100px\" aria-hidden=\"true\" class=\"wp-block-spacer\"><\/div>\n\n\n\n<div class=\"wp-block-columns is-layout-flex wp-container-core-columns-is-layout-9d6595d7 wp-block-columns-is-layout-flex\">\n<div class=\"wp-block-column is-vertically-aligned-top is-layout-flow wp-block-column-is-layout-flow\">\n<h2 class=\"wp-block-heading has-neve-text-color-color has-text-color\">Beschreibung<\/h2>\n\n\n\n<p class=\"has-neve-text-color-color has-text-color\">Lassen Sie sich von dieser sehr anpassungsf\u00e4higen Software begeistern: Sie k\u00f6nnen Ihre Texte formatieren (Schriften, Textdarstellungen, usw.), Ihre Dokumente (LV, Kostensch\u00e4tzung, usw.) anpassen, Positionen und Texte zwischen Projekte kopieren, einf\u00fcgen und verschieben, in Excel-, Word-, GAEB-, CRTI-B-, XML- und nat\u00fcrlich ERGO-Format. Auch haben Sie die M\u00f6glichkeit Projekte und Kataloge zu importieren oder zu exportieren, externe Kataloge direkt zu benutzen (z. B. CRTI-B, Ponts &amp; Chauss\u00e9es, P&amp;T Luxemburg f\u00fcr Luxemburg), Preisentwicklungen zu verfolgen, Preisspiegel besser zu pr\u00fcfen usw.<\/p>\n\n\n\n<p class=\"has-neve-text-color-color has-text-color\">Ergo kennt keine internationalen Grenzen !<\/p>\n\n\n\n<ul class=\"has-neve-text-color-color has-text-color wp-block-list\">\n<li>Kompatibel mit Ausschreibungsverfahren in Luxemburg, Frankreich, Belgien und Deutschland (f\u00fcr andere L\u00e4nder, bitte, nachfragen).<\/li>\n\n\n\n<li>Mehrsprachig: per Mausklick zwischen Franz\u00f6sisch, Englisch, Deutsch und Niederl\u00e4ndisch wechseln.<\/li>\n\n\n\n<li>Texte und LVs in 2 Sprachen gleichzeitig verwalten und drucken (z.B. Franz\u00f6sisch \/ Niederl\u00e4ndisch).<\/li>\n\n\n\n<li>Import von Leistungstexte-Katalogen in GAEB- oder Datanorm-Format (Deutschland), komplette Integrierung von CCT-2022 (neue CCTB von Wallonie), RDB-RDG 904 und RW99 (Belgien) wie auch CRTIb, Ponts &amp; Chauss\u00e9es, P&amp;T Luxemburg, usw. (Luxemburg).<\/li>\n<\/ul>\n\n\n\n<p class=\"has-neve-text-color-color has-text-color\">Ergo ist eine komplette Software, leicht zu bedienen, flexibel und individuellen Bed\u00fcrfnissen und W\u00fcnschen leicht anzupassen. Es ist eine Software, die Ihnen fast alles erm\u00f6glicht, was Sie sich in diesem Bereich schon immer gew\u00fcnscht haben.<\/p>\n\n\n\n<h3 class=\"wp-block-heading has-neve-text-color-color has-text-color\">Interface<\/h3>\n\n\n\n<p class=\"has-neve-text-color-color has-text-color\">Interface de l&rsquo;application multi-lingue :&nbsp;fran\u00e7ais, anglais, allemand, n\u00e9erlandais.<\/p>\n\n\n\n<h3 class=\"wp-block-heading has-neve-text-color-color has-text-color\">Bim-ready<\/h3>\n\n\n\n<p class=\"has-neve-text-color-color has-text-color\">Connexion et interfa\u00e7age avec les maquettes BIM :<\/p>\n\n\n\n<ul class=\"has-neve-text-color-color has-text-color wp-block-list\">\n<li>Verbindung und Zugriff auf ein BIM-Modell<\/li>\n\n\n\n<li>LV-Erzeugung und Massen-Ermittlung Direkt aus dem BIM-Modell.<\/li>\n<\/ul>\n<\/div>\n\n\n\n<div class=\"wp-block-column is-vertically-aligned-top is-layout-flow wp-block-column-is-layout-flow\">\n<div style=\"height:73px\" aria-hidden=\"true\" class=\"wp-block-spacer\"><\/div>\n\n\n\n<h3 class=\"wp-block-heading has-neve-text-color-color has-text-color\">Einzelheiten<\/h3>\n\n\n\n<ul class=\"has-neve-text-color-color has-text-color wp-block-list\">\n<li>Leistungstexte-Kataloge und Preisen (vom Benutzer angelegt oder von GAEB-, Datanorm-, Excel- oder Word-Katalogen importiert. Komplette Integrierung der Kataloge von CRTIb, Ponts &amp; Chauss\u00e9es, P&amp;T Luxembourg,usw (Luxembourg), CCT-2022, RDB-RDG 904 et RW99 (Belgien), ATHENA (von Quadram herausgegeben).<\/li>\n\n\n\n<li>Erzeugung von Kostenvoranschlagen.<\/li>\n\n\n\n<li>Erzeugung von Leistungsverzeichnissen auf Papier oder in PDF und Excel Format in 2 Sprachen gleichzeitig (zB Franz\u00f6sisch \/ Deutsch).<\/li>\n\n\n\n<li>Pr\u00fcfung von Angeboten, Projektvergabe, Auftragserteilung.<\/li>\n\n\n\n<li>Projektabrechnung und komplette \u00dcbersicht von Kostenentwicklung.<\/li>\n\n\n\n<li>Speziell entwickeltes Modul f\u00fcr den Austausch von LVs und Angeboten \u00fcber gesicherte Computer-Formulare<\/li>\n\n\n\n<li>Import \/ Export von und nach Excel, Word, CRTIb, GAEB und, nat\u00fcrlich, Ergo.<\/li>\n\n\n\n<li>BIM-Schnitstelle: Erzeugung des LVs und Massen-Ermittlung.<\/li>\n\n\n\n<li>Vom Benutzer angepasste Dokumente (Leistungsverzeichnis, Kostenvoranschlag, usw)<\/li>\n\n\n\n<li>Alle Dokumente k\u00f6nnen auch in Excel oder PDF erzeugt werden.<\/li>\n\n\n\n<li>Verwaltung der Benutzerzugriffsrechte.<\/li>\n\n\n\n<li>Mehrsprachige Benutzeroberfl\u00e4che in Deutsch, Franz\u00f6sisch, English und Niederl\u00e4ndisch.<\/li>\n\n\n\n<li>Netzwerkf\u00e4hig mit gleichzeitigem Zugriff f\u00fcr alle Benutzer.<\/li>\n\n\n\n<li>Version Cloud in Verbindung mit einem Internet oder von au\u00dfen greifbarem LAN-Server.<\/li>\n\n\n\n<li>Anpassung nach Ma\u00df f\u00fcr spezifische Bed\u00fcrfnisse.<\/li>\n\n\n\n<li>Servicevertrag zur komplette Benutzerunterst\u00fctzung inklusiv Wartung vor Ort oder von Fern.<\/li>\n<\/ul>\n\n\n\n<h3 class=\"wp-block-heading has-neve-text-color-color has-text-color\">Technische Bedigungen<\/h3>\n\n\n\n<p class=\"has-neve-text-color-color has-text-color\">Ergo kann lokal auf dem PC oder als Netzwerk-Version auf ein Computer-Netzwerk installiert werden.<br>Ergo ist auch als Cloud-Version zu haben. Mit der Anwendung von Ergos SQL-Datenbank auf einem Internet Server k\u00f6nnen die Benutzer von \u00fcberall in der Welt arbeiten, auch im Offline-Modus.<\/p>\n\n\n\n<p class=\"has-neve-text-color-color has-text-color\">Es gibt 2 Lizenz-Typen von Ergo:<\/p>\n\n\n\n<ul class=\"has-neve-text-color-color has-text-color wp-block-list\">\n<li>Die tragbare Lizenz: Der Benutzer kann sie von PC zu PC mitnehmen.<\/li>\n\n\n\n<li>Die Netzwerk-Lizenz: Sie steht auf dem Netzwerk-Server f\u00fcr alle Benutzer zur Verf\u00fcgung.<\/li>\n<\/ul>\n\n\n\n<p class=\"has-neve-text-color-color has-text-color\">Ergo l\u00e4uft unter allen 32bit oder 64bit Windows-Versionen wie auch auf Mac Computern, die mit Parallels Desktop ausger\u00fcstet sind.<\/p>\n<\/div>\n<\/div>\n\n\n\n<div style=\"height:50px\" aria-hidden=\"true\" class=\"wp-block-spacer\"><\/div>\n<\/div><\/div>\n","protected":false},"excerpt":{"rendered":"<p>Mit Tausenden von installierten Lizenzen, ist ErgoArchitecte der Marktf\u00fchrer der Ausschreibungssoftware, die von vielen bedeutenden Verwaltungen in Luxemburg und Belgien wie auch von einer gro\u00dfen Zahl von renommierten Architekten- und Ingenieur-Firmen ausgew\u00e4hlt wurde. Sie k\u00f6nnen damit Kostenvoranschl\u00e4ge berechnen, Ausschreibungen erstellen und herausgeben, Angebote vergleichen, Projekt-Ausf\u00fchrungen verfolgen wie nie zuvor !<\/p>\n","protected":false},"author":1,"featured_media":0,"parent":0,"menu_order":0,"comment_status":"closed","ping_status":"closed","template":"","meta":{"neve_meta_sidebar":"default","neve_meta_container":"contained","neve_meta_enable_content_width":"on","neve_meta_content_width":100,"neve_meta_title_alignment":"left","neve_meta_author_avatar":"","neve_post_elements_order":"","neve_meta_disable_header":"off","neve_meta_disable_footer":"","neve_meta_disable_title":"on","footnotes":""},"class_list":["post-998","page","type-page","status-publish","hentry"],"_links":{"self":[{"href":"https:\/\/corporate.quadram.site\/index.php?rest_route=\/wp\/v2\/pages\/998","targetHints":{"allow":["GET"]}}],"collection":[{"href":"https:\/\/corporate.quadram.site\/index.php?rest_route=\/wp\/v2\/pages"}],"about":[{"href":"https:\/\/corporate.quadram.site\/index.php?rest_route=\/wp\/v2\/types\/page"}],"author":[{"embeddable":true,"href":"https:\/\/corporate.quadram.site\/index.php?rest_route=\/wp\/v2\/users\/1"}],"replies":[{"embeddable":true,"href":"https:\/\/corporate.quadram.site\/index.php?rest_route=%2Fwp%2Fv2%2Fcomments&post=998"}],"version-history":[{"count":17,"href":"https:\/\/corporate.quadram.site\/index.php?rest_route=\/wp\/v2\/pages\/998\/revisions"}],"predecessor-version":[{"id":2069,"href":"https:\/\/corporate.quadram.site\/index.php?rest_route=\/wp\/v2\/pages\/998\/revisions\/2069"}],"wp:attachment":[{"href":"https:\/\/corporate.quadram.site\/index.php?rest_route=%2Fwp%2Fv2%2Fmedia&parent=998"}],"curies":[{"name":"wp","href":"https:\/\/api.w.org\/{rel}","templated":true}]}}